{"id":8974,"date":"2020-04-20T16:51:09","date_gmt":"2020-04-20T16:51:09","guid":{"rendered":"https:\/\/www.travelatmorocco.com\/?page_id=8974"},"modified":"2020-04-20T16:51:09","modified_gmt":"2020-04-20T16:51:09","slug":"gerente-de-localizacion","status":"publish","type":"page","link":"https:\/\/www.travelatmorocco.com\/es\/gerente-de-localizacion\/","title":{"rendered":"Gerente de Localizaci\u00f3n"},"content":{"rendered":"<h5><span style=\"color: #ff6600;\">Gerente de Localizaci\u00f3n<\/span><\/h5>\n<p>Organizamos todos los alojamientos durante el viaje. os recogeremos en sus hoteles, desde los m\u00e1s b\u00e1sicos a los m\u00e1s lujosos, seg\u00fan sus preferencias o en cualquier lugar que hayamos acordado para encontrarnos con usted.<\/p>\n","protected":false},"excerpt":{"rendered":"<p>Gerente de Localizaci\u00f3n Organizamos todos los alojamientos durante el viaje. os recogeremos en sus hoteles, desde los m\u00e1s b\u00e1sicos a los m\u00e1s lujosos, seg\u00fan sus preferencias o en cualquier lugar que hayamos acordado para encontrarnos con usted.<\/p>\n","protected":false},"author":1,"featured_media":0,"parent":0,"menu_order":0,"comment_status":"closed","ping_status":"closed","template":"","meta":{"_monsterinsights_skip_tracking":false,"_monsterinsights_sitenote_active":false,"_monsterinsights_sitenote_note":"","_monsterinsights_sitenote_category":0,"footnotes":""},"class_list":["post-8974","page","type-page","status-publish"],"yoast_head":"<!-- This site is optimized with the Yoast SEO Premium plugin v19.0 (Yoast SEO v27.3) - https:\/\/yoast.com\/product\/yoast-seo-premium-wordpress\/ -->\n<title>Gerente de Localizaci\u00f3n - Travel At Morocco<\/title>\n<meta name=\"description\" content=\"Organizamos todos los alojamientos durante el viaje. os recogeremos en sus hoteles, desde los m\u00e1s b\u00e1sicos a los m\u00e1s lujosos, seg\u00fan sus preferencias\" \/>\n<meta name=\"robots\" content=\"index, follow, max-snippet:-1, max-image-preview:large, max-video-preview:-1\" \/>\n<link rel=\"canonical\" href=\"https:\/\/www.travelatmorocco.com\/es\/gerente-de-localizacion\/\" \/>\n<meta property=\"og:locale\" content=\"en_US\" \/>\n<meta property=\"og:type\" content=\"article\" \/>\n<meta property=\"og:title\" content=\"Gerente de Localizaci\u00f3n\" \/>\n<meta property=\"og:description\" content=\"Organizamos todos los alojamientos durante el viaje. os recogeremos en sus hoteles, desde los m\u00e1s b\u00e1sicos a los m\u00e1s lujosos, seg\u00fan sus preferencias\" \/>\n<meta property=\"og:url\" content=\"https:\/\/www.travelatmorocco.com\/es\/gerente-de-localizacion\/\" \/>\n<meta property=\"og:site_name\" content=\"Travel At Morocco\" \/>\n<meta property=\"og:image\" content=\"https:\/\/www.travelatmorocco.com\/es\/wp-content\/uploads\/2023\/12\/logo_footer.png\" \/>\n\t<meta property=\"og:image:width\" content=\"184\" \/>\n\t<meta property=\"og:image:height\" content=\"90\" \/>\n\t<meta property=\"og:image:type\" content=\"image\/png\" \/>\n<meta name=\"twitter:card\" content=\"summary_large_image\" \/>\n<script type=\"application\/ld+json\" class=\"yoast-schema-graph\">{\"@context\":\"https:\\\/\\\/schema.org\",\"@graph\":[{\"@type\":\"WebPage\",\"@id\":\"https:\\\/\\\/www.travelatmorocco.com\\\/es\\\/gerente-de-localizacion\\\/\",\"url\":\"https:\\\/\\\/www.travelatmorocco.com\\\/es\\\/gerente-de-localizacion\\\/\",\"name\":\"Gerente de Localizaci\u00f3n - Travel At Morocco\",\"isPartOf\":{\"@id\":\"https:\\\/\\\/www.travelatmorocco.com\\\/es\\\/#website\"},\"datePublished\":\"2020-04-20T16:51:09+00:00\",\"description\":\"Organizamos todos los alojamientos durante el viaje. os recogeremos en sus hoteles, desde los m\u00e1s b\u00e1sicos a los m\u00e1s lujosos, seg\u00fan sus preferencias\",\"breadcrumb\":{\"@id\":\"https:\\\/\\\/www.travelatmorocco.com\\\/es\\\/gerente-de-localizacion\\\/#breadcrumb\"},\"inLanguage\":\"en-US\",\"potentialAction\":[{\"@type\":\"ReadAction\",\"target\":[\"https:\\\/\\\/www.travelatmorocco.com\\\/es\\\/gerente-de-localizacion\\\/\"]}]},{\"@type\":\"BreadcrumbList\",\"@id\":\"https:\\\/\\\/www.travelatmorocco.com\\\/es\\\/gerente-de-localizacion\\\/#breadcrumb\",\"itemListElement\":[{\"@type\":\"ListItem\",\"position\":1,\"name\":\"Home\",\"item\":\"https:\\\/\\\/www.travelatmorocco.com\\\/es\\\/\"},{\"@type\":\"ListItem\",\"position\":2,\"name\":\"Gerente de Localizaci\u00f3n\"}]},{\"@type\":\"WebSite\",\"@id\":\"https:\\\/\\\/www.travelatmorocco.com\\\/es\\\/#website\",\"url\":\"https:\\\/\\\/www.travelatmorocco.com\\\/es\\\/\",\"name\":\"Travel At Morocco\",\"description\":\"Viajes Por Marruecos - Aventura en el desierto\",\"publisher\":{\"@id\":\"https:\\\/\\\/www.travelatmorocco.com\\\/es\\\/#organization\"},\"alternateName\":\"travelatmorocco.com\",\"potentialAction\":[{\"@type\":\"SearchAction\",\"target\":{\"@type\":\"EntryPoint\",\"urlTemplate\":\"https:\\\/\\\/www.travelatmorocco.com\\\/es\\\/?s={search_term_string}\"},\"query-input\":{\"@type\":\"PropertyValueSpecification\",\"valueRequired\":true,\"valueName\":\"search_term_string\"}}],\"inLanguage\":\"en-US\"},{\"@type\":\"Organization\",\"@id\":\"https:\\\/\\\/www.travelatmorocco.com\\\/es\\\/#organization\",\"name\":\"Travel At Morocco\",\"url\":\"https:\\\/\\\/www.travelatmorocco.com\\\/es\\\/\",\"logo\":{\"@type\":\"ImageObject\",\"inLanguage\":\"en-US\",\"@id\":\"https:\\\/\\\/www.travelatmorocco.com\\\/es\\\/#\\\/schema\\\/logo\\\/image\\\/\",\"url\":\"https:\\\/\\\/www.travelatmorocco.com\\\/es\\\/wp-content\\\/uploads\\\/2022\\\/02\\\/logo_footer.png\",\"contentUrl\":\"https:\\\/\\\/www.travelatmorocco.com\\\/es\\\/wp-content\\\/uploads\\\/2022\\\/02\\\/logo_footer.png\",\"width\":184,\"height\":90,\"caption\":\"Travel At Morocco\"},\"image\":{\"@id\":\"https:\\\/\\\/www.travelatmorocco.com\\\/es\\\/#\\\/schema\\\/logo\\\/image\\\/\"}}]}<\/script>\n<!-- \/ Yoast SEO Premium plugin. -->","yoast_head_json":{"title":"Gerente de Localizaci\u00f3n - Travel At Morocco","description":"Organizamos todos los alojamientos durante el viaje. os recogeremos en sus hoteles, desde los m\u00e1s b\u00e1sicos a los m\u00e1s lujosos, seg\u00fan sus preferencias","robots":{"index":"index","follow":"follow","max-snippet":"max-snippet:-1","max-image-preview":"max-image-preview:large","max-video-preview":"max-video-preview:-1"},"canonical":"https:\/\/www.travelatmorocco.com\/es\/gerente-de-localizacion\/","og_locale":"en_US","og_type":"article","og_title":"Gerente de Localizaci\u00f3n","og_description":"Organizamos todos los alojamientos durante el viaje. os recogeremos en sus hoteles, desde los m\u00e1s b\u00e1sicos a los m\u00e1s lujosos, seg\u00fan sus preferencias","og_url":"https:\/\/www.travelatmorocco.com\/es\/gerente-de-localizacion\/","og_site_name":"Travel At Morocco","og_image":[{"width":184,"height":90,"url":"https:\/\/www.travelatmorocco.com\/es\/wp-content\/uploads\/2023\/12\/logo_footer.png","type":"image\/png"}],"twitter_card":"summary_large_image","schema":{"@context":"https:\/\/schema.org","@graph":[{"@type":"WebPage","@id":"https:\/\/www.travelatmorocco.com\/es\/gerente-de-localizacion\/","url":"https:\/\/www.travelatmorocco.com\/es\/gerente-de-localizacion\/","name":"Gerente de Localizaci\u00f3n - Travel At Morocco","isPartOf":{"@id":"https:\/\/www.travelatmorocco.com\/es\/#website"},"datePublished":"2020-04-20T16:51:09+00:00","description":"Organizamos todos los alojamientos durante el viaje. os recogeremos en sus hoteles, desde los m\u00e1s b\u00e1sicos a los m\u00e1s lujosos, seg\u00fan sus preferencias","breadcrumb":{"@id":"https:\/\/www.travelatmorocco.com\/es\/gerente-de-localizacion\/#breadcrumb"},"inLanguage":"en-US","potentialAction":[{"@type":"ReadAction","target":["https:\/\/www.travelatmorocco.com\/es\/gerente-de-localizacion\/"]}]},{"@type":"BreadcrumbList","@id":"https:\/\/www.travelatmorocco.com\/es\/gerente-de-localizacion\/#breadcrumb","itemListElement":[{"@type":"ListItem","position":1,"name":"Home","item":"https:\/\/www.travelatmorocco.com\/es\/"},{"@type":"ListItem","position":2,"name":"Gerente de Localizaci\u00f3n"}]},{"@type":"WebSite","@id":"https:\/\/www.travelatmorocco.com\/es\/#website","url":"https:\/\/www.travelatmorocco.com\/es\/","name":"Travel At Morocco","description":"Viajes Por Marruecos - Aventura en el desierto","publisher":{"@id":"https:\/\/www.travelatmorocco.com\/es\/#organization"},"alternateName":"travelatmorocco.com","potentialAction":[{"@type":"SearchAction","target":{"@type":"EntryPoint","urlTemplate":"https:\/\/www.travelatmorocco.com\/es\/?s={search_term_string}"},"query-input":{"@type":"PropertyValueSpecification","valueRequired":true,"valueName":"search_term_string"}}],"inLanguage":"en-US"},{"@type":"Organization","@id":"https:\/\/www.travelatmorocco.com\/es\/#organization","name":"Travel At Morocco","url":"https:\/\/www.travelatmorocco.com\/es\/","logo":{"@type":"ImageObject","inLanguage":"en-US","@id":"https:\/\/www.travelatmorocco.com\/es\/#\/schema\/logo\/image\/","url":"https:\/\/www.travelatmorocco.com\/es\/wp-content\/uploads\/2022\/02\/logo_footer.png","contentUrl":"https:\/\/www.travelatmorocco.com\/es\/wp-content\/uploads\/2022\/02\/logo_footer.png","width":184,"height":90,"caption":"Travel At Morocco"},"image":{"@id":"https:\/\/www.travelatmorocco.com\/es\/#\/schema\/logo\/image\/"}}]}},"_links":{"self":[{"href":"https:\/\/www.travelatmorocco.com\/es\/wp-json\/wp\/v2\/pages\/8974","targetHints":{"allow":["GET"]}}],"collection":[{"href":"https:\/\/www.travelatmorocco.com\/es\/wp-json\/wp\/v2\/pages"}],"about":[{"href":"https:\/\/www.travelatmorocco.com\/es\/wp-json\/wp\/v2\/types\/page"}],"author":[{"embeddable":true,"href":"https:\/\/www.travelatmorocco.com\/es\/wp-json\/wp\/v2\/users\/1"}],"replies":[{"embeddable":true,"href":"https:\/\/www.travelatmorocco.com\/es\/wp-json\/wp\/v2\/comments?post=8974"}],"version-history":[{"count":0,"href":"https:\/\/www.travelatmorocco.com\/es\/wp-json\/wp\/v2\/pages\/8974\/revisions"}],"wp:attachment":[{"href":"https:\/\/www.travelatmorocco.com\/es\/wp-json\/wp\/v2\/media?parent=8974"}],"curies":[{"name":"wp","href":"https:\/\/api.w.org\/{rel}","templated":true}]}}