{"id":8955,"date":"2020-04-20T16:15:15","date_gmt":"2020-04-20T16:15:15","guid":{"rendered":"https:\/\/www.travelatmorocco.com\/?page_id=8955"},"modified":"2024-02-29T11:11:32","modified_gmt":"2024-02-29T11:11:32","slug":"guia-y-conductor-privado","status":"publish","type":"page","link":"https:\/\/www.travelatmorocco.com\/es\/guia-y-conductor-privado\/","title":{"rendered":"Gu\u00eda y Conductor privado"},"content":{"rendered":"\t\t<div data-elementor-type=\"wp-page\" data-elementor-id=\"8955\" class=\"elementor elementor-8955\">\n\t\t\t\t\t\t<section class=\"elementor-section elementor-top-section elementor-element elementor-element-2b6f0766 elementor-section-boxed elementor-section-height-default elementor-section-height-default\" data-id=\"2b6f0766\" data-element_type=\"section\" data-e-type=\"section\">\n\t\t\t\t\t\t<div class=\"elementor-container elementor-column-gap-default\">\n\t\t\t\t\t<div class=\"elementor-column elementor-col-100 elementor-top-column elementor-element elementor-element-41837314\" data-id=\"41837314\" data-element_type=\"column\" data-e-type=\"column\">\n\t\t\t<div class=\"elementor-widget-wrap elementor-element-populated\">\n\t\t\t\t\t\t<div class=\"elementor-element elementor-element-11246073 elementor-widget elementor-widget-text-editor\" data-id=\"11246073\" data-element_type=\"widget\" data-e-type=\"widget\" data-widget_type=\"text-editor.default\">\n\t\t\t\t<div class=\"elementor-widget-container\">\n\t\t\t\t\t\t\t\t\t<h5><strong>Travel At Morocco<\/strong> ofrece conductor y gu\u00eda profesional, multiling\u00fce para viajar c\u00f3modamente por Marruecos con un veh\u00edculo privado, minib\u00fas, 4\u00d74.<\/h5><h5><span style=\"color: #ff6600;\">Gu\u00eda privado:<\/span><\/h5><p>Ofrecemos un gu\u00eda privado tur\u00edstico profesional con licencia para viajar con usted. \u00c9l ayuda con el idioma y <a href=\"https:\/\/ast.wikipedia.org\/wiki\/Bereberes\">la cultura<\/a>, se ocupa de los detalles y se asegura de que su viaje sea seguro y c\u00f3modo. &#8220;<a href=\"https:\/\/www.travelatmorocco.com\/\">Travel at Morocco<\/a>&#8221;\u00a0 ofrece gu\u00edas locales con gran conocimiento de la historia, culturas y tradiciones de la zona.<\/p><h5><span style=\"color: #ff6600;\">Conductor privado:<\/span><\/h5><p>Ofrecemos un conductor profesional que har\u00e1 que sus vacaciones sean divertidas y relajantes. En lugar de alquilar un coche y estresarse con el descubrimiento de rutas de viaje, etc., puede sentarse y dejar que el conductor le lleve a su destino. Vale la pena tener en cuenta que las carreteras marroqu\u00edes son diferentes a las de otros pa\u00edses. A menos que seas un conductor extremadamente capaz, algunas de las carreteras remotas pueden ser dif\u00edciles de recorrer. A algunas personas les encanta conducir en el extranjero y ir a sus aventuras sin un conductor contratado. Si este eres t\u00fa, alquilar un coche puede ser una buena opci\u00f3n. Le recomendamos que se ponga en contacto con una agencia de alquiler de coches de buena reputaci\u00f3n. Pero si prefiere tener apoyo local, entonces contratar un conductor ser\u00e1 una mejor opci\u00f3n para usted.<\/p>\t\t\t\t\t\t\t\t<\/div>\n\t\t\t\t<\/div>\n\t\t\t\t\t<\/div>\n\t\t<\/div>\n\t\t\t\t\t<\/div>\n\t\t<\/section>\n\t\t\t\t<section class=\"elementor-section elementor-top-section elementor-element elementor-element-99c3632 elementor-section-boxed elementor-section-height-default elementor-section-height-default\" data-id=\"99c3632\" data-element_type=\"section\" data-e-type=\"section\">\n\t\t\t\t\t\t<div class=\"elementor-container elementor-column-gap-default\">\n\t\t\t\t\t<div class=\"elementor-column elementor-col-33 elementor-top-column elementor-element elementor-element-2fbc2eb\" data-id=\"2fbc2eb\" data-element_type=\"column\" data-e-type=\"column\">\n\t\t\t<div class=\"elementor-widget-wrap elementor-element-populated\">\n\t\t\t\t\t\t<div class=\"elementor-element elementor-element-4162fa5 elementor-widget elementor-widget-image\" data-id=\"4162fa5\" data-element_type=\"widget\" data-e-type=\"widget\" data-widget_type=\"image.default\">\n\t\t\t\t<div class=\"elementor-widget-container\">\n\t\t\t\t\t\t\t\t\t\t\t\t\t\t\t<img fetchpriority=\"high\" decoding=\"async\" width=\"384\" height=\"512\" src=\"https:\/\/www.travelatmorocco.com\/es\/wp-content\/uploads\/2024\/02\/Guia-y-Conductor-privado-en-Marruecos-1-1.jpeg\" class=\"attachment-large size-large wp-image-12216\" alt=\"Gu\u00eda y Conductor privado en Marruecos\" srcset=\"https:\/\/www.travelatmorocco.com\/es\/wp-content\/uploads\/2024\/02\/Guia-y-Conductor-privado-en-Marruecos-1-1.jpeg 384w, https:\/\/www.travelatmorocco.com\/es\/wp-content\/uploads\/2024\/02\/Guia-y-Conductor-privado-en-Marruecos-1-1-225x300.jpeg 225w\" sizes=\"(max-width: 384px) 100vw, 384px\" \/>\t\t\t\t\t\t\t\t\t\t\t\t\t\t\t<\/div>\n\t\t\t\t<\/div>\n\t\t\t\t\t<\/div>\n\t\t<\/div>\n\t\t\t\t<div class=\"elementor-column elementor-col-33 elementor-top-column elementor-element elementor-element-0cd5bdf\" data-id=\"0cd5bdf\" data-element_type=\"column\" data-e-type=\"column\">\n\t\t\t<div class=\"elementor-widget-wrap elementor-element-populated\">\n\t\t\t\t\t\t<div class=\"elementor-element elementor-element-2d1c951 elementor-widget elementor-widget-image\" data-id=\"2d1c951\" data-element_type=\"widget\" data-e-type=\"widget\" data-widget_type=\"image.default\">\n\t\t\t\t<div class=\"elementor-widget-container\">\n\t\t\t\t\t\t\t\t\t\t\t\t\t\t\t<img decoding=\"async\" width=\"576\" height=\"989\" src=\"https:\/\/www.travelatmorocco.com\/es\/wp-content\/uploads\/2024\/02\/Guia-y-Conductor-privado-en-Marruecos1.jpeg\" class=\"attachment-large size-large wp-image-12218\" alt=\"Gu\u00eda y Conductor privado en Marruecos\" srcset=\"https:\/\/www.travelatmorocco.com\/es\/wp-content\/uploads\/2024\/02\/Guia-y-Conductor-privado-en-Marruecos1.jpeg 576w, https:\/\/www.travelatmorocco.com\/es\/wp-content\/uploads\/2024\/02\/Guia-y-Conductor-privado-en-Marruecos1-175x300.jpeg 175w\" sizes=\"(max-width: 576px) 100vw, 576px\" \/>\t\t\t\t\t\t\t\t\t\t\t\t\t\t\t<\/div>\n\t\t\t\t<\/div>\n\t\t\t\t\t<\/div>\n\t\t<\/div>\n\t\t\t\t<div class=\"elementor-column elementor-col-33 elementor-top-column elementor-element elementor-element-d5a894c\" data-id=\"d5a894c\" data-element_type=\"column\" data-e-type=\"column\">\n\t\t\t<div class=\"elementor-widget-wrap elementor-element-populated\">\n\t\t\t\t\t\t<div class=\"elementor-element elementor-element-84a1076 elementor-widget elementor-widget-image\" data-id=\"84a1076\" data-element_type=\"widget\" data-e-type=\"widget\" data-widget_type=\"image.default\">\n\t\t\t\t<div class=\"elementor-widget-container\">\n\t\t\t\t\t\t\t\t\t\t\t\t\t\t\t<img decoding=\"async\" width=\"480\" height=\"640\" src=\"https:\/\/www.travelatmorocco.com\/es\/wp-content\/uploads\/2024\/02\/Guia-y-Conductor-privado-en-Marruecos-3.jpeg\" class=\"attachment-large size-large wp-image-12217\" alt=\"Gu\u00eda y Conductor privado en Marruecos\" srcset=\"https:\/\/www.travelatmorocco.com\/es\/wp-content\/uploads\/2024\/02\/Guia-y-Conductor-privado-en-Marruecos-3.jpeg 480w, https:\/\/www.travelatmorocco.com\/es\/wp-content\/uploads\/2024\/02\/Guia-y-Conductor-privado-en-Marruecos-3-225x300.jpeg 225w\" sizes=\"(max-width: 480px) 100vw, 480px\" \/>\t\t\t\t\t\t\t\t\t\t\t\t\t\t\t<\/div>\n\t\t\t\t<\/div>\n\t\t\t\t\t<\/div>\n\t\t<\/div>\n\t\t\t\t\t<\/div>\n\t\t<\/section>\n\t\t\t\t<\/div>\n\t\t","protected":false},"excerpt":{"rendered":"<p>Travel At Morocco ofrece conductor y gu\u00eda profesional, multiling\u00fce para viajar c\u00f3modamente por Marruecos con un veh\u00edculo privado, minib\u00fas, 4\u00d74. Gu\u00eda privado: Ofrecemos un gu\u00eda privado tur\u00edstico profesional con licencia para viajar con usted. \u00c9l ayuda con el idioma y la cultura, se ocupa de los detalles y se asegura de que su viaje sea &#8230; <a title=\"Gu\u00eda y Conductor privado\" class=\"read-more\" href=\"https:\/\/www.travelatmorocco.com\/es\/guia-y-conductor-privado\/\" aria-label=\"Read more about Gu\u00eda y Conductor privado\">Read more<\/a><\/p>\n","protected":false},"author":1,"featured_media":12212,"parent":0,"menu_order":0,"comment_status":"closed","ping_status":"closed","template":"","meta":{"_monsterinsights_skip_tracking":false,"_monsterinsights_sitenote_active":false,"_monsterinsights_sitenote_note":"","_monsterinsights_sitenote_category":0,"footnotes":""},"class_list":["post-8955","page","type-page","status-publish","has-post-thumbnail"],"yoast_head":"<!-- This site is optimized with the Yoast SEO Premium plugin v19.0 (Yoast SEO v27.3) - https:\/\/yoast.com\/product\/yoast-seo-premium-wordpress\/ -->\n<title>Gu\u00eda y Conductor privado en Marruecos - Travel At Morocco<\/title>\n<meta name=\"description\" content=\"Ofrecemos un gu\u00eda privado tur\u00edstico profesional con licencia para viajar con usted. \u00c9l ayuda con el idioma y la cultura, se ocupa de los detalles\" \/>\n<meta name=\"robots\" content=\"index, follow, max-snippet:-1, max-image-preview:large, max-video-preview:-1\" \/>\n<link rel=\"canonical\" href=\"https:\/\/www.travelatmorocco.com\/es\/guia-y-conductor-privado\/\" \/>\n<meta property=\"og:locale\" content=\"en_US\" \/>\n<meta property=\"og:type\" content=\"article\" \/>\n<meta property=\"og:title\" content=\"Gu\u00eda y Conductor privado\" \/>\n<meta property=\"og:description\" content=\"Ofrecemos un gu\u00eda privado tur\u00edstico profesional con licencia para viajar con usted. \u00c9l ayuda con el idioma y la cultura, se ocupa de los detalles\" \/>\n<meta property=\"og:url\" content=\"https:\/\/www.travelatmorocco.com\/es\/guia-y-conductor-privado\/\" \/>\n<meta property=\"og:site_name\" content=\"Travel At Morocco\" \/>\n<meta property=\"article:modified_time\" content=\"2024-02-29T11:11:32+00:00\" \/>\n<meta property=\"og:image\" content=\"https:\/\/www.travelatmorocco.com\/es\/wp-content\/uploads\/2024\/02\/Guia-y-Conductor-privado-en-Marruecos.jpeg\" \/>\n\t<meta property=\"og:image:width\" content=\"1200\" \/>\n\t<meta property=\"og:image:height\" content=\"499\" \/>\n\t<meta property=\"og:image:type\" content=\"image\/jpeg\" \/>\n<meta name=\"twitter:card\" content=\"summary_large_image\" \/>\n<meta name=\"twitter:label1\" content=\"Est. reading time\" \/>\n\t<meta name=\"twitter:data1\" content=\"2 minutes\" \/>\n<script type=\"application\/ld+json\" class=\"yoast-schema-graph\">{\"@context\":\"https:\\\/\\\/schema.org\",\"@graph\":[{\"@type\":\"WebPage\",\"@id\":\"https:\\\/\\\/www.travelatmorocco.com\\\/es\\\/guia-y-conductor-privado\\\/\",\"url\":\"https:\\\/\\\/www.travelatmorocco.com\\\/es\\\/guia-y-conductor-privado\\\/\",\"name\":\"Gu\u00eda y Conductor privado en Marruecos - Travel At Morocco\",\"isPartOf\":{\"@id\":\"https:\\\/\\\/www.travelatmorocco.com\\\/es\\\/#website\"},\"primaryImageOfPage\":{\"@id\":\"https:\\\/\\\/www.travelatmorocco.com\\\/es\\\/guia-y-conductor-privado\\\/#primaryimage\"},\"image\":{\"@id\":\"https:\\\/\\\/www.travelatmorocco.com\\\/es\\\/guia-y-conductor-privado\\\/#primaryimage\"},\"thumbnailUrl\":\"https:\\\/\\\/www.travelatmorocco.com\\\/es\\\/wp-content\\\/uploads\\\/2024\\\/02\\\/Guia-y-Conductor-privado-en-Marruecos.jpeg\",\"datePublished\":\"2020-04-20T16:15:15+00:00\",\"dateModified\":\"2024-02-29T11:11:32+00:00\",\"description\":\"Ofrecemos un gu\u00eda privado tur\u00edstico profesional con licencia para viajar con usted. \u00c9l ayuda con el idioma y la cultura, se ocupa de los detalles\",\"breadcrumb\":{\"@id\":\"https:\\\/\\\/www.travelatmorocco.com\\\/es\\\/guia-y-conductor-privado\\\/#breadcrumb\"},\"inLanguage\":\"en-US\",\"potentialAction\":[{\"@type\":\"ReadAction\",\"target\":[\"https:\\\/\\\/www.travelatmorocco.com\\\/es\\\/guia-y-conductor-privado\\\/\"]}]},{\"@type\":\"ImageObject\",\"inLanguage\":\"en-US\",\"@id\":\"https:\\\/\\\/www.travelatmorocco.com\\\/es\\\/guia-y-conductor-privado\\\/#primaryimage\",\"url\":\"https:\\\/\\\/www.travelatmorocco.com\\\/es\\\/wp-content\\\/uploads\\\/2024\\\/02\\\/Guia-y-Conductor-privado-en-Marruecos.jpeg\",\"contentUrl\":\"https:\\\/\\\/www.travelatmorocco.com\\\/es\\\/wp-content\\\/uploads\\\/2024\\\/02\\\/Guia-y-Conductor-privado-en-Marruecos.jpeg\",\"width\":1200,\"height\":499,\"caption\":\"Gu\u00eda y Conductor privado en Marruecos\"},{\"@type\":\"BreadcrumbList\",\"@id\":\"https:\\\/\\\/www.travelatmorocco.com\\\/es\\\/guia-y-conductor-privado\\\/#breadcrumb\",\"itemListElement\":[{\"@type\":\"ListItem\",\"position\":1,\"name\":\"Home\",\"item\":\"https:\\\/\\\/www.travelatmorocco.com\\\/es\\\/\"},{\"@type\":\"ListItem\",\"position\":2,\"name\":\"Gu\u00eda y Conductor privado\"}]},{\"@type\":\"WebSite\",\"@id\":\"https:\\\/\\\/www.travelatmorocco.com\\\/es\\\/#website\",\"url\":\"https:\\\/\\\/www.travelatmorocco.com\\\/es\\\/\",\"name\":\"Travel At Morocco\",\"description\":\"Viajes Por Marruecos - Aventura en el desierto\",\"publisher\":{\"@id\":\"https:\\\/\\\/www.travelatmorocco.com\\\/es\\\/#organization\"},\"alternateName\":\"travelatmorocco.com\",\"potentialAction\":[{\"@type\":\"SearchAction\",\"target\":{\"@type\":\"EntryPoint\",\"urlTemplate\":\"https:\\\/\\\/www.travelatmorocco.com\\\/es\\\/?s={search_term_string}\"},\"query-input\":{\"@type\":\"PropertyValueSpecification\",\"valueRequired\":true,\"valueName\":\"search_term_string\"}}],\"inLanguage\":\"en-US\"},{\"@type\":\"Organization\",\"@id\":\"https:\\\/\\\/www.travelatmorocco.com\\\/es\\\/#organization\",\"name\":\"Travel At Morocco\",\"url\":\"https:\\\/\\\/www.travelatmorocco.com\\\/es\\\/\",\"logo\":{\"@type\":\"ImageObject\",\"inLanguage\":\"en-US\",\"@id\":\"https:\\\/\\\/www.travelatmorocco.com\\\/es\\\/#\\\/schema\\\/logo\\\/image\\\/\",\"url\":\"https:\\\/\\\/www.travelatmorocco.com\\\/es\\\/wp-content\\\/uploads\\\/2022\\\/02\\\/logo_footer.png\",\"contentUrl\":\"https:\\\/\\\/www.travelatmorocco.com\\\/es\\\/wp-content\\\/uploads\\\/2022\\\/02\\\/logo_footer.png\",\"width\":184,\"height\":90,\"caption\":\"Travel At Morocco\"},\"image\":{\"@id\":\"https:\\\/\\\/www.travelatmorocco.com\\\/es\\\/#\\\/schema\\\/logo\\\/image\\\/\"}}]}<\/script>\n<!-- \/ Yoast SEO Premium plugin. -->","yoast_head_json":{"title":"Gu\u00eda y Conductor privado en Marruecos - Travel At Morocco","description":"Ofrecemos un gu\u00eda privado tur\u00edstico profesional con licencia para viajar con usted. \u00c9l ayuda con el idioma y la cultura, se ocupa de los detalles","robots":{"index":"index","follow":"follow","max-snippet":"max-snippet:-1","max-image-preview":"max-image-preview:large","max-video-preview":"max-video-preview:-1"},"canonical":"https:\/\/www.travelatmorocco.com\/es\/guia-y-conductor-privado\/","og_locale":"en_US","og_type":"article","og_title":"Gu\u00eda y Conductor privado","og_description":"Ofrecemos un gu\u00eda privado tur\u00edstico profesional con licencia para viajar con usted. \u00c9l ayuda con el idioma y la cultura, se ocupa de los detalles","og_url":"https:\/\/www.travelatmorocco.com\/es\/guia-y-conductor-privado\/","og_site_name":"Travel At Morocco","article_modified_time":"2024-02-29T11:11:32+00:00","og_image":[{"width":1200,"height":499,"url":"https:\/\/www.travelatmorocco.com\/es\/wp-content\/uploads\/2024\/02\/Guia-y-Conductor-privado-en-Marruecos.jpeg","type":"image\/jpeg"}],"twitter_card":"summary_large_image","twitter_misc":{"Est. reading time":"2 minutes"},"schema":{"@context":"https:\/\/schema.org","@graph":[{"@type":"WebPage","@id":"https:\/\/www.travelatmorocco.com\/es\/guia-y-conductor-privado\/","url":"https:\/\/www.travelatmorocco.com\/es\/guia-y-conductor-privado\/","name":"Gu\u00eda y Conductor privado en Marruecos - Travel At Morocco","isPartOf":{"@id":"https:\/\/www.travelatmorocco.com\/es\/#website"},"primaryImageOfPage":{"@id":"https:\/\/www.travelatmorocco.com\/es\/guia-y-conductor-privado\/#primaryimage"},"image":{"@id":"https:\/\/www.travelatmorocco.com\/es\/guia-y-conductor-privado\/#primaryimage"},"thumbnailUrl":"https:\/\/www.travelatmorocco.com\/es\/wp-content\/uploads\/2024\/02\/Guia-y-Conductor-privado-en-Marruecos.jpeg","datePublished":"2020-04-20T16:15:15+00:00","dateModified":"2024-02-29T11:11:32+00:00","description":"Ofrecemos un gu\u00eda privado tur\u00edstico profesional con licencia para viajar con usted. \u00c9l ayuda con el idioma y la cultura, se ocupa de los detalles","breadcrumb":{"@id":"https:\/\/www.travelatmorocco.com\/es\/guia-y-conductor-privado\/#breadcrumb"},"inLanguage":"en-US","potentialAction":[{"@type":"ReadAction","target":["https:\/\/www.travelatmorocco.com\/es\/guia-y-conductor-privado\/"]}]},{"@type":"ImageObject","inLanguage":"en-US","@id":"https:\/\/www.travelatmorocco.com\/es\/guia-y-conductor-privado\/#primaryimage","url":"https:\/\/www.travelatmorocco.com\/es\/wp-content\/uploads\/2024\/02\/Guia-y-Conductor-privado-en-Marruecos.jpeg","contentUrl":"https:\/\/www.travelatmorocco.com\/es\/wp-content\/uploads\/2024\/02\/Guia-y-Conductor-privado-en-Marruecos.jpeg","width":1200,"height":499,"caption":"Gu\u00eda y Conductor privado en Marruecos"},{"@type":"BreadcrumbList","@id":"https:\/\/www.travelatmorocco.com\/es\/guia-y-conductor-privado\/#breadcrumb","itemListElement":[{"@type":"ListItem","position":1,"name":"Home","item":"https:\/\/www.travelatmorocco.com\/es\/"},{"@type":"ListItem","position":2,"name":"Gu\u00eda y Conductor privado"}]},{"@type":"WebSite","@id":"https:\/\/www.travelatmorocco.com\/es\/#website","url":"https:\/\/www.travelatmorocco.com\/es\/","name":"Travel At Morocco","description":"Viajes Por Marruecos - Aventura en el desierto","publisher":{"@id":"https:\/\/www.travelatmorocco.com\/es\/#organization"},"alternateName":"travelatmorocco.com","potentialAction":[{"@type":"SearchAction","target":{"@type":"EntryPoint","urlTemplate":"https:\/\/www.travelatmorocco.com\/es\/?s={search_term_string}"},"query-input":{"@type":"PropertyValueSpecification","valueRequired":true,"valueName":"search_term_string"}}],"inLanguage":"en-US"},{"@type":"Organization","@id":"https:\/\/www.travelatmorocco.com\/es\/#organization","name":"Travel At Morocco","url":"https:\/\/www.travelatmorocco.com\/es\/","logo":{"@type":"ImageObject","inLanguage":"en-US","@id":"https:\/\/www.travelatmorocco.com\/es\/#\/schema\/logo\/image\/","url":"https:\/\/www.travelatmorocco.com\/es\/wp-content\/uploads\/2022\/02\/logo_footer.png","contentUrl":"https:\/\/www.travelatmorocco.com\/es\/wp-content\/uploads\/2022\/02\/logo_footer.png","width":184,"height":90,"caption":"Travel At Morocco"},"image":{"@id":"https:\/\/www.travelatmorocco.com\/es\/#\/schema\/logo\/image\/"}}]}},"_links":{"self":[{"href":"https:\/\/www.travelatmorocco.com\/es\/wp-json\/wp\/v2\/pages\/8955","targetHints":{"allow":["GET"]}}],"collection":[{"href":"https:\/\/www.travelatmorocco.com\/es\/wp-json\/wp\/v2\/pages"}],"about":[{"href":"https:\/\/www.travelatmorocco.com\/es\/wp-json\/wp\/v2\/types\/page"}],"author":[{"embeddable":true,"href":"https:\/\/www.travelatmorocco.com\/es\/wp-json\/wp\/v2\/users\/1"}],"replies":[{"embeddable":true,"href":"https:\/\/www.travelatmorocco.com\/es\/wp-json\/wp\/v2\/comments?post=8955"}],"version-history":[{"count":7,"href":"https:\/\/www.travelatmorocco.com\/es\/wp-json\/wp\/v2\/pages\/8955\/revisions"}],"predecessor-version":[{"id":12224,"href":"https:\/\/www.travelatmorocco.com\/es\/wp-json\/wp\/v2\/pages\/8955\/revisions\/12224"}],"wp:featuredmedia":[{"embeddable":true,"href":"https:\/\/www.travelatmorocco.com\/es\/wp-json\/wp\/v2\/media\/12212"}],"wp:attachment":[{"href":"https:\/\/www.travelatmorocco.com\/es\/wp-json\/wp\/v2\/media?parent=8955"}],"curies":[{"name":"wp","href":"https:\/\/api.w.org\/{rel}","templated":true}]}}