{"id":8908,"date":"2023-03-26T22:59:19","date_gmt":"2023-03-26T22:59:19","guid":{"rendered":"https:\/\/www.travelatmorocco.com\/?page_id=8908"},"modified":"2024-03-13T21:32:52","modified_gmt":"2024-03-13T21:32:52","slug":"destinos-y-atracciones","status":"publish","type":"page","link":"https:\/\/www.travelatmorocco.com\/es\/destinos-y-atracciones\/","title":{"rendered":"Destinos y Atracciones"},"content":{"rendered":"\t\t<div data-elementor-type=\"wp-page\" data-elementor-id=\"8908\" class=\"elementor elementor-8908\">\n\t\t\t\t\t\t<section class=\"elementor-section elementor-top-section elementor-element elementor-element-49aeb983 elementor-section-boxed elementor-section-height-default elementor-section-height-default\" data-id=\"49aeb983\" data-element_type=\"section\" data-e-type=\"section\">\n\t\t\t\t\t\t<div class=\"elementor-container elementor-column-gap-default\">\n\t\t\t\t\t<div class=\"elementor-column elementor-col-100 elementor-top-column elementor-element elementor-element-78d181fe\" data-id=\"78d181fe\" data-element_type=\"column\" data-e-type=\"column\">\n\t\t\t<div class=\"elementor-widget-wrap elementor-element-populated\">\n\t\t\t\t\t\t<div class=\"elementor-element elementor-element-51bb1484 elementor-widget elementor-widget-text-editor\" data-id=\"51bb1484\" data-element_type=\"widget\" data-e-type=\"widget\" data-widget_type=\"text-editor.default\">\n\t\t\t\t<div class=\"elementor-widget-container\">\n\t\t\t\t\t\t\t\t\t<p><span style=\"background-color: var(--base-3); color: var(--contrast);\">Destinos y Atracciones de Marruecos son unos lugares inolvidables que son a la vez fascinantes de visitar y intrigantes de explorar. Para aquellos que quieran sumergirse en la cultura y historia de <\/span><a style=\"background-color: var(--base-3);\" href=\"https:\/\/www.travelatmorocco.com\/sobre-marruecos\/?lang=es\">Marruecos<\/a><span style=\"background-color: var(--base-3); color: var(--contrast);\">, hay cientos de mezquitas, palacios y sitios hist\u00f3ricos para visitar.<\/span><\/p><h5 class=\"entry-title\"><span style=\"color: #ff6600;\">Aqu\u00ed tienes algunos destinos y atracciones destacadas en Marruecos:<\/span><\/h5><h5>Marrakech:<\/h5><p>Conocida como la &#8220;Ciudad Roja&#8221;, Marrakech es famosa por su bullicioso zoco, la plaza Djemaa el Fna, y los impresionantes Jardines Majorelle. Explora los laberintos de la medina, visita los palacios hist\u00f3ricos como el <a href=\"https:\/\/es.wikipedia.org\/wiki\/Palacio_de_la_Bah%C3%ADa\">Palacio de Bah\u00eda <\/a>y disfruta de la arquitectura de la Madraza de Ben Youssef.<\/p><h5>Fez:<\/h5><p>Esta ciudad imperial es famosa por su bien conservada medina medieval, declarada Patrimonio de la Humanidad por la UNESCO. Explora los callejones estrechos, visita la Universidad de Al-Qarawiyyin (la m\u00e1s antigua del mundo) y marav\u00edllate con la puerta Bab Boujloud y la mezquita de Bou Inania.<\/p><h5>Chefchaouen:<\/h5><p><span style=\"background-color: var(--base-3); color: var(--contrast);\">Conocida como la &#8220;Ciudad Azul&#8221;, Chefchaouen es famosa por sus casas pintadas de azul y blanco. Explora sus calles encantadoras, visita la Kasbah y disfruta de las vistas panor\u00e1micas desde la Mezquita de Outa el-Hammam.<\/span><\/p><h5>Desierto del Sahara:<\/h5><p>Emb\u00e1rcate en una experiencia inolvidable en el desierto del Sahara, con campamentos n\u00f3madas, paseos en camello por las dunas y noches bajo las estrellas. Destinos populares incluyen Merzouga y Zagora.<\/p><h5>Erg Chegaga<\/h5><p>Es una de las atracciones m\u00e1s impresionantes de Marruecos y un destino popular para aquellos que buscan experimentar la belleza y la grandeza del desierto del Sahara<\/p><h5>Monta\u00f1as del Atlas:<\/h5><p>Para los amantes del trekking y la naturaleza, las monta\u00f1as del Atlas ofrecen una variedad de rutas esc\u00e9nicas y pueblos bereberes pintorescos. Destinos como el Valle de Ourika y el Monte Toubkal son populares entre los excursionistas.<\/p><h5>Casablanca:<\/h5><p>Esta ciudad costera es conocida por su mezquita Hassan II, una de las m\u00e1s grandes del mundo, as\u00ed como por su animada vida nocturna y su bullicioso puerto.<\/p><h5>Essaouira:<\/h5><p>Situada en la costa atl\u00e1ntica, Essaouira es famosa por sus murallas fortificadas, su casco antiguo lleno de encanto y su escena art\u00edstica vibrante. Disfruta de la playa, explora los callejones llenos de tiendas de artesan\u00eda y prueba mariscos frescos en el puerto.<\/p><h5>T\u00e1nger:<\/h5><p>Esta ciudad portuaria en el extremo norte de Marruecos tiene una rica historia multicultural. Visita el Museo de la Kasbah, pasea por la medina y disfruta de las vistas desde el Faro de T\u00e1nger.<\/p><p>Estas son solo algunas de las muchas atracciones que Marruecos tiene para ofrecer. Cada regi\u00f3n del pa\u00eds tiene su propio encanto \u00fanico y ofrece una experiencia diversa para los viajeros.<\/p><div id='gallery-1' class='gallery galleryid-8908 gallery-columns-4 gallery-size-thumbnail'><figure class='gallery-item'>\n\t\t\t<div class='gallery-icon landscape'>\n\t\t\t\t<a href='https:\/\/www.travelatmorocco.com\/es\/wp-content\/uploads\/2020\/04\/Travelatmorocco.com-chefchaouen-e1645288335259.jpg'><img decoding=\"async\" width=\"150\" height=\"150\" src=\"https:\/\/www.travelatmorocco.com\/es\/wp-content\/uploads\/2020\/04\/Travelatmorocco.com-chefchaouen-e1645288335259-150x150.jpg\" class=\"attachment-thumbnail size-thumbnail\" alt=\"Travel At Morocco\" aria-describedby=\"gallery-1-8831\" \/><\/a>\n\t\t\t<\/div>\n\t\t\t\t<figcaption class='wp-caption-text gallery-caption' id='gallery-1-8831'>\n\t\t\t\tChefchaouen\n\t\t\t\t<\/figcaption><\/figure><figure class='gallery-item'>\n\t\t\t<div class='gallery-icon portrait'>\n\t\t\t\t<a href='https:\/\/www.travelatmorocco.com\/es\/wp-content\/uploads\/2020\/04\/FB_IMG_1497387832713.jpg'><img decoding=\"async\" width=\"150\" height=\"150\" src=\"https:\/\/www.travelatmorocco.com\/es\/wp-content\/uploads\/2020\/04\/FB_IMG_1497387832713-150x150.jpg\" class=\"attachment-thumbnail size-thumbnail\" alt=\"Destinos y Atracciones\" aria-describedby=\"gallery-1-8915\" \/><\/a>\n\t\t\t<\/div>\n\t\t\t\t<figcaption class='wp-caption-text gallery-caption' id='gallery-1-8915'>\n\t\t\t\tSahara\n\t\t\t\t<\/figcaption><\/figure><figure class='gallery-item'>\n\t\t\t<div class='gallery-icon landscape'>\n\t\t\t\t<a href='https:\/\/www.travelatmorocco.com\/es\/wp-content\/uploads\/2020\/04\/Maroc_Fes_Medina3-e1645288298474.jpg'><img decoding=\"async\" width=\"150\" height=\"150\" src=\"https:\/\/www.travelatmorocco.com\/es\/wp-content\/uploads\/2020\/04\/Maroc_Fes_Medina3-e1645288298474-150x150.jpg\" class=\"attachment-thumbnail size-thumbnail\" alt=\"Destinos y Atracciones\" aria-describedby=\"gallery-1-8913\" \/><\/a>\n\t\t\t<\/div>\n\t\t\t\t<figcaption class='wp-caption-text gallery-caption' id='gallery-1-8913'>\n\t\t\t\tFez\n\t\t\t\t<\/figcaption><\/figure><figure class='gallery-item'>\n\t\t\t<div class='gallery-icon landscape'>\n\t\t\t\t<a href='https:\/\/www.travelatmorocco.com\/es\/wp-content\/uploads\/2020\/04\/aitbenhaddouarticulo22-e1645288321407.jpg'><img loading=\"lazy\" decoding=\"async\" width=\"150\" height=\"150\" src=\"https:\/\/www.travelatmorocco.com\/es\/wp-content\/uploads\/2020\/04\/aitbenhaddouarticulo22-e1645288321407-150x150.jpg\" class=\"attachment-thumbnail size-thumbnail\" alt=\"Destinos y Atracciones\" aria-describedby=\"gallery-1-8909\" \/><\/a>\n\t\t\t<\/div>\n\t\t\t\t<figcaption class='wp-caption-text gallery-caption' id='gallery-1-8909'>\n\t\t\t\tAit benhaddou Kasbah\n\t\t\t\t<\/figcaption><\/figure>\n\t\t<\/div>\n\t\t\t\t\t\t\t\t<\/div>\n\t\t\t\t<\/div>\n\t\t\t\t\t<\/div>\n\t\t<\/div>\n\t\t\t\t\t<\/div>\n\t\t<\/section>\n\t\t\t\t<\/div>\n\t\t","protected":false},"excerpt":{"rendered":"<p>Destinos y Atracciones de Marruecos son unos lugares inolvidables que son a la vez fascinantes de visitar y intrigantes de explorar. Para aquellos que quieran sumergirse en la cultura y historia de Marruecos, hay cientos de mezquitas, palacios y sitios hist\u00f3ricos para visitar. Aqu\u00ed tienes algunos destinos y atracciones destacadas en Marruecos: Marrakech: Conocida como &#8230; <a title=\"Destinos y Atracciones\" class=\"read-more\" href=\"https:\/\/www.travelatmorocco.com\/es\/destinos-y-atracciones\/\" aria-label=\"Read more about Destinos y Atracciones\">Read more<\/a><\/p>\n","protected":false},"author":1,"featured_media":0,"parent":0,"menu_order":0,"comment_status":"closed","ping_status":"closed","template":"","meta":{"_monsterinsights_skip_tracking":false,"_monsterinsights_sitenote_active":false,"_monsterinsights_sitenote_note":"","_monsterinsights_sitenote_category":0,"footnotes":""},"class_list":["post-8908","page","type-page","status-publish"],"yoast_head":"<!-- This site is optimized with the Yoast SEO Premium plugin v19.0 (Yoast SEO v27.3) - https:\/\/yoast.com\/product\/yoast-seo-premium-wordpress\/ -->\n<title>Destinos y Atracciones - Travel At Morocco<\/title>\n<meta name=\"description\" content=\"Destinos y Atracciones de Marruecos son unos lugares inolvidables que son a la vez fascinantes de visitar y intrigantes de explorar\" \/>\n<meta name=\"robots\" content=\"index, follow, max-snippet:-1, max-image-preview:large, max-video-preview:-1\" \/>\n<link rel=\"canonical\" href=\"https:\/\/www.travelatmorocco.com\/es\/destinos-y-atracciones\/\" \/>\n<meta property=\"og:locale\" content=\"en_US\" \/>\n<meta property=\"og:type\" content=\"article\" \/>\n<meta property=\"og:title\" content=\"Destinos y Atracciones\" \/>\n<meta property=\"og:description\" content=\"Destinos y Atracciones de Marruecos son unos lugares inolvidables que son a la vez fascinantes de visitar y intrigantes de explorar\" \/>\n<meta property=\"og:url\" content=\"https:\/\/www.travelatmorocco.com\/es\/destinos-y-atracciones\/\" \/>\n<meta property=\"og:site_name\" content=\"Travel At Morocco\" \/>\n<meta property=\"article:modified_time\" content=\"2024-03-13T21:32:52+00:00\" \/>\n<meta property=\"og:image\" content=\"https:\/\/www.travelatmorocco.com\/es\/wp-content\/uploads\/2020\/04\/Travelatmorocco.com-chefchaouen-e1645288335259-150x150.jpg\" \/>\n<meta name=\"twitter:card\" content=\"summary_large_image\" \/>\n<meta name=\"twitter:label1\" content=\"Est. reading time\" \/>\n\t<meta name=\"twitter:data1\" content=\"3 minutes\" \/>\n<script type=\"application\/ld+json\" class=\"yoast-schema-graph\">{\"@context\":\"https:\\\/\\\/schema.org\",\"@graph\":[{\"@type\":\"WebPage\",\"@id\":\"https:\\\/\\\/www.travelatmorocco.com\\\/es\\\/destinos-y-atracciones\\\/\",\"url\":\"https:\\\/\\\/www.travelatmorocco.com\\\/es\\\/destinos-y-atracciones\\\/\",\"name\":\"Destinos y Atracciones - Travel At Morocco\",\"isPartOf\":{\"@id\":\"https:\\\/\\\/www.travelatmorocco.com\\\/es\\\/#website\"},\"datePublished\":\"2023-03-26T22:59:19+00:00\",\"dateModified\":\"2024-03-13T21:32:52+00:00\",\"description\":\"Destinos y Atracciones de Marruecos son unos lugares inolvidables que son a la vez fascinantes de visitar y intrigantes de explorar\",\"breadcrumb\":{\"@id\":\"https:\\\/\\\/www.travelatmorocco.com\\\/es\\\/destinos-y-atracciones\\\/#breadcrumb\"},\"inLanguage\":\"en-US\",\"potentialAction\":[{\"@type\":\"ReadAction\",\"target\":[\"https:\\\/\\\/www.travelatmorocco.com\\\/es\\\/destinos-y-atracciones\\\/\"]}]},{\"@type\":\"BreadcrumbList\",\"@id\":\"https:\\\/\\\/www.travelatmorocco.com\\\/es\\\/destinos-y-atracciones\\\/#breadcrumb\",\"itemListElement\":[{\"@type\":\"ListItem\",\"position\":1,\"name\":\"Home\",\"item\":\"https:\\\/\\\/www.travelatmorocco.com\\\/es\\\/\"},{\"@type\":\"ListItem\",\"position\":2,\"name\":\"Destinos y Atracciones\"}]},{\"@type\":\"WebSite\",\"@id\":\"https:\\\/\\\/www.travelatmorocco.com\\\/es\\\/#website\",\"url\":\"https:\\\/\\\/www.travelatmorocco.com\\\/es\\\/\",\"name\":\"Travel At Morocco\",\"description\":\"Viajes Por Marruecos - Aventura en el desierto\",\"publisher\":{\"@id\":\"https:\\\/\\\/www.travelatmorocco.com\\\/es\\\/#organization\"},\"alternateName\":\"travelatmorocco.com\",\"potentialAction\":[{\"@type\":\"SearchAction\",\"target\":{\"@type\":\"EntryPoint\",\"urlTemplate\":\"https:\\\/\\\/www.travelatmorocco.com\\\/es\\\/?s={search_term_string}\"},\"query-input\":{\"@type\":\"PropertyValueSpecification\",\"valueRequired\":true,\"valueName\":\"search_term_string\"}}],\"inLanguage\":\"en-US\"},{\"@type\":\"Organization\",\"@id\":\"https:\\\/\\\/www.travelatmorocco.com\\\/es\\\/#organization\",\"name\":\"Travel At Morocco\",\"url\":\"https:\\\/\\\/www.travelatmorocco.com\\\/es\\\/\",\"logo\":{\"@type\":\"ImageObject\",\"inLanguage\":\"en-US\",\"@id\":\"https:\\\/\\\/www.travelatmorocco.com\\\/es\\\/#\\\/schema\\\/logo\\\/image\\\/\",\"url\":\"https:\\\/\\\/www.travelatmorocco.com\\\/es\\\/wp-content\\\/uploads\\\/2022\\\/02\\\/logo_footer.png\",\"contentUrl\":\"https:\\\/\\\/www.travelatmorocco.com\\\/es\\\/wp-content\\\/uploads\\\/2022\\\/02\\\/logo_footer.png\",\"width\":184,\"height\":90,\"caption\":\"Travel At Morocco\"},\"image\":{\"@id\":\"https:\\\/\\\/www.travelatmorocco.com\\\/es\\\/#\\\/schema\\\/logo\\\/image\\\/\"}}]}<\/script>\n<!-- \/ Yoast SEO Premium plugin. -->","yoast_head_json":{"title":"Destinos y Atracciones - Travel At Morocco","description":"Destinos y Atracciones de Marruecos son unos lugares inolvidables que son a la vez fascinantes de visitar y intrigantes de explorar","robots":{"index":"index","follow":"follow","max-snippet":"max-snippet:-1","max-image-preview":"max-image-preview:large","max-video-preview":"max-video-preview:-1"},"canonical":"https:\/\/www.travelatmorocco.com\/es\/destinos-y-atracciones\/","og_locale":"en_US","og_type":"article","og_title":"Destinos y Atracciones","og_description":"Destinos y Atracciones de Marruecos son unos lugares inolvidables que son a la vez fascinantes de visitar y intrigantes de explorar","og_url":"https:\/\/www.travelatmorocco.com\/es\/destinos-y-atracciones\/","og_site_name":"Travel At Morocco","article_modified_time":"2024-03-13T21:32:52+00:00","og_image":[{"url":"https:\/\/www.travelatmorocco.com\/es\/wp-content\/uploads\/2020\/04\/Travelatmorocco.com-chefchaouen-e1645288335259-150x150.jpg","type":"","width":"","height":""}],"twitter_card":"summary_large_image","twitter_misc":{"Est. reading time":"3 minutes"},"schema":{"@context":"https:\/\/schema.org","@graph":[{"@type":"WebPage","@id":"https:\/\/www.travelatmorocco.com\/es\/destinos-y-atracciones\/","url":"https:\/\/www.travelatmorocco.com\/es\/destinos-y-atracciones\/","name":"Destinos y Atracciones - Travel At Morocco","isPartOf":{"@id":"https:\/\/www.travelatmorocco.com\/es\/#website"},"datePublished":"2023-03-26T22:59:19+00:00","dateModified":"2024-03-13T21:32:52+00:00","description":"Destinos y Atracciones de Marruecos son unos lugares inolvidables que son a la vez fascinantes de visitar y intrigantes de explorar","breadcrumb":{"@id":"https:\/\/www.travelatmorocco.com\/es\/destinos-y-atracciones\/#breadcrumb"},"inLanguage":"en-US","potentialAction":[{"@type":"ReadAction","target":["https:\/\/www.travelatmorocco.com\/es\/destinos-y-atracciones\/"]}]},{"@type":"BreadcrumbList","@id":"https:\/\/www.travelatmorocco.com\/es\/destinos-y-atracciones\/#breadcrumb","itemListElement":[{"@type":"ListItem","position":1,"name":"Home","item":"https:\/\/www.travelatmorocco.com\/es\/"},{"@type":"ListItem","position":2,"name":"Destinos y Atracciones"}]},{"@type":"WebSite","@id":"https:\/\/www.travelatmorocco.com\/es\/#website","url":"https:\/\/www.travelatmorocco.com\/es\/","name":"Travel At Morocco","description":"Viajes Por Marruecos - Aventura en el desierto","publisher":{"@id":"https:\/\/www.travelatmorocco.com\/es\/#organization"},"alternateName":"travelatmorocco.com","potentialAction":[{"@type":"SearchAction","target":{"@type":"EntryPoint","urlTemplate":"https:\/\/www.travelatmorocco.com\/es\/?s={search_term_string}"},"query-input":{"@type":"PropertyValueSpecification","valueRequired":true,"valueName":"search_term_string"}}],"inLanguage":"en-US"},{"@type":"Organization","@id":"https:\/\/www.travelatmorocco.com\/es\/#organization","name":"Travel At Morocco","url":"https:\/\/www.travelatmorocco.com\/es\/","logo":{"@type":"ImageObject","inLanguage":"en-US","@id":"https:\/\/www.travelatmorocco.com\/es\/#\/schema\/logo\/image\/","url":"https:\/\/www.travelatmorocco.com\/es\/wp-content\/uploads\/2022\/02\/logo_footer.png","contentUrl":"https:\/\/www.travelatmorocco.com\/es\/wp-content\/uploads\/2022\/02\/logo_footer.png","width":184,"height":90,"caption":"Travel At Morocco"},"image":{"@id":"https:\/\/www.travelatmorocco.com\/es\/#\/schema\/logo\/image\/"}}]}},"_links":{"self":[{"href":"https:\/\/www.travelatmorocco.com\/es\/wp-json\/wp\/v2\/pages\/8908","targetHints":{"allow":["GET"]}}],"collection":[{"href":"https:\/\/www.travelatmorocco.com\/es\/wp-json\/wp\/v2\/pages"}],"about":[{"href":"https:\/\/www.travelatmorocco.com\/es\/wp-json\/wp\/v2\/types\/page"}],"author":[{"embeddable":true,"href":"https:\/\/www.travelatmorocco.com\/es\/wp-json\/wp\/v2\/users\/1"}],"replies":[{"embeddable":true,"href":"https:\/\/www.travelatmorocco.com\/es\/wp-json\/wp\/v2\/comments?post=8908"}],"version-history":[{"count":22,"href":"https:\/\/www.travelatmorocco.com\/es\/wp-json\/wp\/v2\/pages\/8908\/revisions"}],"predecessor-version":[{"id":13129,"href":"https:\/\/www.travelatmorocco.com\/es\/wp-json\/wp\/v2\/pages\/8908\/revisions\/13129"}],"wp:attachment":[{"href":"https:\/\/www.travelatmorocco.com\/es\/wp-json\/wp\/v2\/media?parent=8908"}],"curies":[{"name":"wp","href":"https:\/\/api.w.org\/{rel}","templated":true}]}}