{"id":6904,"date":"2019-08-19T12:05:22","date_gmt":"2019-08-19T12:05:22","guid":{"rendered":"https:\/\/www.travelatmorocco.com\/5-days-from-casablanca-to-chefchaouen\/"},"modified":"2024-03-03T13:25:27","modified_gmt":"2024-03-03T13:25:27","slug":"5-dias-desde-casablanca-a-chefchaouen","status":"publish","type":"page","link":"https:\/\/www.travelatmorocco.com\/es\/5-dias-desde-casablanca-a-chefchaouen\/","title":{"rendered":"5 D\u00edas &#8211; Desde Casablanca a Chefchaouen"},"content":{"rendered":"\t\t<div data-elementor-type=\"wp-page\" data-elementor-id=\"6904\" class=\"elementor elementor-6904\">\n\t\t\t\t\t\t<section class=\"elementor-section elementor-top-section elementor-element elementor-element-536dcf3b elementor-section-boxed elementor-section-height-default elementor-section-height-default\" data-id=\"536dcf3b\" data-element_type=\"section\" data-e-type=\"section\">\n\t\t\t\t\t\t<div class=\"elementor-container elementor-column-gap-default\">\n\t\t\t\t\t<div class=\"elementor-column elementor-col-100 elementor-top-column elementor-element elementor-element-6c1116f1\" data-id=\"6c1116f1\" data-element_type=\"column\" data-e-type=\"column\">\n\t\t\t<div class=\"elementor-widget-wrap elementor-element-populated\">\n\t\t\t\t\t\t<div class=\"elementor-element elementor-element-5a6018d6 elementor-widget elementor-widget-text-editor\" data-id=\"5a6018d6\" data-element_type=\"widget\" data-e-type=\"widget\" data-widget_type=\"text-editor.default\">\n\t\t\t\t<div class=\"elementor-widget-container\">\n\t\t\t\t\t\t\t\t\t<h5 style=\"text-align: center;\">5 d\u00edas desde Casablanca a Chefchaouen<\/h5><p style=\"text-align: center;\">Esta ruta de 5 d\u00edas, comienza desde Casablanca a Chefchaouen, le permitir\u00e1 visitar lugares tur\u00edsticos en Rabat. Torre Hassan, Kasbah de Udayas, Meknes (cuenca de Sahrij Souani y puerta de Bab El Mansour&#8230;) Visita Fes, durante este viaje visitaremos Chefchaouen la ciudad azul. Luego regresaremos a <a href=\"https:\/\/www.travelatmorocco.com\/casablanca\/?lang=es\">Casablanca<\/a>.<\/p><h5><span style=\"color: #ff6600;\">D\u00eda 1: D\u00eda completo en Casablanca<\/span><\/h5><p>Despu\u00e9s de reunirnos, comenzaremos esta ruta por el patrimonio hist\u00f3rico de la ciudad m\u00e1s grande de Marruecos, Casablanca. podremos explorar algunos lugares de la ciudad como la mezquita m\u00e1s grande de Hassan II, el Palacio de las Naciones Unidas y la &#8220;Corniche&#8221; costera, Alojamiento en un hotel.<\/p><h5><span style=\"color: #ff6600;\">D\u00eda 2: Casablanca &#8211; Rabat &#8211; Meknes &#8211; Fez<\/span><\/h5><p>Saldremos a Fez por Rabat, la capital de Marruecos, para visitar la antigua Kasbah de Udayas y la Torre Hassan. Luego dirigiremos a Fes, nos lleva por un hermoso tramo de tierras de cultivo. Donde se cultivan aceitunas, granos, verduras y uvas. Antes de llegar a Fes, visitaremos Meknes y Volubilis. Es la vista de las famosas ruinas romanas bereberes, dejadas por el puesto avanzado m\u00e1s meridional del Imperio Romano. Meknes fue creada por Moulay Ismail y tiene la Medersa Bou Inania y la Bab Mansour, la puerta de entrada al Palacio de Moulay Ismail. Esto nos lleva al Henri es-Souani, el establo de los caballos y los graneros. Arriba, hay un jard\u00edn en la azotea y un caf\u00e9 con una gran vista de la ciudad. Llegamos a Fez, alojamiento en un Riad con encanto.<\/p><h5><span style=\"color: #ff6600;\">D\u00eda 3: D\u00eda completo para visitar Fez<\/span><\/h5><p>D\u00eda de exploraci\u00f3n con un gu\u00eda local, Explorando las atracciones de Fez la antigua ciudad imperial de Marruecos. El tour comienza en la puerta del Palacio Real y el Barrio Jud\u00edo, tendr\u00e9is la oportunidad de visitar la cooperativa de cer\u00e1mica para ver la artesan\u00eda tradicional marroqu\u00ed. Luego, os llevar\u00e1 por las estrechas calles de la Medina hasta <a href=\"https:\/\/en.wikipedia.org\/wiki\/Chouara_Tannery\">los curtidores<\/a>. Este tour destaca todos los sitios de inter\u00e9s cultural e hist\u00f3rico, incluyendo la famosa Universidad Al karaouine. Por la tarde, le llevaremos a admirar la vista panor\u00e1mica sobre la Medina, y a visitar la nueva ciudad o el nuevo Fez. Alojamiento en un Riad con encanto.<\/p><h5><span style=\"color: #ff6600;\">D\u00eda 4: Fez &#8211; Chefchaouen<\/span><\/h5><p>Despu\u00e9s del desayuno, tomaremos la ruta a Chefchaouen (la ciudad azul), que es una popular atracci\u00f3n tur\u00edstica marroqu\u00ed y acogedora ciudad, situada en las monta\u00f1as del Rif. Esta bonita ciudad azul es conocida por sus edificios tradicionales. Caminaremos por la ciudad para disfrutar y explorar las paredes blancas y azules de la medina y los mercados que ofrecen artesan\u00edas nativas \u00fanicas. Chefchaouen es un destino fant\u00e1stico para la fotograf\u00eda con sus maravillosas vistas de las monta\u00f1as Rif. Alojamiento en la Medina.<\/p><h5><span style=\"color: #ff6600;\">D\u00eda 5: Chefchaouen &#8211; Casablanca<\/span><\/h5><p>Saliremos de Chefchaouen hacia Casablanca, a trav\u00e9s de las monta\u00f1as del Rif. Los dejaremos en vuestro hotel en Casablanca. <em>fin de ruta de 5 d\u00edas.<\/em><\/p><h5><span style=\"color: #ff6600;\">Incluido:<\/span><\/h5><ul><li>Transporte privado: 4\u00d74, minib\u00fas, autob\u00fas \/ veh\u00edculos con aire acondicionado.<\/li><li>Conductor \/ Gu\u00eda (multiling\u00fce)<\/li><li>Visita guiada con gu\u00eda local en Fez<\/li><li>Combustible de coche<\/li><li>4 noches en hotel o Riad (desayuno)<\/li><\/ul><h5><span style=\"color: #ff6600;\">\u00a0No incluido:<\/span><\/h5><ul><li>Bebidas y almuerzos<\/li><li>Cenas<\/li><li>Boletos de avi\u00f3n<\/li><li>Entradas a los monumentos<\/li><li>Consejos<\/li><\/ul><p style=\"text-align: center;\"><strong><em>\u00a0 Reserva:<\/em><\/strong><\/p><p style=\"text-align: center;\">Para el precio y m\u00e1s informaci\u00f3n, no dude en contactarnos, y h\u00e1ganos saber cuantas personas, y las fechas de su tour, nos pondremos en contacto con usted.<\/p><p style=\"text-align: center;\">\u00a0 \u00a0<strong><em>Nota:<\/em><\/strong><\/p><p style=\"text-align: center;\">En caso de que desee modificar este viaje, s\u00f3lo p\u00f3ngase en contacto con nosotros de antemano y nosotros lo haremos realidad.<\/p>\t\t\t\t\t\t\t\t<\/div>\n\t\t\t\t<\/div>\n\t\t\t\t\t<\/div>\n\t\t<\/div>\n\t\t\t\t\t<\/div>\n\t\t<\/section>\n\t\t\t\t<section class=\"elementor-section elementor-top-section elementor-element elementor-element-885ed59 elementor-section-boxed elementor-section-height-default elementor-section-height-default\" data-id=\"885ed59\" data-element_type=\"section\" data-e-type=\"section\">\n\t\t\t\t\t\t<div class=\"elementor-container elementor-column-gap-default\">\n\t\t\t\t\t<div class=\"elementor-column elementor-col-100 elementor-top-column elementor-element elementor-element-4632451\" data-id=\"4632451\" data-element_type=\"column\" data-e-type=\"column\">\n\t\t\t<div class=\"elementor-widget-wrap elementor-element-populated\">\n\t\t\t\t\t\t<div class=\"elementor-element elementor-element-8754e33 elementor-widget elementor-widget-image\" data-id=\"8754e33\" data-element_type=\"widget\" data-e-type=\"widget\" data-widget_type=\"image.default\">\n\t\t\t\t<div class=\"elementor-widget-container\">\n\t\t\t\t\t\t\t\t\t\t\t\t\t\t\t<img fetchpriority=\"high\" decoding=\"async\" width=\"1024\" height=\"347\" src=\"https:\/\/www.travelatmorocco.com\/es\/wp-content\/uploads\/2024\/03\/5-Dias-viaje-desde-Casablanca-a-Fez-por-desierto-del-Sahara-1-1024x347.jpg\" class=\"attachment-large size-large wp-image-12561\" alt=\"5 D\u00edas \u2013 Viaje desde Casablanca a Fez por desierto del Sahara\" srcset=\"https:\/\/www.travelatmorocco.com\/es\/wp-content\/uploads\/2024\/03\/5-Dias-viaje-desde-Casablanca-a-Fez-por-desierto-del-Sahara-1-1024x347.jpg 1024w, https:\/\/www.travelatmorocco.com\/es\/wp-content\/uploads\/2024\/03\/5-Dias-viaje-desde-Casablanca-a-Fez-por-desierto-del-Sahara-1-300x102.jpg 300w, https:\/\/www.travelatmorocco.com\/es\/wp-content\/uploads\/2024\/03\/5-Dias-viaje-desde-Casablanca-a-Fez-por-desierto-del-Sahara-1-768x260.jpg 768w, https:\/\/www.travelatmorocco.com\/es\/wp-content\/uploads\/2024\/03\/5-Dias-viaje-desde-Casablanca-a-Fez-por-desierto-del-Sahara-1-1536x520.jpg 1536w, https:\/\/www.travelatmorocco.com\/es\/wp-content\/uploads\/2024\/03\/5-Dias-viaje-desde-Casablanca-a-Fez-por-desierto-del-Sahara-1.jpg 2048w\" sizes=\"(max-width: 1024px) 100vw, 1024px\" \/>\t\t\t\t\t\t\t\t\t\t\t\t\t\t\t<\/div>\n\t\t\t\t<\/div>\n\t\t\t\t\t<\/div>\n\t\t<\/div>\n\t\t\t\t\t<\/div>\n\t\t<\/section>\n\t\t\t\t<\/div>\n\t\t","protected":false},"excerpt":{"rendered":"<p>5 d\u00edas desde Casablanca a Chefchaouen Esta ruta de 5 d\u00edas, comienza desde Casablanca a Chefchaouen, le permitir\u00e1 visitar lugares tur\u00edsticos en Rabat. Torre Hassan, Kasbah de Udayas, Meknes (cuenca de Sahrij Souani y puerta de Bab El Mansour&#8230;) Visita Fes, durante este viaje visitaremos Chefchaouen la ciudad azul. Luego regresaremos a Casablanca. D\u00eda 1: &#8230; <a title=\"5 D\u00edas &#8211; Desde Casablanca a Chefchaouen\" class=\"read-more\" href=\"https:\/\/www.travelatmorocco.com\/es\/5-dias-desde-casablanca-a-chefchaouen\/\" aria-label=\"Read more about 5 D\u00edas &#8211; Desde Casablanca a Chefchaouen\">Read more<\/a><\/p>\n","protected":false},"author":1,"featured_media":12619,"parent":0,"menu_order":0,"comment_status":"closed","ping_status":"closed","template":"","meta":{"_monsterinsights_skip_tracking":false,"_monsterinsights_sitenote_active":false,"_monsterinsights_sitenote_note":"","_monsterinsights_sitenote_category":0,"footnotes":""},"class_list":["post-6904","page","type-page","status-publish","has-post-thumbnail"],"yoast_head":"<!-- This site is optimized with the Yoast SEO Premium plugin v19.0 (Yoast SEO v27.3) - https:\/\/yoast.com\/product\/yoast-seo-premium-wordpress\/ -->\n<title>5 D\u00edas - Desde Casablanca a Chefchaouen - Travel At Morocco<\/title>\n<meta name=\"description\" content=\"Esta ruta de 5 d\u00edas, comienza desde Casablanca a Chefchaouen, le permitir\u00e1 visitar lugares tur\u00edsticos en Rabat. Torre Hassan, Kasbah\" \/>\n<meta name=\"robots\" content=\"index, follow, max-snippet:-1, max-image-preview:large, max-video-preview:-1\" \/>\n<link rel=\"canonical\" href=\"https:\/\/www.travelatmorocco.com\/es\/5-dias-desde-casablanca-a-chefchaouen\/\" \/>\n<meta property=\"og:locale\" content=\"en_US\" \/>\n<meta property=\"og:type\" content=\"article\" \/>\n<meta property=\"og:title\" content=\"5 D\u00edas - Desde Casablanca a Chefchaouen\" \/>\n<meta property=\"og:description\" content=\"Esta ruta de 5 d\u00edas, comienza desde Casablanca a Chefchaouen, le permitir\u00e1 visitar lugares tur\u00edsticos en Rabat. Torre Hassan, Kasbah\" \/>\n<meta property=\"og:url\" content=\"https:\/\/www.travelatmorocco.com\/es\/5-dias-desde-casablanca-a-chefchaouen\/\" \/>\n<meta property=\"og:site_name\" content=\"Travel At Morocco\" \/>\n<meta property=\"article:modified_time\" content=\"2024-03-03T13:25:27+00:00\" \/>\n<meta property=\"og:image\" content=\"https:\/\/www.travelatmorocco.com\/es\/wp-content\/uploads\/2024\/03\/5-Dias-\u2013-Desde-Casablanca-a-Chefchaouen.jpg\" \/>\n\t<meta property=\"og:image:width\" content=\"2048\" \/>\n\t<meta property=\"og:image:height\" content=\"464\" \/>\n\t<meta property=\"og:image:type\" content=\"image\/jpeg\" \/>\n<meta name=\"twitter:card\" content=\"summary_large_image\" \/>\n<meta name=\"twitter:label1\" content=\"Est. reading time\" \/>\n\t<meta name=\"twitter:data1\" content=\"3 minutes\" \/>\n<script type=\"application\/ld+json\" class=\"yoast-schema-graph\">{\"@context\":\"https:\\\/\\\/schema.org\",\"@graph\":[{\"@type\":\"WebPage\",\"@id\":\"https:\\\/\\\/www.travelatmorocco.com\\\/es\\\/5-dias-desde-casablanca-a-chefchaouen\\\/\",\"url\":\"https:\\\/\\\/www.travelatmorocco.com\\\/es\\\/5-dias-desde-casablanca-a-chefchaouen\\\/\",\"name\":\"5 D\u00edas - Desde Casablanca a Chefchaouen - Travel At Morocco\",\"isPartOf\":{\"@id\":\"https:\\\/\\\/www.travelatmorocco.com\\\/es\\\/#website\"},\"primaryImageOfPage\":{\"@id\":\"https:\\\/\\\/www.travelatmorocco.com\\\/es\\\/5-dias-desde-casablanca-a-chefchaouen\\\/#primaryimage\"},\"image\":{\"@id\":\"https:\\\/\\\/www.travelatmorocco.com\\\/es\\\/5-dias-desde-casablanca-a-chefchaouen\\\/#primaryimage\"},\"thumbnailUrl\":\"https:\\\/\\\/www.travelatmorocco.com\\\/es\\\/wp-content\\\/uploads\\\/2024\\\/03\\\/5-Dias-\u2013-Desde-Casablanca-a-Chefchaouen.jpg\",\"datePublished\":\"2019-08-19T12:05:22+00:00\",\"dateModified\":\"2024-03-03T13:25:27+00:00\",\"description\":\"Esta ruta de 5 d\u00edas, comienza desde Casablanca a Chefchaouen, le permitir\u00e1 visitar lugares tur\u00edsticos en Rabat. Torre Hassan, Kasbah\",\"breadcrumb\":{\"@id\":\"https:\\\/\\\/www.travelatmorocco.com\\\/es\\\/5-dias-desde-casablanca-a-chefchaouen\\\/#breadcrumb\"},\"inLanguage\":\"en-US\",\"potentialAction\":[{\"@type\":\"ReadAction\",\"target\":[\"https:\\\/\\\/www.travelatmorocco.com\\\/es\\\/5-dias-desde-casablanca-a-chefchaouen\\\/\"]}]},{\"@type\":\"ImageObject\",\"inLanguage\":\"en-US\",\"@id\":\"https:\\\/\\\/www.travelatmorocco.com\\\/es\\\/5-dias-desde-casablanca-a-chefchaouen\\\/#primaryimage\",\"url\":\"https:\\\/\\\/www.travelatmorocco.com\\\/es\\\/wp-content\\\/uploads\\\/2024\\\/03\\\/5-Dias-\u2013-Desde-Casablanca-a-Chefchaouen.jpg\",\"contentUrl\":\"https:\\\/\\\/www.travelatmorocco.com\\\/es\\\/wp-content\\\/uploads\\\/2024\\\/03\\\/5-Dias-\u2013-Desde-Casablanca-a-Chefchaouen.jpg\",\"width\":2048,\"height\":464,\"caption\":\"5 D\u00edas Desde Casablanca a Chefchaouen\"},{\"@type\":\"BreadcrumbList\",\"@id\":\"https:\\\/\\\/www.travelatmorocco.com\\\/es\\\/5-dias-desde-casablanca-a-chefchaouen\\\/#breadcrumb\",\"itemListElement\":[{\"@type\":\"ListItem\",\"position\":1,\"name\":\"Home\",\"item\":\"https:\\\/\\\/www.travelatmorocco.com\\\/es\\\/\"},{\"@type\":\"ListItem\",\"position\":2,\"name\":\"5 D\u00edas &#8211; Desde Casablanca a Chefchaouen\"}]},{\"@type\":\"WebSite\",\"@id\":\"https:\\\/\\\/www.travelatmorocco.com\\\/es\\\/#website\",\"url\":\"https:\\\/\\\/www.travelatmorocco.com\\\/es\\\/\",\"name\":\"Travel At Morocco\",\"description\":\"Viajes Por Marruecos - Aventura en el desierto\",\"publisher\":{\"@id\":\"https:\\\/\\\/www.travelatmorocco.com\\\/es\\\/#organization\"},\"alternateName\":\"travelatmorocco.com\",\"potentialAction\":[{\"@type\":\"SearchAction\",\"target\":{\"@type\":\"EntryPoint\",\"urlTemplate\":\"https:\\\/\\\/www.travelatmorocco.com\\\/es\\\/?s={search_term_string}\"},\"query-input\":{\"@type\":\"PropertyValueSpecification\",\"valueRequired\":true,\"valueName\":\"search_term_string\"}}],\"inLanguage\":\"en-US\"},{\"@type\":\"Organization\",\"@id\":\"https:\\\/\\\/www.travelatmorocco.com\\\/es\\\/#organization\",\"name\":\"Travel At Morocco\",\"url\":\"https:\\\/\\\/www.travelatmorocco.com\\\/es\\\/\",\"logo\":{\"@type\":\"ImageObject\",\"inLanguage\":\"en-US\",\"@id\":\"https:\\\/\\\/www.travelatmorocco.com\\\/es\\\/#\\\/schema\\\/logo\\\/image\\\/\",\"url\":\"https:\\\/\\\/www.travelatmorocco.com\\\/es\\\/wp-content\\\/uploads\\\/2022\\\/02\\\/logo_footer.png\",\"contentUrl\":\"https:\\\/\\\/www.travelatmorocco.com\\\/es\\\/wp-content\\\/uploads\\\/2022\\\/02\\\/logo_footer.png\",\"width\":184,\"height\":90,\"caption\":\"Travel At Morocco\"},\"image\":{\"@id\":\"https:\\\/\\\/www.travelatmorocco.com\\\/es\\\/#\\\/schema\\\/logo\\\/image\\\/\"}}]}<\/script>\n<!-- \/ Yoast SEO Premium plugin. -->","yoast_head_json":{"title":"5 D\u00edas - Desde Casablanca a Chefchaouen - Travel At Morocco","description":"Esta ruta de 5 d\u00edas, comienza desde Casablanca a Chefchaouen, le permitir\u00e1 visitar lugares tur\u00edsticos en Rabat. Torre Hassan, Kasbah","robots":{"index":"index","follow":"follow","max-snippet":"max-snippet:-1","max-image-preview":"max-image-preview:large","max-video-preview":"max-video-preview:-1"},"canonical":"https:\/\/www.travelatmorocco.com\/es\/5-dias-desde-casablanca-a-chefchaouen\/","og_locale":"en_US","og_type":"article","og_title":"5 D\u00edas - Desde Casablanca a Chefchaouen","og_description":"Esta ruta de 5 d\u00edas, comienza desde Casablanca a Chefchaouen, le permitir\u00e1 visitar lugares tur\u00edsticos en Rabat. Torre Hassan, Kasbah","og_url":"https:\/\/www.travelatmorocco.com\/es\/5-dias-desde-casablanca-a-chefchaouen\/","og_site_name":"Travel At Morocco","article_modified_time":"2024-03-03T13:25:27+00:00","og_image":[{"width":2048,"height":464,"url":"https:\/\/www.travelatmorocco.com\/es\/wp-content\/uploads\/2024\/03\/5-Dias-\u2013-Desde-Casablanca-a-Chefchaouen.jpg","type":"image\/jpeg"}],"twitter_card":"summary_large_image","twitter_misc":{"Est. reading time":"3 minutes"},"schema":{"@context":"https:\/\/schema.org","@graph":[{"@type":"WebPage","@id":"https:\/\/www.travelatmorocco.com\/es\/5-dias-desde-casablanca-a-chefchaouen\/","url":"https:\/\/www.travelatmorocco.com\/es\/5-dias-desde-casablanca-a-chefchaouen\/","name":"5 D\u00edas - Desde Casablanca a Chefchaouen - Travel At Morocco","isPartOf":{"@id":"https:\/\/www.travelatmorocco.com\/es\/#website"},"primaryImageOfPage":{"@id":"https:\/\/www.travelatmorocco.com\/es\/5-dias-desde-casablanca-a-chefchaouen\/#primaryimage"},"image":{"@id":"https:\/\/www.travelatmorocco.com\/es\/5-dias-desde-casablanca-a-chefchaouen\/#primaryimage"},"thumbnailUrl":"https:\/\/www.travelatmorocco.com\/es\/wp-content\/uploads\/2024\/03\/5-Dias-\u2013-Desde-Casablanca-a-Chefchaouen.jpg","datePublished":"2019-08-19T12:05:22+00:00","dateModified":"2024-03-03T13:25:27+00:00","description":"Esta ruta de 5 d\u00edas, comienza desde Casablanca a Chefchaouen, le permitir\u00e1 visitar lugares tur\u00edsticos en Rabat. Torre Hassan, Kasbah","breadcrumb":{"@id":"https:\/\/www.travelatmorocco.com\/es\/5-dias-desde-casablanca-a-chefchaouen\/#breadcrumb"},"inLanguage":"en-US","potentialAction":[{"@type":"ReadAction","target":["https:\/\/www.travelatmorocco.com\/es\/5-dias-desde-casablanca-a-chefchaouen\/"]}]},{"@type":"ImageObject","inLanguage":"en-US","@id":"https:\/\/www.travelatmorocco.com\/es\/5-dias-desde-casablanca-a-chefchaouen\/#primaryimage","url":"https:\/\/www.travelatmorocco.com\/es\/wp-content\/uploads\/2024\/03\/5-Dias-\u2013-Desde-Casablanca-a-Chefchaouen.jpg","contentUrl":"https:\/\/www.travelatmorocco.com\/es\/wp-content\/uploads\/2024\/03\/5-Dias-\u2013-Desde-Casablanca-a-Chefchaouen.jpg","width":2048,"height":464,"caption":"5 D\u00edas Desde Casablanca a Chefchaouen"},{"@type":"BreadcrumbList","@id":"https:\/\/www.travelatmorocco.com\/es\/5-dias-desde-casablanca-a-chefchaouen\/#breadcrumb","itemListElement":[{"@type":"ListItem","position":1,"name":"Home","item":"https:\/\/www.travelatmorocco.com\/es\/"},{"@type":"ListItem","position":2,"name":"5 D\u00edas &#8211; Desde Casablanca a Chefchaouen"}]},{"@type":"WebSite","@id":"https:\/\/www.travelatmorocco.com\/es\/#website","url":"https:\/\/www.travelatmorocco.com\/es\/","name":"Travel At Morocco","description":"Viajes Por Marruecos - Aventura en el desierto","publisher":{"@id":"https:\/\/www.travelatmorocco.com\/es\/#organization"},"alternateName":"travelatmorocco.com","potentialAction":[{"@type":"SearchAction","target":{"@type":"EntryPoint","urlTemplate":"https:\/\/www.travelatmorocco.com\/es\/?s={search_term_string}"},"query-input":{"@type":"PropertyValueSpecification","valueRequired":true,"valueName":"search_term_string"}}],"inLanguage":"en-US"},{"@type":"Organization","@id":"https:\/\/www.travelatmorocco.com\/es\/#organization","name":"Travel At Morocco","url":"https:\/\/www.travelatmorocco.com\/es\/","logo":{"@type":"ImageObject","inLanguage":"en-US","@id":"https:\/\/www.travelatmorocco.com\/es\/#\/schema\/logo\/image\/","url":"https:\/\/www.travelatmorocco.com\/es\/wp-content\/uploads\/2022\/02\/logo_footer.png","contentUrl":"https:\/\/www.travelatmorocco.com\/es\/wp-content\/uploads\/2022\/02\/logo_footer.png","width":184,"height":90,"caption":"Travel At Morocco"},"image":{"@id":"https:\/\/www.travelatmorocco.com\/es\/#\/schema\/logo\/image\/"}}]}},"_links":{"self":[{"href":"https:\/\/www.travelatmorocco.com\/es\/wp-json\/wp\/v2\/pages\/6904","targetHints":{"allow":["GET"]}}],"collection":[{"href":"https:\/\/www.travelatmorocco.com\/es\/wp-json\/wp\/v2\/pages"}],"about":[{"href":"https:\/\/www.travelatmorocco.com\/es\/wp-json\/wp\/v2\/types\/page"}],"author":[{"embeddable":true,"href":"https:\/\/www.travelatmorocco.com\/es\/wp-json\/wp\/v2\/users\/1"}],"replies":[{"embeddable":true,"href":"https:\/\/www.travelatmorocco.com\/es\/wp-json\/wp\/v2\/comments?post=6904"}],"version-history":[{"count":12,"href":"https:\/\/www.travelatmorocco.com\/es\/wp-json\/wp\/v2\/pages\/6904\/revisions"}],"predecessor-version":[{"id":12631,"href":"https:\/\/www.travelatmorocco.com\/es\/wp-json\/wp\/v2\/pages\/6904\/revisions\/12631"}],"wp:featuredmedia":[{"embeddable":true,"href":"https:\/\/www.travelatmorocco.com\/es\/wp-json\/wp\/v2\/media\/12619"}],"wp:attachment":[{"href":"https:\/\/www.travelatmorocco.com\/es\/wp-json\/wp\/v2\/media?parent=6904"}],"curies":[{"name":"wp","href":"https:\/\/api.w.org\/{rel}","templated":true}]}}