{"id":6783,"date":"2019-08-21T18:43:25","date_gmt":"2019-08-21T18:43:25","guid":{"rendered":"https:\/\/www.travelatmorocco.com\/day-trip-kasbah-ait-benhaddou-and-telouet\/"},"modified":"2024-03-14T22:54:08","modified_gmt":"2024-03-14T22:54:08","slug":"excursion-a-kasbah-de-ait-benhaddou-y-telouet","status":"publish","type":"page","link":"https:\/\/www.travelatmorocco.com\/es\/excursion-a-kasbah-de-ait-benhaddou-y-telouet\/","title":{"rendered":"Excursi\u00f3n a Kasbah de Ait Benhaddou y Telouet"},"content":{"rendered":"\t\t<div data-elementor-type=\"wp-page\" data-elementor-id=\"6783\" class=\"elementor elementor-6783\">\n\t\t\t\t\t\t<section class=\"elementor-section elementor-top-section elementor-element elementor-element-d5d7b94 elementor-section-boxed elementor-section-height-default elementor-section-height-default\" data-id=\"d5d7b94\" data-element_type=\"section\" data-e-type=\"section\">\n\t\t\t\t\t\t<div class=\"elementor-container elementor-column-gap-default\">\n\t\t\t\t\t<div class=\"elementor-column elementor-col-100 elementor-top-column elementor-element elementor-element-5cf5174\" data-id=\"5cf5174\" data-element_type=\"column\" data-e-type=\"column\">\n\t\t\t<div class=\"elementor-widget-wrap elementor-element-populated\">\n\t\t\t\t\t\t<div class=\"elementor-element elementor-element-3ca3640 elementor-widget elementor-widget-image\" data-id=\"3ca3640\" data-element_type=\"widget\" data-e-type=\"widget\" data-widget_type=\"image.default\">\n\t\t\t\t<div class=\"elementor-widget-container\">\n\t\t\t\t\t\t\t\t\t\t\t\t\t\t\t<img fetchpriority=\"high\" decoding=\"async\" width=\"1000\" height=\"667\" src=\"https:\/\/www.travelatmorocco.com\/es\/wp-content\/uploads\/2024\/03\/Excursion-a-Kasbah-de-Ait-Benhaddou-y-Telouet.jpg\" class=\"attachment-full size-full wp-image-13179\" alt=\"Excursi\u00f3n a Kasbah de Ait Benhaddou y Telouet\" srcset=\"https:\/\/www.travelatmorocco.com\/es\/wp-content\/uploads\/2024\/03\/Excursion-a-Kasbah-de-Ait-Benhaddou-y-Telouet.jpg 1000w, https:\/\/www.travelatmorocco.com\/es\/wp-content\/uploads\/2024\/03\/Excursion-a-Kasbah-de-Ait-Benhaddou-y-Telouet-300x200.jpg 300w, https:\/\/www.travelatmorocco.com\/es\/wp-content\/uploads\/2024\/03\/Excursion-a-Kasbah-de-Ait-Benhaddou-y-Telouet-768x512.jpg 768w\" sizes=\"(max-width: 1000px) 100vw, 1000px\" \/>\t\t\t\t\t\t\t\t\t\t\t\t\t\t\t<\/div>\n\t\t\t\t<\/div>\n\t\t\t\t\t<\/div>\n\t\t<\/div>\n\t\t\t\t\t<\/div>\n\t\t<\/section>\n\t\t\t\t<section class=\"elementor-section elementor-top-section elementor-element elementor-element-7cb81588 elementor-section-boxed elementor-section-height-default elementor-section-height-default\" data-id=\"7cb81588\" data-element_type=\"section\" data-e-type=\"section\">\n\t\t\t\t\t\t<div class=\"elementor-container elementor-column-gap-default\">\n\t\t\t\t\t<div class=\"elementor-column elementor-col-100 elementor-top-column elementor-element elementor-element-6c675972\" data-id=\"6c675972\" data-element_type=\"column\" data-e-type=\"column\">\n\t\t\t<div class=\"elementor-widget-wrap elementor-element-populated\">\n\t\t\t\t\t\t<div class=\"elementor-element elementor-element-216aef89 elementor-widget elementor-widget-text-editor\" data-id=\"216aef89\" data-element_type=\"widget\" data-e-type=\"widget\" data-widget_type=\"text-editor.default\">\n\t\t\t\t<div class=\"elementor-widget-container\">\n\t\t\t\t\t\t\t\t\t<h5 style=\"text-align: center;\"><span style=\"color: #ff6600;\">Excursi\u00f3n a Kasbah de Ait Benhaddou y Telouet<\/span><\/h5><div class=\"flex-1 overflow-hidden\"><div class=\"react-scroll-to-bottom--css-zntkg-79elbk h-full\"><div class=\"react-scroll-to-bottom--css-zntkg-1n7m0yu\"><div class=\"flex flex-col text-sm pb-9\"><div class=\"w-full text-token-text-primary\" data-testid=\"conversation-turn-5\"><div class=\"px-4 py-2 justify-center text-base md:gap-6 m-auto\"><div class=\"flex flex-1 text-base mx-auto gap-3 md:px-5 lg:px-1 xl:px-5 md:max-w-3xl group final-completion\"><div class=\"relative flex w-full flex-col agent-turn\"><div class=\"flex-col gap-1 md:gap-3\"><div class=\"flex flex-grow flex-col max-w-full\"><div class=\"min-h-[20px] text-message flex flex-col items-start gap-3 whitespace-pre-wrap break-words [.text-message+&amp;]:mt-5 overflow-x-auto\" data-message-author-role=\"assistant\" data-message-id=\"72a668df-1ec3-41e3-b74c-4ad1ecb76ee2\"><div class=\"markdown prose w-full break-words dark:prose-invert light\"><p>Tu excursi\u00f3n a Kasbah de Ait benhaddou y telouat, comienza con una recogida en tu hotel o en un lugar designado entre las 8:30 y las 9:00 de la ma\u00f1ana. Mientras conduces por las monta\u00f1as del Alto Atlas, ser\u00e1s deleitado con vistas panor\u00e1micas a lo largo de carreteras sinuosas.<\/p><p>El excursi\u00f3n comienza con una visita a la Kasbah de Telouet, una extraordinaria fortaleza ubicada en medio del terreno abrupto de las monta\u00f1as del Alto Atlas. Esta kasbah hist\u00f3rica, famosa por su arquitectura intrincada e importancia estrat\u00e9gica, ofrece un vistazo cautivador al pasado de <a href=\"https:\/\/www.travelatmorocco.com\/es\/sobre-marruecos\/\">Marruecos<\/a>. Explora sus corredores laber\u00ednticos, patios ornamentados y murallas imponentes, aprendiendo sobre su rica historia y su significado en la protecci\u00f3n de las rutas comerciales.<\/p><p>Despu\u00e9s de la exploraci\u00f3n de Telouet, el itinerario contin\u00faa hacia Ait Benhaddou, otro destino ic\u00f3nico de Marruecos. Este sitio del Patrimonio Mundial de la UNESCO presenta un ksar de adobe bien conservado, mostrando la arquitectura tradicional y el patrimonio cultural de la regi\u00f3n. Pasea por sus calles estrechas, admira sus antiguas kasbahs y disfruta de las vistas panor\u00e1micas del paisaje circundante.<\/p><h5><span style=\"color: #ff6600;\">la Kasbah de Telouet y Ait Benhaddou<\/span><\/h5><p>Ofrecen un viaje inmersivo a trav\u00e9s de la historia y las maravillas arquitect\u00f3nicas de Marruecos, brindando ideas sobre el diverso patrimonio cultural y los impresionantes paisajes del pa\u00eds.<\/p><p>Antes de regresar a Marrakech, disfruta de una comida exquisita servida en una tienda bereber tradicional. Saborea los sabores de la aut\u00e9ntica cocina marroqu\u00ed mientras te sumerges en la calidez de la hospitalidad bereber.<\/p><p>Mientras regresas a Marrakech, atravesar\u00e1s el paso de Tizi n&#8217;Tichka, alcanzando una altitud de 2.260 metros. Esta carretera sinuosa ofrece un panorama espectacular, mostrando una mir\u00edada de colores mientras asciendes el paso. Es una conclusi\u00f3n adecuada para un d\u00eda lleno de inmersi\u00f3n cultural, exploraci\u00f3n hist\u00f3rica y belleza natural.<\/p><p>En resumen, este viaje a<a href=\"https:\/\/whc.unesco.org\/en\/list\/444\/\"> Ait Benhaddou<\/a> y Telouet promete ser una experiencia enriquecedora, brindando informaci\u00f3n sobre el diverso patrimonio y los cautivadores paisajes de Marruecos.<\/p><\/div><\/div><\/div><\/div><\/div><\/div><\/div><\/div><\/div><\/div><\/div><\/div><h5><span style=\"color: #ff6600;\">Incluido:<\/span><\/h5><ul><li>Transporte privado: 4\u00d74, minib\u00fas, autob\u00fas \/ veh\u00edculos con aire acondicionado.<\/li><li>Conductor \/ Gu\u00eda (multiling\u00fce)<\/li><li>Combustible de coche<\/li><\/ul><h5><span style=\"color: #ff6600;\">\u00a0No incluido:<\/span><\/h5><ul><li>Bebidas y almuerzos<\/li><li>Entradas a los monumentos<\/li><li>Consejos<\/li><\/ul><p style=\"text-align: center;\"><strong><em>\u00a0 Reserva:<\/em><\/strong><\/p><p style=\"text-align: center;\">Para el precio y m\u00e1s informaci\u00f3n, no dude en contactarnos, y h\u00e1ganos saber cuantas personas, y las fechas de su tour, nos pondremos en contacto con usted.<\/p><p style=\"text-align: center;\">\u00a0 \u00a0<strong><em>Nota:<\/em><\/strong><\/p><p style=\"text-align: center;\">En caso de que desee modificar esta Excursi\u00f3n, s\u00f3lo p\u00f3ngase en contacto con nosotros de antemano y nosotros lo haremos realidad.<\/p>\t\t\t\t\t\t\t\t<\/div>\n\t\t\t\t<\/div>\n\t\t\t\t\t<\/div>\n\t\t<\/div>\n\t\t\t\t\t<\/div>\n\t\t<\/section>\n\t\t\t\t<\/div>\n\t\t","protected":false},"excerpt":{"rendered":"<p>Excursi\u00f3n a Kasbah de Ait Benhaddou y Telouet Tu excursi\u00f3n a Kasbah de Ait benhaddou y telouat, comienza con una recogida en tu hotel o en un lugar designado entre las 8:30 y las 9:00 de la ma\u00f1ana. Mientras conduces por las monta\u00f1as del Alto Atlas, ser\u00e1s deleitado con vistas panor\u00e1micas a lo largo de &#8230; <a title=\"Excursi\u00f3n a Kasbah de Ait Benhaddou y Telouet\" class=\"read-more\" href=\"https:\/\/www.travelatmorocco.com\/es\/excursion-a-kasbah-de-ait-benhaddou-y-telouet\/\" aria-label=\"Read more about Excursi\u00f3n a Kasbah de Ait Benhaddou y Telouet\">Read more<\/a><\/p>\n","protected":false},"author":1,"featured_media":0,"parent":0,"menu_order":0,"comment_status":"closed","ping_status":"closed","template":"","meta":{"_monsterinsights_skip_tracking":false,"_monsterinsights_sitenote_active":false,"_monsterinsights_sitenote_note":"","_monsterinsights_sitenote_category":0,"footnotes":""},"class_list":["post-6783","page","type-page","status-publish"],"yoast_head":"<!-- This site is optimized with the Yoast SEO Premium plugin v19.0 (Yoast SEO v27.3) - https:\/\/yoast.com\/product\/yoast-seo-premium-wordpress\/ -->\n<title>Excursi\u00f3n a Kasbah de Ait Benhaddou y Telouet<\/title>\n<meta name=\"description\" content=\"Tu excursi\u00f3n a Kasbah de Ait benhaddou y telouat, comienza con una recogida en tu hotel o en un lugar designado\" \/>\n<meta name=\"robots\" content=\"index, follow, max-snippet:-1, max-image-preview:large, max-video-preview:-1\" \/>\n<link rel=\"canonical\" href=\"https:\/\/www.travelatmorocco.com\/es\/excursion-a-kasbah-de-ait-benhaddou-y-telouet\/\" \/>\n<meta property=\"og:locale\" content=\"en_US\" \/>\n<meta property=\"og:type\" content=\"article\" \/>\n<meta property=\"og:title\" content=\"Excursi\u00f3n a Kasbah de Ait Benhaddou y Telouet\" \/>\n<meta property=\"og:description\" content=\"Tu excursi\u00f3n a Kasbah de Ait benhaddou y telouat, comienza con una recogida en tu hotel o en un lugar designado\" \/>\n<meta property=\"og:url\" content=\"https:\/\/www.travelatmorocco.com\/es\/excursion-a-kasbah-de-ait-benhaddou-y-telouet\/\" \/>\n<meta property=\"og:site_name\" content=\"Travel At Morocco\" \/>\n<meta property=\"article:modified_time\" content=\"2024-03-14T22:54:08+00:00\" \/>\n<meta property=\"og:image\" content=\"https:\/\/www.travelatmorocco.com\/es\/wp-content\/uploads\/2024\/03\/Excursion-a-Kasbah-de-Ait-Benhaddou-y-Telouet.jpg\" \/>\n<meta name=\"twitter:card\" content=\"summary_large_image\" \/>\n<meta name=\"twitter:label1\" content=\"Est. reading time\" \/>\n\t<meta name=\"twitter:data1\" content=\"2 minutes\" \/>\n<script type=\"application\/ld+json\" class=\"yoast-schema-graph\">{\"@context\":\"https:\\\/\\\/schema.org\",\"@graph\":[{\"@type\":\"WebPage\",\"@id\":\"https:\\\/\\\/www.travelatmorocco.com\\\/es\\\/excursion-a-kasbah-de-ait-benhaddou-y-telouet\\\/\",\"url\":\"https:\\\/\\\/www.travelatmorocco.com\\\/es\\\/excursion-a-kasbah-de-ait-benhaddou-y-telouet\\\/\",\"name\":\"Excursi\u00f3n a Kasbah de Ait Benhaddou y Telouet\",\"isPartOf\":{\"@id\":\"https:\\\/\\\/www.travelatmorocco.com\\\/es\\\/#website\"},\"primaryImageOfPage\":{\"@id\":\"https:\\\/\\\/www.travelatmorocco.com\\\/es\\\/excursion-a-kasbah-de-ait-benhaddou-y-telouet\\\/#primaryimage\"},\"image\":{\"@id\":\"https:\\\/\\\/www.travelatmorocco.com\\\/es\\\/excursion-a-kasbah-de-ait-benhaddou-y-telouet\\\/#primaryimage\"},\"thumbnailUrl\":\"https:\\\/\\\/www.travelatmorocco.com\\\/es\\\/wp-content\\\/uploads\\\/2024\\\/03\\\/Excursion-a-Kasbah-de-Ait-Benhaddou-y-Telouet.jpg\",\"datePublished\":\"2019-08-21T18:43:25+00:00\",\"dateModified\":\"2024-03-14T22:54:08+00:00\",\"description\":\"Tu excursi\u00f3n a Kasbah de Ait benhaddou y telouat, comienza con una recogida en tu hotel o en un lugar designado\",\"breadcrumb\":{\"@id\":\"https:\\\/\\\/www.travelatmorocco.com\\\/es\\\/excursion-a-kasbah-de-ait-benhaddou-y-telouet\\\/#breadcrumb\"},\"inLanguage\":\"en-US\",\"potentialAction\":[{\"@type\":\"ReadAction\",\"target\":[\"https:\\\/\\\/www.travelatmorocco.com\\\/es\\\/excursion-a-kasbah-de-ait-benhaddou-y-telouet\\\/\"]}]},{\"@type\":\"ImageObject\",\"inLanguage\":\"en-US\",\"@id\":\"https:\\\/\\\/www.travelatmorocco.com\\\/es\\\/excursion-a-kasbah-de-ait-benhaddou-y-telouet\\\/#primaryimage\",\"url\":\"https:\\\/\\\/www.travelatmorocco.com\\\/es\\\/wp-content\\\/uploads\\\/2024\\\/03\\\/Excursion-a-Kasbah-de-Ait-Benhaddou-y-Telouet.jpg\",\"contentUrl\":\"https:\\\/\\\/www.travelatmorocco.com\\\/es\\\/wp-content\\\/uploads\\\/2024\\\/03\\\/Excursion-a-Kasbah-de-Ait-Benhaddou-y-Telouet.jpg\",\"width\":1000,\"height\":667,\"caption\":\"Excursi\u00f3n a Kasbah de Ait Benhaddou y Telouet\"},{\"@type\":\"BreadcrumbList\",\"@id\":\"https:\\\/\\\/www.travelatmorocco.com\\\/es\\\/excursion-a-kasbah-de-ait-benhaddou-y-telouet\\\/#breadcrumb\",\"itemListElement\":[{\"@type\":\"ListItem\",\"position\":1,\"name\":\"Home\",\"item\":\"https:\\\/\\\/www.travelatmorocco.com\\\/es\\\/\"},{\"@type\":\"ListItem\",\"position\":2,\"name\":\"Excursi\u00f3n a Kasbah de Ait Benhaddou y Telouet\"}]},{\"@type\":\"WebSite\",\"@id\":\"https:\\\/\\\/www.travelatmorocco.com\\\/es\\\/#website\",\"url\":\"https:\\\/\\\/www.travelatmorocco.com\\\/es\\\/\",\"name\":\"Travel At Morocco\",\"description\":\"Viajes Por Marruecos - Aventura en el desierto\",\"publisher\":{\"@id\":\"https:\\\/\\\/www.travelatmorocco.com\\\/es\\\/#organization\"},\"alternateName\":\"travelatmorocco.com\",\"potentialAction\":[{\"@type\":\"SearchAction\",\"target\":{\"@type\":\"EntryPoint\",\"urlTemplate\":\"https:\\\/\\\/www.travelatmorocco.com\\\/es\\\/?s={search_term_string}\"},\"query-input\":{\"@type\":\"PropertyValueSpecification\",\"valueRequired\":true,\"valueName\":\"search_term_string\"}}],\"inLanguage\":\"en-US\"},{\"@type\":\"Organization\",\"@id\":\"https:\\\/\\\/www.travelatmorocco.com\\\/es\\\/#organization\",\"name\":\"Travel At Morocco\",\"url\":\"https:\\\/\\\/www.travelatmorocco.com\\\/es\\\/\",\"logo\":{\"@type\":\"ImageObject\",\"inLanguage\":\"en-US\",\"@id\":\"https:\\\/\\\/www.travelatmorocco.com\\\/es\\\/#\\\/schema\\\/logo\\\/image\\\/\",\"url\":\"https:\\\/\\\/www.travelatmorocco.com\\\/es\\\/wp-content\\\/uploads\\\/2022\\\/02\\\/logo_footer.png\",\"contentUrl\":\"https:\\\/\\\/www.travelatmorocco.com\\\/es\\\/wp-content\\\/uploads\\\/2022\\\/02\\\/logo_footer.png\",\"width\":184,\"height\":90,\"caption\":\"Travel At Morocco\"},\"image\":{\"@id\":\"https:\\\/\\\/www.travelatmorocco.com\\\/es\\\/#\\\/schema\\\/logo\\\/image\\\/\"}}]}<\/script>\n<!-- \/ Yoast SEO Premium plugin. -->","yoast_head_json":{"title":"Excursi\u00f3n a Kasbah de Ait Benhaddou y Telouet","description":"Tu excursi\u00f3n a Kasbah de Ait benhaddou y telouat, comienza con una recogida en tu hotel o en un lugar designado","robots":{"index":"index","follow":"follow","max-snippet":"max-snippet:-1","max-image-preview":"max-image-preview:large","max-video-preview":"max-video-preview:-1"},"canonical":"https:\/\/www.travelatmorocco.com\/es\/excursion-a-kasbah-de-ait-benhaddou-y-telouet\/","og_locale":"en_US","og_type":"article","og_title":"Excursi\u00f3n a Kasbah de Ait Benhaddou y Telouet","og_description":"Tu excursi\u00f3n a Kasbah de Ait benhaddou y telouat, comienza con una recogida en tu hotel o en un lugar designado","og_url":"https:\/\/www.travelatmorocco.com\/es\/excursion-a-kasbah-de-ait-benhaddou-y-telouet\/","og_site_name":"Travel At Morocco","article_modified_time":"2024-03-14T22:54:08+00:00","og_image":[{"url":"https:\/\/www.travelatmorocco.com\/es\/wp-content\/uploads\/2024\/03\/Excursion-a-Kasbah-de-Ait-Benhaddou-y-Telouet.jpg","type":"","width":"","height":""}],"twitter_card":"summary_large_image","twitter_misc":{"Est. reading time":"2 minutes"},"schema":{"@context":"https:\/\/schema.org","@graph":[{"@type":"WebPage","@id":"https:\/\/www.travelatmorocco.com\/es\/excursion-a-kasbah-de-ait-benhaddou-y-telouet\/","url":"https:\/\/www.travelatmorocco.com\/es\/excursion-a-kasbah-de-ait-benhaddou-y-telouet\/","name":"Excursi\u00f3n a Kasbah de Ait Benhaddou y Telouet","isPartOf":{"@id":"https:\/\/www.travelatmorocco.com\/es\/#website"},"primaryImageOfPage":{"@id":"https:\/\/www.travelatmorocco.com\/es\/excursion-a-kasbah-de-ait-benhaddou-y-telouet\/#primaryimage"},"image":{"@id":"https:\/\/www.travelatmorocco.com\/es\/excursion-a-kasbah-de-ait-benhaddou-y-telouet\/#primaryimage"},"thumbnailUrl":"https:\/\/www.travelatmorocco.com\/es\/wp-content\/uploads\/2024\/03\/Excursion-a-Kasbah-de-Ait-Benhaddou-y-Telouet.jpg","datePublished":"2019-08-21T18:43:25+00:00","dateModified":"2024-03-14T22:54:08+00:00","description":"Tu excursi\u00f3n a Kasbah de Ait benhaddou y telouat, comienza con una recogida en tu hotel o en un lugar designado","breadcrumb":{"@id":"https:\/\/www.travelatmorocco.com\/es\/excursion-a-kasbah-de-ait-benhaddou-y-telouet\/#breadcrumb"},"inLanguage":"en-US","potentialAction":[{"@type":"ReadAction","target":["https:\/\/www.travelatmorocco.com\/es\/excursion-a-kasbah-de-ait-benhaddou-y-telouet\/"]}]},{"@type":"ImageObject","inLanguage":"en-US","@id":"https:\/\/www.travelatmorocco.com\/es\/excursion-a-kasbah-de-ait-benhaddou-y-telouet\/#primaryimage","url":"https:\/\/www.travelatmorocco.com\/es\/wp-content\/uploads\/2024\/03\/Excursion-a-Kasbah-de-Ait-Benhaddou-y-Telouet.jpg","contentUrl":"https:\/\/www.travelatmorocco.com\/es\/wp-content\/uploads\/2024\/03\/Excursion-a-Kasbah-de-Ait-Benhaddou-y-Telouet.jpg","width":1000,"height":667,"caption":"Excursi\u00f3n a Kasbah de Ait Benhaddou y Telouet"},{"@type":"BreadcrumbList","@id":"https:\/\/www.travelatmorocco.com\/es\/excursion-a-kasbah-de-ait-benhaddou-y-telouet\/#breadcrumb","itemListElement":[{"@type":"ListItem","position":1,"name":"Home","item":"https:\/\/www.travelatmorocco.com\/es\/"},{"@type":"ListItem","position":2,"name":"Excursi\u00f3n a Kasbah de Ait Benhaddou y Telouet"}]},{"@type":"WebSite","@id":"https:\/\/www.travelatmorocco.com\/es\/#website","url":"https:\/\/www.travelatmorocco.com\/es\/","name":"Travel At Morocco","description":"Viajes Por Marruecos - Aventura en el desierto","publisher":{"@id":"https:\/\/www.travelatmorocco.com\/es\/#organization"},"alternateName":"travelatmorocco.com","potentialAction":[{"@type":"SearchAction","target":{"@type":"EntryPoint","urlTemplate":"https:\/\/www.travelatmorocco.com\/es\/?s={search_term_string}"},"query-input":{"@type":"PropertyValueSpecification","valueRequired":true,"valueName":"search_term_string"}}],"inLanguage":"en-US"},{"@type":"Organization","@id":"https:\/\/www.travelatmorocco.com\/es\/#organization","name":"Travel At Morocco","url":"https:\/\/www.travelatmorocco.com\/es\/","logo":{"@type":"ImageObject","inLanguage":"en-US","@id":"https:\/\/www.travelatmorocco.com\/es\/#\/schema\/logo\/image\/","url":"https:\/\/www.travelatmorocco.com\/es\/wp-content\/uploads\/2022\/02\/logo_footer.png","contentUrl":"https:\/\/www.travelatmorocco.com\/es\/wp-content\/uploads\/2022\/02\/logo_footer.png","width":184,"height":90,"caption":"Travel At Morocco"},"image":{"@id":"https:\/\/www.travelatmorocco.com\/es\/#\/schema\/logo\/image\/"}}]}},"_links":{"self":[{"href":"https:\/\/www.travelatmorocco.com\/es\/wp-json\/wp\/v2\/pages\/6783","targetHints":{"allow":["GET"]}}],"collection":[{"href":"https:\/\/www.travelatmorocco.com\/es\/wp-json\/wp\/v2\/pages"}],"about":[{"href":"https:\/\/www.travelatmorocco.com\/es\/wp-json\/wp\/v2\/types\/page"}],"author":[{"embeddable":true,"href":"https:\/\/www.travelatmorocco.com\/es\/wp-json\/wp\/v2\/users\/1"}],"replies":[{"embeddable":true,"href":"https:\/\/www.travelatmorocco.com\/es\/wp-json\/wp\/v2\/comments?post=6783"}],"version-history":[{"count":26,"href":"https:\/\/www.travelatmorocco.com\/es\/wp-json\/wp\/v2\/pages\/6783\/revisions"}],"predecessor-version":[{"id":13308,"href":"https:\/\/www.travelatmorocco.com\/es\/wp-json\/wp\/v2\/pages\/6783\/revisions\/13308"}],"wp:attachment":[{"href":"https:\/\/www.travelatmorocco.com\/es\/wp-json\/wp\/v2\/media?parent=6783"}],"curies":[{"name":"wp","href":"https:\/\/api.w.org\/{rel}","templated":true}]}}