{"id":6779,"date":"2019-12-05T15:00:40","date_gmt":"2019-12-05T15:00:40","guid":{"rendered":"https:\/\/www.travelatmorocco.com\/imlil-and-high-atlas-mountains-full-day-trip\/"},"modified":"2024-03-14T22:28:36","modified_gmt":"2024-03-14T22:28:36","slug":"excursion-a-las-montanas-imlil-y-alto-atlas","status":"publish","type":"page","link":"https:\/\/www.travelatmorocco.com\/es\/excursion-a-las-montanas-imlil-y-alto-atlas\/","title":{"rendered":"Excursi\u00f3n a las monta\u00f1as Imlil y Alto Atlas"},"content":{"rendered":"\t\t<div data-elementor-type=\"wp-page\" data-elementor-id=\"6779\" class=\"elementor elementor-6779\">\n\t\t\t\t\t\t<section class=\"elementor-section elementor-top-section elementor-element elementor-element-0a421ed elementor-section-boxed elementor-section-height-default elementor-section-height-default\" data-id=\"0a421ed\" data-element_type=\"section\" data-e-type=\"section\">\n\t\t\t\t\t\t<div class=\"elementor-container elementor-column-gap-default\">\n\t\t\t\t\t<div class=\"elementor-column elementor-col-100 elementor-top-column elementor-element elementor-element-3b3dc33\" data-id=\"3b3dc33\" data-element_type=\"column\" data-e-type=\"column\">\n\t\t\t<div class=\"elementor-widget-wrap elementor-element-populated\">\n\t\t\t\t\t\t<div class=\"elementor-element elementor-element-ae5a5bf elementor-widget elementor-widget-image\" data-id=\"ae5a5bf\" data-element_type=\"widget\" data-e-type=\"widget\" data-widget_type=\"image.default\">\n\t\t\t\t<div class=\"elementor-widget-container\">\n\t\t\t\t\t\t\t\t\t\t\t\t\t\t\t<img fetchpriority=\"high\" decoding=\"async\" width=\"799\" height=\"329\" src=\"https:\/\/www.travelatmorocco.com\/es\/wp-content\/uploads\/2024\/03\/Excursion-a-las-montanas-Imlil-y-Alto-Atlas.jpg\" class=\"attachment-large size-large wp-image-13260\" alt=\"Excursi\u00f3n a las monta\u00f1as Imlil y Alto Atlas\" srcset=\"https:\/\/www.travelatmorocco.com\/es\/wp-content\/uploads\/2024\/03\/Excursion-a-las-montanas-Imlil-y-Alto-Atlas.jpg 799w, https:\/\/www.travelatmorocco.com\/es\/wp-content\/uploads\/2024\/03\/Excursion-a-las-montanas-Imlil-y-Alto-Atlas-300x124.jpg 300w, https:\/\/www.travelatmorocco.com\/es\/wp-content\/uploads\/2024\/03\/Excursion-a-las-montanas-Imlil-y-Alto-Atlas-768x316.jpg 768w\" sizes=\"(max-width: 799px) 100vw, 799px\" \/>\t\t\t\t\t\t\t\t\t\t\t\t\t\t\t<\/div>\n\t\t\t\t<\/div>\n\t\t\t\t\t<\/div>\n\t\t<\/div>\n\t\t\t\t\t<\/div>\n\t\t<\/section>\n\t\t\t\t<section class=\"elementor-section elementor-top-section elementor-element elementor-element-515e7dea elementor-section-boxed elementor-section-height-default elementor-section-height-default\" data-id=\"515e7dea\" data-element_type=\"section\" data-e-type=\"section\">\n\t\t\t\t\t\t<div class=\"elementor-container elementor-column-gap-default\">\n\t\t\t\t\t<div class=\"elementor-column elementor-col-100 elementor-top-column elementor-element elementor-element-17e5560d\" data-id=\"17e5560d\" data-element_type=\"column\" data-e-type=\"column\">\n\t\t\t<div class=\"elementor-widget-wrap elementor-element-populated\">\n\t\t\t\t\t\t<div class=\"elementor-element elementor-element-f0b8088 elementor-widget elementor-widget-text-editor\" data-id=\"f0b8088\" data-element_type=\"widget\" data-e-type=\"widget\" data-widget_type=\"text-editor.default\">\n\t\t\t\t<div class=\"elementor-widget-container\">\n\t\t\t\t\t\t\t\t\t<h5><span style=\"color: #ff6600;\">Excursi\u00f3n a las monta\u00f1as Imlil y Alto Atlas<\/span><\/h5><p>Imlil, un peque\u00f1o pueblo Bereber con muchos hoteles y restaurantes, se encuentra a unos 70 km de Marrakech. Sirve como el \u00faltimo pueblo importante antes de las monta\u00f1as del Atlas y es el punto de partida para caminatas y excursiones al Toubkal o sus alrededores.<\/p><p>Las monta\u00f1as del Atlas, la cordillera m\u00e1s alta del norte de \u00c1frica, cuentan con el monte Toubkal que se eleva a 4.165 metros sobre el nivel del mar. Divididas en tres partes: el Atlas Medio, el Anti-Atlas y el Alto Atlas, ofrecen impresionantes senderos de bicicleta de monta\u00f1a, rutas de trekking y oportunidades para la fotograf\u00eda.<\/p><p>Estas monta\u00f1as son las m\u00e1s altas de la regi\u00f3n, ofreciendo caminatas adecuadas para todas las habilidades, con mulas disponibles para montar. Los aut\u00e9nticos pueblos bereberes ofrecen alojamientos marroqu\u00edes con estilo en casas tradicionales, con gu\u00edas oficiales que garantizan una experiencia memorable. Los bereberes, los habitantes originales de Marruecos, son conocidos por su resistencia, hospitalidad y amabilidad.<\/p><h5><span style=\"color: #ff6600;\">Descripci\u00f3n de la excursi\u00f3n las monta\u00f1as del Alto Atlas:<\/span><\/h5><p>Salida de Marrakech, hacia las monta\u00f1as del Alto Atlas a trav\u00e9s de Tahnaouet (mercado local los martes), Valle Ghighaya, gargantas de Moulay Brahim, Asni (mercado los s\u00e1bados) y luego entre campos de vegetales en terrazas, \u00e1rboles frutales nueces y cerezas llegada a imlil 1740m, bienvenida por un gu\u00eda local con un vaso de t\u00e9 de menta, luego montar en mulas o caminar por los pueblos bereberes (Ait Souka, Targa Imoula, Tagadirte, entre campos de nogales de \u00e1rboles frutales, cerezas, manzanas, verduras.<\/p><p>luego pasando por una cascada antes de subir al pueblo armado 1900m almuerzo en familia bereber con una vista sobre el pico m\u00e1s alto de <a href=\"https:\/\/www.britannica.com\/place\/Africa\">\u00c1frica<\/a> del Norte Toubkal 4167m, visitando el pueblo uno de los m\u00e1s antiguos del macizo, luego bajando por el camino occidental con vistas al valle de Ait Mizane antiguos campos de terrazas irrigadas, pasando por los pueblos de Ashien y imlil antes del centro, fin de la caminata y volviendo a Marrakech.<\/p><h5><span style=\"color: #ff6600;\">Incluido:<\/span><\/h5><ul><li>Transporte privado: 4\u00d74, minib\u00fas, autob\u00fas \/ veh\u00edculos con aire acondicionado.<\/li><li>Conductor \/ Gu\u00eda (multiling\u00fce)<\/li><li>Combustible de coche<\/li><\/ul><h5><span style=\"color: #ff6600;\">\u00a0No incluido:<\/span><\/h5><ul><li>Bebidas y almuerzos<\/li><li>Entradas a los monumentos<\/li><li>Consejos<\/li><\/ul><p style=\"text-align: center;\"><strong><em>\u00a0 Reserva:<\/em><\/strong><\/p><p style=\"text-align: center;\">Para el precio y m\u00e1s informaci\u00f3n, no dude en contactarnos, y h\u00e1ganos saber cuantas personas, y las fechas de su tour, nos pondremos en <a href=\"https:\/\/www.travelatmorocco.com\/contact-us\/\">contacto <\/a>con usted.<\/p>\t\t\t\t\t\t\t\t<\/div>\n\t\t\t\t<\/div>\n\t\t\t\t<div class=\"elementor-element elementor-element-c3f65cb elementor-widget elementor-widget-image\" data-id=\"c3f65cb\" data-element_type=\"widget\" data-e-type=\"widget\" data-widget_type=\"image.default\">\n\t\t\t\t<div class=\"elementor-widget-container\">\n\t\t\t\t\t\t\t\t\t\t\t\t\t\t\t<img fetchpriority=\"high\" decoding=\"async\" width=\"799\" height=\"329\" src=\"https:\/\/www.travelatmorocco.com\/es\/wp-content\/uploads\/2024\/03\/Excursion-a-las-montanas-Imlil-y-Alto-Atlas.jpg\" class=\"attachment-large size-large wp-image-13260\" alt=\"Excursi\u00f3n a las monta\u00f1as Imlil y Alto Atlas\" srcset=\"https:\/\/www.travelatmorocco.com\/es\/wp-content\/uploads\/2024\/03\/Excursion-a-las-montanas-Imlil-y-Alto-Atlas.jpg 799w, https:\/\/www.travelatmorocco.com\/es\/wp-content\/uploads\/2024\/03\/Excursion-a-las-montanas-Imlil-y-Alto-Atlas-300x124.jpg 300w, https:\/\/www.travelatmorocco.com\/es\/wp-content\/uploads\/2024\/03\/Excursion-a-las-montanas-Imlil-y-Alto-Atlas-768x316.jpg 768w\" sizes=\"(max-width: 799px) 100vw, 799px\" \/>\t\t\t\t\t\t\t\t\t\t\t\t\t\t\t<\/div>\n\t\t\t\t<\/div>\n\t\t\t\t<div class=\"elementor-element elementor-element-5e0ed0d elementor-widget elementor-widget-image\" data-id=\"5e0ed0d\" data-element_type=\"widget\" data-e-type=\"widget\" data-widget_type=\"image.default\">\n\t\t\t\t<div class=\"elementor-widget-container\">\n\t\t\t\t\t\t\t\t\t\t\t\t\t\t\t<img decoding=\"async\" src=\"https:\/\/www.travelatmorocco.com\/es\/wp-content\/plugins\/elementor\/assets\/images\/placeholder.png\" title=\"\" alt=\"\" loading=\"lazy\" \/>\t\t\t\t\t\t\t\t\t\t\t\t\t\t\t<\/div>\n\t\t\t\t<\/div>\n\t\t\t\t\t<\/div>\n\t\t<\/div>\n\t\t\t\t\t<\/div>\n\t\t<\/section>\n\t\t\t\t<\/div>\n\t\t","protected":false},"excerpt":{"rendered":"<p>Excursi\u00f3n a las monta\u00f1as Imlil y Alto Atlas Imlil, un peque\u00f1o pueblo Bereber con muchos hoteles y restaurantes, se encuentra a unos 70 km de Marrakech. Sirve como el \u00faltimo pueblo importante antes de las monta\u00f1as del Atlas y es el punto de partida para caminatas y excursiones al Toubkal o sus alrededores. Las monta\u00f1as &#8230; <a title=\"Excursi\u00f3n a las monta\u00f1as Imlil y Alto Atlas\" class=\"read-more\" href=\"https:\/\/www.travelatmorocco.com\/es\/excursion-a-las-montanas-imlil-y-alto-atlas\/\" aria-label=\"Read more about Excursi\u00f3n a las monta\u00f1as Imlil y Alto Atlas\">Read more<\/a><\/p>\n","protected":false},"author":1,"featured_media":0,"parent":0,"menu_order":0,"comment_status":"closed","ping_status":"closed","template":"","meta":{"_monsterinsights_skip_tracking":false,"_monsterinsights_sitenote_active":false,"_monsterinsights_sitenote_note":"","_monsterinsights_sitenote_category":0,"footnotes":""},"class_list":["post-6779","page","type-page","status-publish"],"yoast_head":"<!-- This site is optimized with the Yoast SEO Premium plugin v19.0 (Yoast SEO v27.3) - https:\/\/yoast.com\/product\/yoast-seo-premium-wordpress\/ -->\n<title>Excursi\u00f3n a las monta\u00f1as Imlil y Alto Atlas - Travel At Morocco<\/title>\n<meta name=\"description\" content=\"Imlil, un peque\u00f1o pueblo Bereber con muchos hoteles y restaurantes, se encuentra a unos 70 km de Marrakech.\" \/>\n<meta name=\"robots\" content=\"index, follow, max-snippet:-1, max-image-preview:large, max-video-preview:-1\" \/>\n<link rel=\"canonical\" href=\"https:\/\/www.travelatmorocco.com\/es\/excursion-a-las-montanas-imlil-y-alto-atlas\/\" \/>\n<meta property=\"og:locale\" content=\"en_US\" \/>\n<meta property=\"og:type\" content=\"article\" \/>\n<meta property=\"og:title\" content=\"Excursi\u00f3n a las monta\u00f1as Imlil y Alto Atlas\" \/>\n<meta property=\"og:description\" content=\"Imlil, un peque\u00f1o pueblo Bereber con muchos hoteles y restaurantes, se encuentra a unos 70 km de Marrakech.\" \/>\n<meta property=\"og:url\" content=\"https:\/\/www.travelatmorocco.com\/es\/excursion-a-las-montanas-imlil-y-alto-atlas\/\" \/>\n<meta property=\"og:site_name\" content=\"Travel At Morocco\" \/>\n<meta property=\"article:modified_time\" content=\"2024-03-14T22:28:36+00:00\" \/>\n<meta property=\"og:image\" content=\"https:\/\/www.travelatmorocco.com\/es\/wp-content\/uploads\/2024\/03\/Excursion-a-las-montanas-Imlil-y-Alto-Atlas.jpg\" \/>\n<meta name=\"twitter:card\" content=\"summary_large_image\" \/>\n<meta name=\"twitter:label1\" content=\"Est. reading time\" \/>\n\t<meta name=\"twitter:data1\" content=\"3 minutes\" \/>\n<script type=\"application\/ld+json\" class=\"yoast-schema-graph\">{\"@context\":\"https:\\\/\\\/schema.org\",\"@graph\":[{\"@type\":\"WebPage\",\"@id\":\"https:\\\/\\\/www.travelatmorocco.com\\\/es\\\/excursion-a-las-montanas-imlil-y-alto-atlas\\\/\",\"url\":\"https:\\\/\\\/www.travelatmorocco.com\\\/es\\\/excursion-a-las-montanas-imlil-y-alto-atlas\\\/\",\"name\":\"Excursi\u00f3n a las monta\u00f1as Imlil y Alto Atlas - Travel At Morocco\",\"isPartOf\":{\"@id\":\"https:\\\/\\\/www.travelatmorocco.com\\\/es\\\/#website\"},\"primaryImageOfPage\":{\"@id\":\"https:\\\/\\\/www.travelatmorocco.com\\\/es\\\/excursion-a-las-montanas-imlil-y-alto-atlas\\\/#primaryimage\"},\"image\":{\"@id\":\"https:\\\/\\\/www.travelatmorocco.com\\\/es\\\/excursion-a-las-montanas-imlil-y-alto-atlas\\\/#primaryimage\"},\"thumbnailUrl\":\"https:\\\/\\\/www.travelatmorocco.com\\\/es\\\/wp-content\\\/uploads\\\/2024\\\/03\\\/Excursion-a-las-montanas-Imlil-y-Alto-Atlas.jpg\",\"datePublished\":\"2019-12-05T15:00:40+00:00\",\"dateModified\":\"2024-03-14T22:28:36+00:00\",\"description\":\"Imlil, un peque\u00f1o pueblo Bereber con muchos hoteles y restaurantes, se encuentra a unos 70 km de Marrakech.\",\"breadcrumb\":{\"@id\":\"https:\\\/\\\/www.travelatmorocco.com\\\/es\\\/excursion-a-las-montanas-imlil-y-alto-atlas\\\/#breadcrumb\"},\"inLanguage\":\"en-US\",\"potentialAction\":[{\"@type\":\"ReadAction\",\"target\":[\"https:\\\/\\\/www.travelatmorocco.com\\\/es\\\/excursion-a-las-montanas-imlil-y-alto-atlas\\\/\"]}]},{\"@type\":\"ImageObject\",\"inLanguage\":\"en-US\",\"@id\":\"https:\\\/\\\/www.travelatmorocco.com\\\/es\\\/excursion-a-las-montanas-imlil-y-alto-atlas\\\/#primaryimage\",\"url\":\"https:\\\/\\\/www.travelatmorocco.com\\\/es\\\/wp-content\\\/uploads\\\/2024\\\/03\\\/Excursion-a-las-montanas-Imlil-y-Alto-Atlas.jpg\",\"contentUrl\":\"https:\\\/\\\/www.travelatmorocco.com\\\/es\\\/wp-content\\\/uploads\\\/2024\\\/03\\\/Excursion-a-las-montanas-Imlil-y-Alto-Atlas.jpg\",\"width\":799,\"height\":329,\"caption\":\"Excursi\u00f3n a las monta\u00f1as Imlil y Alto Atlas\"},{\"@type\":\"BreadcrumbList\",\"@id\":\"https:\\\/\\\/www.travelatmorocco.com\\\/es\\\/excursion-a-las-montanas-imlil-y-alto-atlas\\\/#breadcrumb\",\"itemListElement\":[{\"@type\":\"ListItem\",\"position\":1,\"name\":\"Home\",\"item\":\"https:\\\/\\\/www.travelatmorocco.com\\\/es\\\/\"},{\"@type\":\"ListItem\",\"position\":2,\"name\":\"Excursi\u00f3n a las monta\u00f1as Imlil y Alto Atlas\"}]},{\"@type\":\"WebSite\",\"@id\":\"https:\\\/\\\/www.travelatmorocco.com\\\/es\\\/#website\",\"url\":\"https:\\\/\\\/www.travelatmorocco.com\\\/es\\\/\",\"name\":\"Travel At Morocco\",\"description\":\"Viajes Por Marruecos - Aventura en el desierto\",\"publisher\":{\"@id\":\"https:\\\/\\\/www.travelatmorocco.com\\\/es\\\/#organization\"},\"alternateName\":\"travelatmorocco.com\",\"potentialAction\":[{\"@type\":\"SearchAction\",\"target\":{\"@type\":\"EntryPoint\",\"urlTemplate\":\"https:\\\/\\\/www.travelatmorocco.com\\\/es\\\/?s={search_term_string}\"},\"query-input\":{\"@type\":\"PropertyValueSpecification\",\"valueRequired\":true,\"valueName\":\"search_term_string\"}}],\"inLanguage\":\"en-US\"},{\"@type\":\"Organization\",\"@id\":\"https:\\\/\\\/www.travelatmorocco.com\\\/es\\\/#organization\",\"name\":\"Travel At Morocco\",\"url\":\"https:\\\/\\\/www.travelatmorocco.com\\\/es\\\/\",\"logo\":{\"@type\":\"ImageObject\",\"inLanguage\":\"en-US\",\"@id\":\"https:\\\/\\\/www.travelatmorocco.com\\\/es\\\/#\\\/schema\\\/logo\\\/image\\\/\",\"url\":\"https:\\\/\\\/www.travelatmorocco.com\\\/es\\\/wp-content\\\/uploads\\\/2022\\\/02\\\/logo_footer.png\",\"contentUrl\":\"https:\\\/\\\/www.travelatmorocco.com\\\/es\\\/wp-content\\\/uploads\\\/2022\\\/02\\\/logo_footer.png\",\"width\":184,\"height\":90,\"caption\":\"Travel At Morocco\"},\"image\":{\"@id\":\"https:\\\/\\\/www.travelatmorocco.com\\\/es\\\/#\\\/schema\\\/logo\\\/image\\\/\"}}]}<\/script>\n<!-- \/ Yoast SEO Premium plugin. -->","yoast_head_json":{"title":"Excursi\u00f3n a las monta\u00f1as Imlil y Alto Atlas - Travel At Morocco","description":"Imlil, un peque\u00f1o pueblo Bereber con muchos hoteles y restaurantes, se encuentra a unos 70 km de Marrakech.","robots":{"index":"index","follow":"follow","max-snippet":"max-snippet:-1","max-image-preview":"max-image-preview:large","max-video-preview":"max-video-preview:-1"},"canonical":"https:\/\/www.travelatmorocco.com\/es\/excursion-a-las-montanas-imlil-y-alto-atlas\/","og_locale":"en_US","og_type":"article","og_title":"Excursi\u00f3n a las monta\u00f1as Imlil y Alto Atlas","og_description":"Imlil, un peque\u00f1o pueblo Bereber con muchos hoteles y restaurantes, se encuentra a unos 70 km de Marrakech.","og_url":"https:\/\/www.travelatmorocco.com\/es\/excursion-a-las-montanas-imlil-y-alto-atlas\/","og_site_name":"Travel At Morocco","article_modified_time":"2024-03-14T22:28:36+00:00","og_image":[{"url":"https:\/\/www.travelatmorocco.com\/es\/wp-content\/uploads\/2024\/03\/Excursion-a-las-montanas-Imlil-y-Alto-Atlas.jpg","type":"","width":"","height":""}],"twitter_card":"summary_large_image","twitter_misc":{"Est. reading time":"3 minutes"},"schema":{"@context":"https:\/\/schema.org","@graph":[{"@type":"WebPage","@id":"https:\/\/www.travelatmorocco.com\/es\/excursion-a-las-montanas-imlil-y-alto-atlas\/","url":"https:\/\/www.travelatmorocco.com\/es\/excursion-a-las-montanas-imlil-y-alto-atlas\/","name":"Excursi\u00f3n a las monta\u00f1as Imlil y Alto Atlas - Travel At Morocco","isPartOf":{"@id":"https:\/\/www.travelatmorocco.com\/es\/#website"},"primaryImageOfPage":{"@id":"https:\/\/www.travelatmorocco.com\/es\/excursion-a-las-montanas-imlil-y-alto-atlas\/#primaryimage"},"image":{"@id":"https:\/\/www.travelatmorocco.com\/es\/excursion-a-las-montanas-imlil-y-alto-atlas\/#primaryimage"},"thumbnailUrl":"https:\/\/www.travelatmorocco.com\/es\/wp-content\/uploads\/2024\/03\/Excursion-a-las-montanas-Imlil-y-Alto-Atlas.jpg","datePublished":"2019-12-05T15:00:40+00:00","dateModified":"2024-03-14T22:28:36+00:00","description":"Imlil, un peque\u00f1o pueblo Bereber con muchos hoteles y restaurantes, se encuentra a unos 70 km de Marrakech.","breadcrumb":{"@id":"https:\/\/www.travelatmorocco.com\/es\/excursion-a-las-montanas-imlil-y-alto-atlas\/#breadcrumb"},"inLanguage":"en-US","potentialAction":[{"@type":"ReadAction","target":["https:\/\/www.travelatmorocco.com\/es\/excursion-a-las-montanas-imlil-y-alto-atlas\/"]}]},{"@type":"ImageObject","inLanguage":"en-US","@id":"https:\/\/www.travelatmorocco.com\/es\/excursion-a-las-montanas-imlil-y-alto-atlas\/#primaryimage","url":"https:\/\/www.travelatmorocco.com\/es\/wp-content\/uploads\/2024\/03\/Excursion-a-las-montanas-Imlil-y-Alto-Atlas.jpg","contentUrl":"https:\/\/www.travelatmorocco.com\/es\/wp-content\/uploads\/2024\/03\/Excursion-a-las-montanas-Imlil-y-Alto-Atlas.jpg","width":799,"height":329,"caption":"Excursi\u00f3n a las monta\u00f1as Imlil y Alto Atlas"},{"@type":"BreadcrumbList","@id":"https:\/\/www.travelatmorocco.com\/es\/excursion-a-las-montanas-imlil-y-alto-atlas\/#breadcrumb","itemListElement":[{"@type":"ListItem","position":1,"name":"Home","item":"https:\/\/www.travelatmorocco.com\/es\/"},{"@type":"ListItem","position":2,"name":"Excursi\u00f3n a las monta\u00f1as Imlil y Alto Atlas"}]},{"@type":"WebSite","@id":"https:\/\/www.travelatmorocco.com\/es\/#website","url":"https:\/\/www.travelatmorocco.com\/es\/","name":"Travel At Morocco","description":"Viajes Por Marruecos - Aventura en el desierto","publisher":{"@id":"https:\/\/www.travelatmorocco.com\/es\/#organization"},"alternateName":"travelatmorocco.com","potentialAction":[{"@type":"SearchAction","target":{"@type":"EntryPoint","urlTemplate":"https:\/\/www.travelatmorocco.com\/es\/?s={search_term_string}"},"query-input":{"@type":"PropertyValueSpecification","valueRequired":true,"valueName":"search_term_string"}}],"inLanguage":"en-US"},{"@type":"Organization","@id":"https:\/\/www.travelatmorocco.com\/es\/#organization","name":"Travel At Morocco","url":"https:\/\/www.travelatmorocco.com\/es\/","logo":{"@type":"ImageObject","inLanguage":"en-US","@id":"https:\/\/www.travelatmorocco.com\/es\/#\/schema\/logo\/image\/","url":"https:\/\/www.travelatmorocco.com\/es\/wp-content\/uploads\/2022\/02\/logo_footer.png","contentUrl":"https:\/\/www.travelatmorocco.com\/es\/wp-content\/uploads\/2022\/02\/logo_footer.png","width":184,"height":90,"caption":"Travel At Morocco"},"image":{"@id":"https:\/\/www.travelatmorocco.com\/es\/#\/schema\/logo\/image\/"}}]}},"_links":{"self":[{"href":"https:\/\/www.travelatmorocco.com\/es\/wp-json\/wp\/v2\/pages\/6779","targetHints":{"allow":["GET"]}}],"collection":[{"href":"https:\/\/www.travelatmorocco.com\/es\/wp-json\/wp\/v2\/pages"}],"about":[{"href":"https:\/\/www.travelatmorocco.com\/es\/wp-json\/wp\/v2\/types\/page"}],"author":[{"embeddable":true,"href":"https:\/\/www.travelatmorocco.com\/es\/wp-json\/wp\/v2\/users\/1"}],"replies":[{"embeddable":true,"href":"https:\/\/www.travelatmorocco.com\/es\/wp-json\/wp\/v2\/comments?post=6779"}],"version-history":[{"count":33,"href":"https:\/\/www.travelatmorocco.com\/es\/wp-json\/wp\/v2\/pages\/6779\/revisions"}],"predecessor-version":[{"id":13275,"href":"https:\/\/www.travelatmorocco.com\/es\/wp-json\/wp\/v2\/pages\/6779\/revisions\/13275"}],"wp:attachment":[{"href":"https:\/\/www.travelatmorocco.com\/es\/wp-json\/wp\/v2\/media?parent=6779"}],"curies":[{"name":"wp","href":"https:\/\/api.w.org\/{rel}","templated":true}]}}