{"id":6766,"date":"2019-12-05T12:27:19","date_gmt":"2019-12-05T12:27:19","guid":{"rendered":"https:\/\/www.travelatmorocco.com\/day-trip-to-essaouira\/"},"modified":"2024-03-14T21:34:38","modified_gmt":"2024-03-14T21:34:38","slug":"excursion-a-essaouira","status":"publish","type":"page","link":"https:\/\/www.travelatmorocco.com\/es\/excursion-a-essaouira\/","title":{"rendered":"Excursi\u00f3n a Essaouira"},"content":{"rendered":"\t\t<div data-elementor-type=\"wp-page\" data-elementor-id=\"6766\" class=\"elementor elementor-6766\">\n\t\t\t\t\t\t<section class=\"elementor-section elementor-top-section elementor-element elementor-element-d79c493 elementor-section-boxed elementor-section-height-default elementor-section-height-default\" data-id=\"d79c493\" data-element_type=\"section\" data-e-type=\"section\">\n\t\t\t\t\t\t<div class=\"elementor-container elementor-column-gap-default\">\n\t\t\t\t\t<div class=\"elementor-column elementor-col-100 elementor-top-column elementor-element elementor-element-a9fed7d\" data-id=\"a9fed7d\" data-element_type=\"column\" data-e-type=\"column\">\n\t\t\t<div class=\"elementor-widget-wrap elementor-element-populated\">\n\t\t\t\t\t\t<div class=\"elementor-element elementor-element-134f7f0 elementor-widget elementor-widget-image\" data-id=\"134f7f0\" data-element_type=\"widget\" data-e-type=\"widget\" data-widget_type=\"image.default\">\n\t\t\t\t<div class=\"elementor-widget-container\">\n\t\t\t\t\t\t\t\t\t\t\t\t\t\t\t<img fetchpriority=\"high\" decoding=\"async\" width=\"1024\" height=\"339\" src=\"https:\/\/www.travelatmorocco.com\/es\/wp-content\/uploads\/2024\/02\/10-Dias-Desde-Marrakech-a-Sahara-Erg-Chebbi-y-Essaouira-1024x339.jpg\" class=\"attachment-large size-large wp-image-12126\" alt=\"10 D\u00edas Desde Marrakech a Sahara Erg Chebbi y Essaouira\" srcset=\"https:\/\/www.travelatmorocco.com\/es\/wp-content\/uploads\/2024\/02\/10-Dias-Desde-Marrakech-a-Sahara-Erg-Chebbi-y-Essaouira-1024x339.jpg 1024w, https:\/\/www.travelatmorocco.com\/es\/wp-content\/uploads\/2024\/02\/10-Dias-Desde-Marrakech-a-Sahara-Erg-Chebbi-y-Essaouira-300x99.jpg 300w, https:\/\/www.travelatmorocco.com\/es\/wp-content\/uploads\/2024\/02\/10-Dias-Desde-Marrakech-a-Sahara-Erg-Chebbi-y-Essaouira-768x254.jpg 768w, https:\/\/www.travelatmorocco.com\/es\/wp-content\/uploads\/2024\/02\/10-Dias-Desde-Marrakech-a-Sahara-Erg-Chebbi-y-Essaouira.jpg 1048w\" sizes=\"(max-width: 1024px) 100vw, 1024px\" \/>\t\t\t\t\t\t\t\t\t\t\t\t\t\t\t<\/div>\n\t\t\t\t<\/div>\n\t\t\t\t\t<\/div>\n\t\t<\/div>\n\t\t\t\t\t<\/div>\n\t\t<\/section>\n\t\t\t\t<section class=\"elementor-section elementor-top-section elementor-element elementor-element-2a893420 elementor-section-boxed elementor-section-height-default elementor-section-height-default\" data-id=\"2a893420\" data-element_type=\"section\" data-e-type=\"section\">\n\t\t\t\t\t\t<div class=\"elementor-container elementor-column-gap-default\">\n\t\t\t\t\t<div class=\"elementor-column elementor-col-100 elementor-top-column elementor-element elementor-element-64ab339e\" data-id=\"64ab339e\" data-element_type=\"column\" data-e-type=\"column\">\n\t\t\t<div class=\"elementor-widget-wrap elementor-element-populated\">\n\t\t\t\t\t\t<div class=\"elementor-element elementor-element-33f77b5a elementor-widget elementor-widget-text-editor\" data-id=\"33f77b5a\" data-element_type=\"widget\" data-e-type=\"widget\" data-widget_type=\"text-editor.default\">\n\t\t\t\t<div class=\"elementor-widget-container\">\n\t\t\t\t\t\t\t\t\t<p>Comienza la Excursi\u00f3n a Essaouira desde Marrakech a las 08h00. Cruza el Houaz hacia el pueblo de Sidi Lmokhtar, al oeste de Marrakech.<\/p><p>Essaouira, tambi\u00e9n conocida por el antiguo nombre portugu\u00e9s de Mogador, la ciudad de Essaouira se encuentra en la costa atl\u00e1ntica occidental, frente a las peque\u00f1as islas Purpureas o Mogador, golpeadas por los constantes vientos del norte tambi\u00e9n llamados Alisios. Su medina o centro hist\u00f3rico fue catalogado por la UNESCO como Patrimonio de la Humanidad en 2001. Sus magn\u00edficas playas atraen a muchos turistas, que buscan adem\u00e1s del sol, deportes de aventura relacionados con el Wind Surf, Windsurf y South Kite.<\/p><p>Tendr\u00e1n un descanso para tomar un caf\u00e9 y continuar\u00e1 pasando por el singular bosque de \u00e1rboles de arg\u00e1n situado en esta zona. Aqu\u00ed encontrar\u00e1n cabras trepando por los \u00e1rboles en busca de nueces de <a href=\"https:\/\/www.travelatmorocco.com\/es\/aceite-de-argan\/\">Arg\u00e1n<\/a>, un espect\u00e1culo maravilloso y poco com\u00fan de contemplar.<\/p><p>Pueden visitar en una cooperativa local que procesa el aceite de arg\u00e1n antes de continuar hacia el Val d&#8217;Argan, un vi\u00f1edo que fue establecido por un conocedor de vinos franceses. Si lo desea, puede tomar un poco de vino antes de salir hacia Essaouira.<\/p><p>llegada a Essaouira, Visitara la <a href=\"https:\/\/es.wikipedia.org\/wiki\/Mellah\">Medina<\/a>, Mellah (antiguo barrio jud\u00edo), la Kasbah (antiguo basti\u00f3n militar) y el puerto de pescadores.<\/p><p>El almuerzo ser\u00e1 servido en un restaurante local. Por la tarde, podr\u00e1n disfrutar de la ciudad, con sus hermosas playas y su ambiente relajado, tomar un caf\u00e9 o un t\u00e9 de menta en la famosa plaza Moulay Elhassan mientran escucha la m\u00fasica gnawa que se est\u00e1 tocando.<br \/>Despu\u00e9s de eso, vuesttro conductor os llevar\u00e1 de vuelta a Marrakech. Excursi\u00f3n de Marrakech a Essaouira terminar\u00e1 alrededor de las 18h00, ya que el conductor os dejar\u00e1 en vuestro hotel o riad.<\/p><h5><span style=\"color: #ff6600;\">\u00a0Incluido:<\/span><\/h5><ul><li>Transporte privado: 4\u00d74, minib\u00fas, autob\u00fas \/ veh\u00edculos con aire acondicionado.<\/li><li>Conductor \/ Gu\u00eda (multiling\u00fce)<\/li><li>Combustible de coche<\/li><\/ul><h5><span style=\"color: #ff6600;\">\u00a0No incluido:<\/span><\/h5><ul><li>Bebidas y almuerzos<\/li><li>Entradas a los monumentos<\/li><li>Consejos<\/li><\/ul><p style=\"text-align: center;\"><strong><em>\u00a0 Reserva:<\/em><\/strong><\/p><p style=\"text-align: center;\">Para el precio y m\u00e1s informaci\u00f3n, no dude en contactarnos, y h\u00e1ganos saber cuantas personas, y las fechas de su tour, nos pondremos en contacto con usted.<\/p>\t\t\t\t\t\t\t\t<\/div>\n\t\t\t\t<\/div>\n\t\t\t\t\t<\/div>\n\t\t<\/div>\n\t\t\t\t\t<\/div>\n\t\t<\/section>\n\t\t\t\t<\/div>\n\t\t","protected":false},"excerpt":{"rendered":"<p>Comienza la Excursi\u00f3n a Essaouira desde Marrakech a las 08h00. Cruza el Houaz hacia el pueblo de Sidi Lmokhtar, al oeste de Marrakech. Essaouira, tambi\u00e9n conocida por el antiguo nombre portugu\u00e9s de Mogador, la ciudad de Essaouira se encuentra en la costa atl\u00e1ntica occidental, frente a las peque\u00f1as islas Purpureas o Mogador, golpeadas por los &#8230; <a title=\"Excursi\u00f3n a Essaouira\" class=\"read-more\" href=\"https:\/\/www.travelatmorocco.com\/es\/excursion-a-essaouira\/\" aria-label=\"Read more about Excursi\u00f3n a Essaouira\">Read more<\/a><\/p>\n","protected":false},"author":1,"featured_media":0,"parent":0,"menu_order":0,"comment_status":"closed","ping_status":"closed","template":"","meta":{"_monsterinsights_skip_tracking":false,"_monsterinsights_sitenote_active":false,"_monsterinsights_sitenote_note":"","_monsterinsights_sitenote_category":0,"footnotes":""},"class_list":["post-6766","page","type-page","status-publish"],"yoast_head":"<!-- This site is optimized with the Yoast SEO Premium plugin v19.0 (Yoast SEO v27.3) - https:\/\/yoast.com\/product\/yoast-seo-premium-wordpress\/ -->\n<title>Excursi\u00f3n a Essaouira - Excursiones desde Marrakech<\/title>\n<meta name=\"description\" content=\"Comienza la Excursi\u00f3n a Essaouira desde Marrakech a las 08h00. Cruza el Houaz hacia el pueblo de Sidi Lmokhtar, al oeste de Marrakech.\" \/>\n<meta name=\"robots\" content=\"index, follow, max-snippet:-1, max-image-preview:large, max-video-preview:-1\" \/>\n<link rel=\"canonical\" href=\"https:\/\/www.travelatmorocco.com\/es\/excursion-a-essaouira\/\" \/>\n<meta property=\"og:locale\" content=\"en_US\" \/>\n<meta property=\"og:type\" content=\"article\" \/>\n<meta property=\"og:title\" content=\"Excursi\u00f3n a Essaouira\" \/>\n<meta property=\"og:description\" content=\"Comienza la Excursi\u00f3n a Essaouira desde Marrakech a las 08h00. Cruza el Houaz hacia el pueblo de Sidi Lmokhtar, al oeste de Marrakech.\" \/>\n<meta property=\"og:url\" content=\"https:\/\/www.travelatmorocco.com\/es\/excursion-a-essaouira\/\" \/>\n<meta property=\"og:site_name\" content=\"Travel At Morocco\" \/>\n<meta property=\"article:modified_time\" content=\"2024-03-14T21:34:38+00:00\" \/>\n<meta property=\"og:image\" content=\"https:\/\/www.travelatmorocco.com\/es\/wp-content\/uploads\/2024\/02\/10-Dias-Desde-Marrakech-a-Sahara-Erg-Chebbi-y-Essaouira-1024x339.jpg\" \/>\n<meta name=\"twitter:card\" content=\"summary_large_image\" \/>\n<meta name=\"twitter:label1\" content=\"Est. reading time\" \/>\n\t<meta name=\"twitter:data1\" content=\"2 minutes\" \/>\n<script type=\"application\/ld+json\" class=\"yoast-schema-graph\">{\"@context\":\"https:\\\/\\\/schema.org\",\"@graph\":[{\"@type\":\"WebPage\",\"@id\":\"https:\\\/\\\/www.travelatmorocco.com\\\/es\\\/excursion-a-essaouira\\\/\",\"url\":\"https:\\\/\\\/www.travelatmorocco.com\\\/es\\\/excursion-a-essaouira\\\/\",\"name\":\"Excursi\u00f3n a Essaouira - Excursiones desde Marrakech\",\"isPartOf\":{\"@id\":\"https:\\\/\\\/www.travelatmorocco.com\\\/es\\\/#website\"},\"primaryImageOfPage\":{\"@id\":\"https:\\\/\\\/www.travelatmorocco.com\\\/es\\\/excursion-a-essaouira\\\/#primaryimage\"},\"image\":{\"@id\":\"https:\\\/\\\/www.travelatmorocco.com\\\/es\\\/excursion-a-essaouira\\\/#primaryimage\"},\"thumbnailUrl\":\"https:\\\/\\\/www.travelatmorocco.com\\\/es\\\/wp-content\\\/uploads\\\/2024\\\/02\\\/10-Dias-Desde-Marrakech-a-Sahara-Erg-Chebbi-y-Essaouira-1024x339.jpg\",\"datePublished\":\"2019-12-05T12:27:19+00:00\",\"dateModified\":\"2024-03-14T21:34:38+00:00\",\"description\":\"Comienza la Excursi\u00f3n a Essaouira desde Marrakech a las 08h00. Cruza el Houaz hacia el pueblo de Sidi Lmokhtar, al oeste de Marrakech.\",\"breadcrumb\":{\"@id\":\"https:\\\/\\\/www.travelatmorocco.com\\\/es\\\/excursion-a-essaouira\\\/#breadcrumb\"},\"inLanguage\":\"en-US\",\"potentialAction\":[{\"@type\":\"ReadAction\",\"target\":[\"https:\\\/\\\/www.travelatmorocco.com\\\/es\\\/excursion-a-essaouira\\\/\"]}]},{\"@type\":\"ImageObject\",\"inLanguage\":\"en-US\",\"@id\":\"https:\\\/\\\/www.travelatmorocco.com\\\/es\\\/excursion-a-essaouira\\\/#primaryimage\",\"url\":\"https:\\\/\\\/www.travelatmorocco.com\\\/es\\\/wp-content\\\/uploads\\\/2024\\\/02\\\/10-Dias-Desde-Marrakech-a-Sahara-Erg-Chebbi-y-Essaouira.jpg\",\"contentUrl\":\"https:\\\/\\\/www.travelatmorocco.com\\\/es\\\/wp-content\\\/uploads\\\/2024\\\/02\\\/10-Dias-Desde-Marrakech-a-Sahara-Erg-Chebbi-y-Essaouira.jpg\",\"width\":1048,\"height\":347,\"caption\":\"10 D\u00edas Desde Marrakech a Sahara Erg Chebbi y Essaouira\"},{\"@type\":\"BreadcrumbList\",\"@id\":\"https:\\\/\\\/www.travelatmorocco.com\\\/es\\\/excursion-a-essaouira\\\/#breadcrumb\",\"itemListElement\":[{\"@type\":\"ListItem\",\"position\":1,\"name\":\"Home\",\"item\":\"https:\\\/\\\/www.travelatmorocco.com\\\/es\\\/\"},{\"@type\":\"ListItem\",\"position\":2,\"name\":\"Excursi\u00f3n a Essaouira\"}]},{\"@type\":\"WebSite\",\"@id\":\"https:\\\/\\\/www.travelatmorocco.com\\\/es\\\/#website\",\"url\":\"https:\\\/\\\/www.travelatmorocco.com\\\/es\\\/\",\"name\":\"Travel At Morocco\",\"description\":\"Viajes Por Marruecos - Aventura en el desierto\",\"publisher\":{\"@id\":\"https:\\\/\\\/www.travelatmorocco.com\\\/es\\\/#organization\"},\"alternateName\":\"travelatmorocco.com\",\"potentialAction\":[{\"@type\":\"SearchAction\",\"target\":{\"@type\":\"EntryPoint\",\"urlTemplate\":\"https:\\\/\\\/www.travelatmorocco.com\\\/es\\\/?s={search_term_string}\"},\"query-input\":{\"@type\":\"PropertyValueSpecification\",\"valueRequired\":true,\"valueName\":\"search_term_string\"}}],\"inLanguage\":\"en-US\"},{\"@type\":\"Organization\",\"@id\":\"https:\\\/\\\/www.travelatmorocco.com\\\/es\\\/#organization\",\"name\":\"Travel At Morocco\",\"url\":\"https:\\\/\\\/www.travelatmorocco.com\\\/es\\\/\",\"logo\":{\"@type\":\"ImageObject\",\"inLanguage\":\"en-US\",\"@id\":\"https:\\\/\\\/www.travelatmorocco.com\\\/es\\\/#\\\/schema\\\/logo\\\/image\\\/\",\"url\":\"https:\\\/\\\/www.travelatmorocco.com\\\/es\\\/wp-content\\\/uploads\\\/2022\\\/02\\\/logo_footer.png\",\"contentUrl\":\"https:\\\/\\\/www.travelatmorocco.com\\\/es\\\/wp-content\\\/uploads\\\/2022\\\/02\\\/logo_footer.png\",\"width\":184,\"height\":90,\"caption\":\"Travel At Morocco\"},\"image\":{\"@id\":\"https:\\\/\\\/www.travelatmorocco.com\\\/es\\\/#\\\/schema\\\/logo\\\/image\\\/\"}}]}<\/script>\n<!-- \/ Yoast SEO Premium plugin. -->","yoast_head_json":{"title":"Excursi\u00f3n a Essaouira - Excursiones desde Marrakech","description":"Comienza la Excursi\u00f3n a Essaouira desde Marrakech a las 08h00. Cruza el Houaz hacia el pueblo de Sidi Lmokhtar, al oeste de Marrakech.","robots":{"index":"index","follow":"follow","max-snippet":"max-snippet:-1","max-image-preview":"max-image-preview:large","max-video-preview":"max-video-preview:-1"},"canonical":"https:\/\/www.travelatmorocco.com\/es\/excursion-a-essaouira\/","og_locale":"en_US","og_type":"article","og_title":"Excursi\u00f3n a Essaouira","og_description":"Comienza la Excursi\u00f3n a Essaouira desde Marrakech a las 08h00. Cruza el Houaz hacia el pueblo de Sidi Lmokhtar, al oeste de Marrakech.","og_url":"https:\/\/www.travelatmorocco.com\/es\/excursion-a-essaouira\/","og_site_name":"Travel At Morocco","article_modified_time":"2024-03-14T21:34:38+00:00","og_image":[{"url":"https:\/\/www.travelatmorocco.com\/es\/wp-content\/uploads\/2024\/02\/10-Dias-Desde-Marrakech-a-Sahara-Erg-Chebbi-y-Essaouira-1024x339.jpg","type":"","width":"","height":""}],"twitter_card":"summary_large_image","twitter_misc":{"Est. reading time":"2 minutes"},"schema":{"@context":"https:\/\/schema.org","@graph":[{"@type":"WebPage","@id":"https:\/\/www.travelatmorocco.com\/es\/excursion-a-essaouira\/","url":"https:\/\/www.travelatmorocco.com\/es\/excursion-a-essaouira\/","name":"Excursi\u00f3n a Essaouira - Excursiones desde Marrakech","isPartOf":{"@id":"https:\/\/www.travelatmorocco.com\/es\/#website"},"primaryImageOfPage":{"@id":"https:\/\/www.travelatmorocco.com\/es\/excursion-a-essaouira\/#primaryimage"},"image":{"@id":"https:\/\/www.travelatmorocco.com\/es\/excursion-a-essaouira\/#primaryimage"},"thumbnailUrl":"https:\/\/www.travelatmorocco.com\/es\/wp-content\/uploads\/2024\/02\/10-Dias-Desde-Marrakech-a-Sahara-Erg-Chebbi-y-Essaouira-1024x339.jpg","datePublished":"2019-12-05T12:27:19+00:00","dateModified":"2024-03-14T21:34:38+00:00","description":"Comienza la Excursi\u00f3n a Essaouira desde Marrakech a las 08h00. Cruza el Houaz hacia el pueblo de Sidi Lmokhtar, al oeste de Marrakech.","breadcrumb":{"@id":"https:\/\/www.travelatmorocco.com\/es\/excursion-a-essaouira\/#breadcrumb"},"inLanguage":"en-US","potentialAction":[{"@type":"ReadAction","target":["https:\/\/www.travelatmorocco.com\/es\/excursion-a-essaouira\/"]}]},{"@type":"ImageObject","inLanguage":"en-US","@id":"https:\/\/www.travelatmorocco.com\/es\/excursion-a-essaouira\/#primaryimage","url":"https:\/\/www.travelatmorocco.com\/es\/wp-content\/uploads\/2024\/02\/10-Dias-Desde-Marrakech-a-Sahara-Erg-Chebbi-y-Essaouira.jpg","contentUrl":"https:\/\/www.travelatmorocco.com\/es\/wp-content\/uploads\/2024\/02\/10-Dias-Desde-Marrakech-a-Sahara-Erg-Chebbi-y-Essaouira.jpg","width":1048,"height":347,"caption":"10 D\u00edas Desde Marrakech a Sahara Erg Chebbi y Essaouira"},{"@type":"BreadcrumbList","@id":"https:\/\/www.travelatmorocco.com\/es\/excursion-a-essaouira\/#breadcrumb","itemListElement":[{"@type":"ListItem","position":1,"name":"Home","item":"https:\/\/www.travelatmorocco.com\/es\/"},{"@type":"ListItem","position":2,"name":"Excursi\u00f3n a Essaouira"}]},{"@type":"WebSite","@id":"https:\/\/www.travelatmorocco.com\/es\/#website","url":"https:\/\/www.travelatmorocco.com\/es\/","name":"Travel At Morocco","description":"Viajes Por Marruecos - Aventura en el desierto","publisher":{"@id":"https:\/\/www.travelatmorocco.com\/es\/#organization"},"alternateName":"travelatmorocco.com","potentialAction":[{"@type":"SearchAction","target":{"@type":"EntryPoint","urlTemplate":"https:\/\/www.travelatmorocco.com\/es\/?s={search_term_string}"},"query-input":{"@type":"PropertyValueSpecification","valueRequired":true,"valueName":"search_term_string"}}],"inLanguage":"en-US"},{"@type":"Organization","@id":"https:\/\/www.travelatmorocco.com\/es\/#organization","name":"Travel At Morocco","url":"https:\/\/www.travelatmorocco.com\/es\/","logo":{"@type":"ImageObject","inLanguage":"en-US","@id":"https:\/\/www.travelatmorocco.com\/es\/#\/schema\/logo\/image\/","url":"https:\/\/www.travelatmorocco.com\/es\/wp-content\/uploads\/2022\/02\/logo_footer.png","contentUrl":"https:\/\/www.travelatmorocco.com\/es\/wp-content\/uploads\/2022\/02\/logo_footer.png","width":184,"height":90,"caption":"Travel At Morocco"},"image":{"@id":"https:\/\/www.travelatmorocco.com\/es\/#\/schema\/logo\/image\/"}}]}},"_links":{"self":[{"href":"https:\/\/www.travelatmorocco.com\/es\/wp-json\/wp\/v2\/pages\/6766","targetHints":{"allow":["GET"]}}],"collection":[{"href":"https:\/\/www.travelatmorocco.com\/es\/wp-json\/wp\/v2\/pages"}],"about":[{"href":"https:\/\/www.travelatmorocco.com\/es\/wp-json\/wp\/v2\/types\/page"}],"author":[{"embeddable":true,"href":"https:\/\/www.travelatmorocco.com\/es\/wp-json\/wp\/v2\/users\/1"}],"replies":[{"embeddable":true,"href":"https:\/\/www.travelatmorocco.com\/es\/wp-json\/wp\/v2\/comments?post=6766"}],"version-history":[{"count":15,"href":"https:\/\/www.travelatmorocco.com\/es\/wp-json\/wp\/v2\/pages\/6766\/revisions"}],"predecessor-version":[{"id":13169,"href":"https:\/\/www.travelatmorocco.com\/es\/wp-json\/wp\/v2\/pages\/6766\/revisions\/13169"}],"wp:attachment":[{"href":"https:\/\/www.travelatmorocco.com\/es\/wp-json\/wp\/v2\/media?parent=6766"}],"curies":[{"name":"wp","href":"https:\/\/api.w.org\/{rel}","templated":true}]}}