{"id":6594,"date":"2019-12-05T15:43:40","date_gmt":"2019-12-05T15:43:40","guid":{"rendered":"https:\/\/www.travelatmorocco.com\/middle-atlas-mountains\/"},"modified":"2024-03-14T22:44:01","modified_gmt":"2024-03-14T22:44:01","slug":"excursion-las-montanas-del-medio-atlas","status":"publish","type":"page","link":"https:\/\/www.travelatmorocco.com\/es\/excursion-las-montanas-del-medio-atlas\/","title":{"rendered":"Excursi\u00f3n a las monta\u00f1as del Medio Atlas"},"content":{"rendered":"\t\t<div data-elementor-type=\"wp-page\" data-elementor-id=\"6594\" class=\"elementor elementor-6594\">\n\t\t\t\t\t\t<section class=\"elementor-section elementor-top-section elementor-element elementor-element-2b1b94f elementor-section-boxed elementor-section-height-default elementor-section-height-default\" data-id=\"2b1b94f\" data-element_type=\"section\" data-e-type=\"section\">\n\t\t\t\t\t\t<div class=\"elementor-container elementor-column-gap-default\">\n\t\t\t\t\t<div class=\"elementor-column elementor-col-100 elementor-top-column elementor-element elementor-element-218022d\" data-id=\"218022d\" data-element_type=\"column\" data-e-type=\"column\">\n\t\t\t<div class=\"elementor-widget-wrap elementor-element-populated\">\n\t\t\t\t\t\t<div class=\"elementor-element elementor-element-6431915 elementor-widget elementor-widget-image\" data-id=\"6431915\" data-element_type=\"widget\" data-e-type=\"widget\" data-widget_type=\"image.default\">\n\t\t\t\t<div class=\"elementor-widget-container\">\n\t\t\t\t\t\t\t\t\t\t\t\t\t\t\t<img fetchpriority=\"high\" decoding=\"async\" width=\"800\" height=\"289\" src=\"https:\/\/www.travelatmorocco.com\/es\/wp-content\/uploads\/2024\/03\/Excursion-a-las-montanas-del-Medio-Atlas.jpg\" class=\"attachment-large size-large wp-image-13294\" alt=\"Excursi\u00f3n a las monta\u00f1as del Medio Atlas\" srcset=\"https:\/\/www.travelatmorocco.com\/es\/wp-content\/uploads\/2024\/03\/Excursion-a-las-montanas-del-Medio-Atlas.jpg 800w, https:\/\/www.travelatmorocco.com\/es\/wp-content\/uploads\/2024\/03\/Excursion-a-las-montanas-del-Medio-Atlas-300x108.jpg 300w, https:\/\/www.travelatmorocco.com\/es\/wp-content\/uploads\/2024\/03\/Excursion-a-las-montanas-del-Medio-Atlas-768x277.jpg 768w\" sizes=\"(max-width: 800px) 100vw, 800px\" \/>\t\t\t\t\t\t\t\t\t\t\t\t\t\t\t<\/div>\n\t\t\t\t<\/div>\n\t\t\t\t\t<\/div>\n\t\t<\/div>\n\t\t\t\t\t<\/div>\n\t\t<\/section>\n\t\t\t\t<section class=\"elementor-section elementor-top-section elementor-element elementor-element-7821c765 elementor-section-boxed elementor-section-height-default elementor-section-height-default\" data-id=\"7821c765\" data-element_type=\"section\" data-e-type=\"section\">\n\t\t\t\t\t\t<div class=\"elementor-container elementor-column-gap-default\">\n\t\t\t\t\t<div class=\"elementor-column elementor-col-100 elementor-top-column elementor-element elementor-element-4c7f1e33\" data-id=\"4c7f1e33\" data-element_type=\"column\" data-e-type=\"column\">\n\t\t\t<div class=\"elementor-widget-wrap elementor-element-populated\">\n\t\t\t\t\t\t<div class=\"elementor-element elementor-element-765a8e4c elementor-widget elementor-widget-text-editor\" data-id=\"765a8e4c\" data-element_type=\"widget\" data-e-type=\"widget\" data-widget_type=\"text-editor.default\">\n\t\t\t\t<div class=\"elementor-widget-container\">\n\t\t\t\t\t\t\t\t\t<div id=\"cmsmasters_row_5de923c3aaa74\" class=\"cmsmasters_row cmsmasters_color_scheme_default cmsmasters_row_top_default cmsmasters_row_bot_default cmsmasters_row_boxed\"><div class=\"cmsmasters_row_outer_parent\"><div class=\"cmsmasters_row_outer\"><div class=\"cmsmasters_row_inner\"><div class=\"cmsmasters_row_margin cmsmasters_11\"><div class=\"cmsmasters_column one_first\"><div class=\"cmsmasters_text\"><p>Excursi\u00f3n a las monta\u00f1as del Medio Atlas, \u00fanase a nosotros en esta fabulosa expedici\u00f3n a trav\u00e9s de algunas de las \u00e1reas m\u00e1s emocionantes del Atlas Medio en Marruecos, encendiendo su entusiasmo por explorar el paisaje diverso de la regi\u00f3n.<\/p><p>Nuestra excursi\u00f3n comienza en <a href=\"https:\/\/fr.wikipedia.org\/whttps:\/\/es.wikipedia.org\/wiki\/Feziki\/F%C3%A8s\">Fez<\/a>, mientras atravesamos los f\u00e9rtiles pastizales de Sais, uno de los mesetas m\u00e1s f\u00e9rtiles del pa\u00eds.<\/p><p>A medida que avanzamos, el paisaje se transforma, revelando las majestuosas cumbres de las monta\u00f1as del Atlas Medio.<\/p><p>Nuestra primera parada es el encantador pueblo de Imouzer, conocido por su Festival Anual de la Manzana que se celebra en septiembre. Imouzer cuenta con pintorescos lagos formados por actividad volc\u00e1nica antigua.<\/p><p>Continuando hacia adelante, nos dirigimos a Ifrane, a menudo llamada la &#8220;Suiza de <a href=\"https:\/\/www.travelatmorocco.com\/es\/sobre-marruecos\/\">Marruecos<\/a>&#8220;. Enclavada en medio de bosques de robles, Ifrane experimenta fuertes nevadas durante los meses de invierno, ofreciendo un refrescante escape del calor del verano.<\/p><p>Explore el Parque Nacional de Ifrane, hogar de una multitud de vida silvestre, incluyendo una importante poblaci\u00f3n de monos y vastos bosques de cedros.<\/p><p>Desde Ifrane, nuestra excursi\u00f3n\u00a0nos lleva a Azrou, una impresionante \u00e1rea en el coraz\u00f3n del Atlas Medio. El nombre &#8220;Azrou&#8221; se traduce como &#8220;roca&#8221; en tamazight, en referencia a la prominente formaci\u00f3n rocosa ubicada junto a la gran mezquita de la ciudad. Azrou cuenta con un ambiente relajado, perfecto para hacer senderismo en sus alrededores boscosos, y es conocido por su bullicioso mercado que ofrece una variedad de productos artesanales.<\/p><p>Despu\u00e9s de un d\u00eda de exploraci\u00f3n, regresamos a Fes, concluyendo nuestro inolvidable viaje a trav\u00e9s de los cautivadores paisajes del Atlas Medio.<\/p><\/div><\/div><\/div><\/div><\/div><\/div><\/div><h5><span style=\"color: #ff6600;\">Incluido:<\/span><\/h5><ul><li>Transporte privado: 4\u00d74, minib\u00fas, autob\u00fas \/ veh\u00edculos con aire acondicionado.<\/li><li>Conductor \/ Gu\u00eda (multiling\u00fce)<\/li><li>Combustible de coche<\/li><\/ul><h5><span style=\"color: #ff6600;\">\u00a0No incluido:<\/span><\/h5><ul><li>Bebidas y almuerzos<\/li><li>Entradas a los monumentos<\/li><li>Consejos<\/li><\/ul><p style=\"text-align: center;\"><strong><em>\u00a0 Reserva:<\/em><\/strong><\/p><p style=\"text-align: center;\">Para el precio y m\u00e1s informaci\u00f3n, no dude en contactarnos, y h\u00e1ganos saber cuantas personas, y las fechas de su Excursi\u00f3n, nos pondremos en contacto con usted.<\/p>\t\t\t\t\t\t\t\t<\/div>\n\t\t\t\t<\/div>\n\t\t\t\t\t<\/div>\n\t\t<\/div>\n\t\t\t\t\t<\/div>\n\t\t<\/section>\n\t\t\t\t<\/div>\n\t\t","protected":false},"excerpt":{"rendered":"<p>Excursi\u00f3n a las monta\u00f1as del Medio Atlas, \u00fanase a nosotros en esta fabulosa expedici\u00f3n a trav\u00e9s de algunas de las \u00e1reas m\u00e1s emocionantes del Atlas Medio en Marruecos, encendiendo su entusiasmo por explorar el paisaje diverso de la regi\u00f3n. Nuestra excursi\u00f3n comienza en Fez, mientras atravesamos los f\u00e9rtiles pastizales de Sais, uno de los mesetas &#8230; <a title=\"Excursi\u00f3n a las monta\u00f1as del Medio Atlas\" class=\"read-more\" href=\"https:\/\/www.travelatmorocco.com\/es\/excursion-las-montanas-del-medio-atlas\/\" aria-label=\"Read more about Excursi\u00f3n a las monta\u00f1as del Medio Atlas\">Read more<\/a><\/p>\n","protected":false},"author":1,"featured_media":0,"parent":0,"menu_order":0,"comment_status":"closed","ping_status":"closed","template":"","meta":{"_monsterinsights_skip_tracking":false,"_monsterinsights_sitenote_active":false,"_monsterinsights_sitenote_note":"","_monsterinsights_sitenote_category":0,"footnotes":""},"class_list":["post-6594","page","type-page","status-publish"],"yoast_head":"<!-- This site is optimized with the Yoast SEO Premium plugin v19.0 (Yoast SEO v27.3) - https:\/\/yoast.com\/product\/yoast-seo-premium-wordpress\/ -->\n<title>Excursi\u00f3n a las monta\u00f1as del Medio Atlas - Travel At Morocco<\/title>\n<meta name=\"description\" content=\"Excursi\u00f3n a las monta\u00f1as del Medio Atlas, \u00fanase a nosotros en esta fabulosa expedici\u00f3n a trav\u00e9s de algunas de las \u00e1reas m\u00e1s emocionantes\" \/>\n<meta name=\"robots\" content=\"index, follow, max-snippet:-1, max-image-preview:large, max-video-preview:-1\" \/>\n<link rel=\"canonical\" href=\"https:\/\/www.travelatmorocco.com\/es\/excursion-las-montanas-del-medio-atlas\/\" \/>\n<meta property=\"og:locale\" content=\"en_US\" \/>\n<meta property=\"og:type\" content=\"article\" \/>\n<meta property=\"og:title\" content=\"Excursi\u00f3n a las monta\u00f1as del Medio Atlas\" \/>\n<meta property=\"og:description\" content=\"Excursi\u00f3n a las monta\u00f1as del Medio Atlas, \u00fanase a nosotros en esta fabulosa expedici\u00f3n a trav\u00e9s de algunas de las \u00e1reas m\u00e1s emocionantes\" \/>\n<meta property=\"og:url\" content=\"https:\/\/www.travelatmorocco.com\/es\/excursion-las-montanas-del-medio-atlas\/\" \/>\n<meta property=\"og:site_name\" content=\"Travel At Morocco\" \/>\n<meta property=\"article:modified_time\" content=\"2024-03-14T22:44:01+00:00\" \/>\n<meta property=\"og:image\" content=\"https:\/\/www.travelatmorocco.com\/es\/wp-content\/uploads\/2024\/03\/Excursion-a-las-montanas-del-Medio-Atlas.jpg\" \/>\n<meta name=\"twitter:card\" content=\"summary_large_image\" \/>\n<meta name=\"twitter:label1\" content=\"Est. reading time\" \/>\n\t<meta name=\"twitter:data1\" content=\"2 minutes\" \/>\n<script type=\"application\/ld+json\" class=\"yoast-schema-graph\">{\"@context\":\"https:\\\/\\\/schema.org\",\"@graph\":[{\"@type\":\"WebPage\",\"@id\":\"https:\\\/\\\/www.travelatmorocco.com\\\/es\\\/excursion-las-montanas-del-medio-atlas\\\/\",\"url\":\"https:\\\/\\\/www.travelatmorocco.com\\\/es\\\/excursion-las-montanas-del-medio-atlas\\\/\",\"name\":\"Excursi\u00f3n a las monta\u00f1as del Medio Atlas - Travel At Morocco\",\"isPartOf\":{\"@id\":\"https:\\\/\\\/www.travelatmorocco.com\\\/es\\\/#website\"},\"primaryImageOfPage\":{\"@id\":\"https:\\\/\\\/www.travelatmorocco.com\\\/es\\\/excursion-las-montanas-del-medio-atlas\\\/#primaryimage\"},\"image\":{\"@id\":\"https:\\\/\\\/www.travelatmorocco.com\\\/es\\\/excursion-las-montanas-del-medio-atlas\\\/#primaryimage\"},\"thumbnailUrl\":\"https:\\\/\\\/www.travelatmorocco.com\\\/es\\\/wp-content\\\/uploads\\\/2024\\\/03\\\/Excursion-a-las-montanas-del-Medio-Atlas.jpg\",\"datePublished\":\"2019-12-05T15:43:40+00:00\",\"dateModified\":\"2024-03-14T22:44:01+00:00\",\"description\":\"Excursi\u00f3n a las monta\u00f1as del Medio Atlas, \u00fanase a nosotros en esta fabulosa expedici\u00f3n a trav\u00e9s de algunas de las \u00e1reas m\u00e1s emocionantes\",\"breadcrumb\":{\"@id\":\"https:\\\/\\\/www.travelatmorocco.com\\\/es\\\/excursion-las-montanas-del-medio-atlas\\\/#breadcrumb\"},\"inLanguage\":\"en-US\",\"potentialAction\":[{\"@type\":\"ReadAction\",\"target\":[\"https:\\\/\\\/www.travelatmorocco.com\\\/es\\\/excursion-las-montanas-del-medio-atlas\\\/\"]}]},{\"@type\":\"ImageObject\",\"inLanguage\":\"en-US\",\"@id\":\"https:\\\/\\\/www.travelatmorocco.com\\\/es\\\/excursion-las-montanas-del-medio-atlas\\\/#primaryimage\",\"url\":\"https:\\\/\\\/www.travelatmorocco.com\\\/es\\\/wp-content\\\/uploads\\\/2024\\\/03\\\/Excursion-a-las-montanas-del-Medio-Atlas.jpg\",\"contentUrl\":\"https:\\\/\\\/www.travelatmorocco.com\\\/es\\\/wp-content\\\/uploads\\\/2024\\\/03\\\/Excursion-a-las-montanas-del-Medio-Atlas.jpg\",\"width\":800,\"height\":289,\"caption\":\"Excursi\u00f3n a las monta\u00f1as del Medio Atlas\"},{\"@type\":\"BreadcrumbList\",\"@id\":\"https:\\\/\\\/www.travelatmorocco.com\\\/es\\\/excursion-las-montanas-del-medio-atlas\\\/#breadcrumb\",\"itemListElement\":[{\"@type\":\"ListItem\",\"position\":1,\"name\":\"Home\",\"item\":\"https:\\\/\\\/www.travelatmorocco.com\\\/es\\\/\"},{\"@type\":\"ListItem\",\"position\":2,\"name\":\"Excursi\u00f3n a las monta\u00f1as del Medio Atlas\"}]},{\"@type\":\"WebSite\",\"@id\":\"https:\\\/\\\/www.travelatmorocco.com\\\/es\\\/#website\",\"url\":\"https:\\\/\\\/www.travelatmorocco.com\\\/es\\\/\",\"name\":\"Travel At Morocco\",\"description\":\"Viajes Por Marruecos - Aventura en el desierto\",\"publisher\":{\"@id\":\"https:\\\/\\\/www.travelatmorocco.com\\\/es\\\/#organization\"},\"alternateName\":\"travelatmorocco.com\",\"potentialAction\":[{\"@type\":\"SearchAction\",\"target\":{\"@type\":\"EntryPoint\",\"urlTemplate\":\"https:\\\/\\\/www.travelatmorocco.com\\\/es\\\/?s={search_term_string}\"},\"query-input\":{\"@type\":\"PropertyValueSpecification\",\"valueRequired\":true,\"valueName\":\"search_term_string\"}}],\"inLanguage\":\"en-US\"},{\"@type\":\"Organization\",\"@id\":\"https:\\\/\\\/www.travelatmorocco.com\\\/es\\\/#organization\",\"name\":\"Travel At Morocco\",\"url\":\"https:\\\/\\\/www.travelatmorocco.com\\\/es\\\/\",\"logo\":{\"@type\":\"ImageObject\",\"inLanguage\":\"en-US\",\"@id\":\"https:\\\/\\\/www.travelatmorocco.com\\\/es\\\/#\\\/schema\\\/logo\\\/image\\\/\",\"url\":\"https:\\\/\\\/www.travelatmorocco.com\\\/es\\\/wp-content\\\/uploads\\\/2022\\\/02\\\/logo_footer.png\",\"contentUrl\":\"https:\\\/\\\/www.travelatmorocco.com\\\/es\\\/wp-content\\\/uploads\\\/2022\\\/02\\\/logo_footer.png\",\"width\":184,\"height\":90,\"caption\":\"Travel At Morocco\"},\"image\":{\"@id\":\"https:\\\/\\\/www.travelatmorocco.com\\\/es\\\/#\\\/schema\\\/logo\\\/image\\\/\"}}]}<\/script>\n<!-- \/ Yoast SEO Premium plugin. -->","yoast_head_json":{"title":"Excursi\u00f3n a las monta\u00f1as del Medio Atlas - Travel At Morocco","description":"Excursi\u00f3n a las monta\u00f1as del Medio Atlas, \u00fanase a nosotros en esta fabulosa expedici\u00f3n a trav\u00e9s de algunas de las \u00e1reas m\u00e1s emocionantes","robots":{"index":"index","follow":"follow","max-snippet":"max-snippet:-1","max-image-preview":"max-image-preview:large","max-video-preview":"max-video-preview:-1"},"canonical":"https:\/\/www.travelatmorocco.com\/es\/excursion-las-montanas-del-medio-atlas\/","og_locale":"en_US","og_type":"article","og_title":"Excursi\u00f3n a las monta\u00f1as del Medio Atlas","og_description":"Excursi\u00f3n a las monta\u00f1as del Medio Atlas, \u00fanase a nosotros en esta fabulosa expedici\u00f3n a trav\u00e9s de algunas de las \u00e1reas m\u00e1s emocionantes","og_url":"https:\/\/www.travelatmorocco.com\/es\/excursion-las-montanas-del-medio-atlas\/","og_site_name":"Travel At Morocco","article_modified_time":"2024-03-14T22:44:01+00:00","og_image":[{"url":"https:\/\/www.travelatmorocco.com\/es\/wp-content\/uploads\/2024\/03\/Excursion-a-las-montanas-del-Medio-Atlas.jpg","type":"","width":"","height":""}],"twitter_card":"summary_large_image","twitter_misc":{"Est. reading time":"2 minutes"},"schema":{"@context":"https:\/\/schema.org","@graph":[{"@type":"WebPage","@id":"https:\/\/www.travelatmorocco.com\/es\/excursion-las-montanas-del-medio-atlas\/","url":"https:\/\/www.travelatmorocco.com\/es\/excursion-las-montanas-del-medio-atlas\/","name":"Excursi\u00f3n a las monta\u00f1as del Medio Atlas - Travel At Morocco","isPartOf":{"@id":"https:\/\/www.travelatmorocco.com\/es\/#website"},"primaryImageOfPage":{"@id":"https:\/\/www.travelatmorocco.com\/es\/excursion-las-montanas-del-medio-atlas\/#primaryimage"},"image":{"@id":"https:\/\/www.travelatmorocco.com\/es\/excursion-las-montanas-del-medio-atlas\/#primaryimage"},"thumbnailUrl":"https:\/\/www.travelatmorocco.com\/es\/wp-content\/uploads\/2024\/03\/Excursion-a-las-montanas-del-Medio-Atlas.jpg","datePublished":"2019-12-05T15:43:40+00:00","dateModified":"2024-03-14T22:44:01+00:00","description":"Excursi\u00f3n a las monta\u00f1as del Medio Atlas, \u00fanase a nosotros en esta fabulosa expedici\u00f3n a trav\u00e9s de algunas de las \u00e1reas m\u00e1s emocionantes","breadcrumb":{"@id":"https:\/\/www.travelatmorocco.com\/es\/excursion-las-montanas-del-medio-atlas\/#breadcrumb"},"inLanguage":"en-US","potentialAction":[{"@type":"ReadAction","target":["https:\/\/www.travelatmorocco.com\/es\/excursion-las-montanas-del-medio-atlas\/"]}]},{"@type":"ImageObject","inLanguage":"en-US","@id":"https:\/\/www.travelatmorocco.com\/es\/excursion-las-montanas-del-medio-atlas\/#primaryimage","url":"https:\/\/www.travelatmorocco.com\/es\/wp-content\/uploads\/2024\/03\/Excursion-a-las-montanas-del-Medio-Atlas.jpg","contentUrl":"https:\/\/www.travelatmorocco.com\/es\/wp-content\/uploads\/2024\/03\/Excursion-a-las-montanas-del-Medio-Atlas.jpg","width":800,"height":289,"caption":"Excursi\u00f3n a las monta\u00f1as del Medio Atlas"},{"@type":"BreadcrumbList","@id":"https:\/\/www.travelatmorocco.com\/es\/excursion-las-montanas-del-medio-atlas\/#breadcrumb","itemListElement":[{"@type":"ListItem","position":1,"name":"Home","item":"https:\/\/www.travelatmorocco.com\/es\/"},{"@type":"ListItem","position":2,"name":"Excursi\u00f3n a las monta\u00f1as del Medio Atlas"}]},{"@type":"WebSite","@id":"https:\/\/www.travelatmorocco.com\/es\/#website","url":"https:\/\/www.travelatmorocco.com\/es\/","name":"Travel At Morocco","description":"Viajes Por Marruecos - Aventura en el desierto","publisher":{"@id":"https:\/\/www.travelatmorocco.com\/es\/#organization"},"alternateName":"travelatmorocco.com","potentialAction":[{"@type":"SearchAction","target":{"@type":"EntryPoint","urlTemplate":"https:\/\/www.travelatmorocco.com\/es\/?s={search_term_string}"},"query-input":{"@type":"PropertyValueSpecification","valueRequired":true,"valueName":"search_term_string"}}],"inLanguage":"en-US"},{"@type":"Organization","@id":"https:\/\/www.travelatmorocco.com\/es\/#organization","name":"Travel At Morocco","url":"https:\/\/www.travelatmorocco.com\/es\/","logo":{"@type":"ImageObject","inLanguage":"en-US","@id":"https:\/\/www.travelatmorocco.com\/es\/#\/schema\/logo\/image\/","url":"https:\/\/www.travelatmorocco.com\/es\/wp-content\/uploads\/2022\/02\/logo_footer.png","contentUrl":"https:\/\/www.travelatmorocco.com\/es\/wp-content\/uploads\/2022\/02\/logo_footer.png","width":184,"height":90,"caption":"Travel At Morocco"},"image":{"@id":"https:\/\/www.travelatmorocco.com\/es\/#\/schema\/logo\/image\/"}}]}},"_links":{"self":[{"href":"https:\/\/www.travelatmorocco.com\/es\/wp-json\/wp\/v2\/pages\/6594","targetHints":{"allow":["GET"]}}],"collection":[{"href":"https:\/\/www.travelatmorocco.com\/es\/wp-json\/wp\/v2\/pages"}],"about":[{"href":"https:\/\/www.travelatmorocco.com\/es\/wp-json\/wp\/v2\/types\/page"}],"author":[{"embeddable":true,"href":"https:\/\/www.travelatmorocco.com\/es\/wp-json\/wp\/v2\/users\/1"}],"replies":[{"embeddable":true,"href":"https:\/\/www.travelatmorocco.com\/es\/wp-json\/wp\/v2\/comments?post=6594"}],"version-history":[{"count":21,"href":"https:\/\/www.travelatmorocco.com\/es\/wp-json\/wp\/v2\/pages\/6594\/revisions"}],"predecessor-version":[{"id":13300,"href":"https:\/\/www.travelatmorocco.com\/es\/wp-json\/wp\/v2\/pages\/6594\/revisions\/13300"}],"wp:attachment":[{"href":"https:\/\/www.travelatmorocco.com\/es\/wp-json\/wp\/v2\/media?parent=6594"}],"curies":[{"name":"wp","href":"https:\/\/api.w.org\/{rel}","templated":true}]}}