{"id":6593,"date":"2019-12-05T15:50:34","date_gmt":"2019-12-05T15:50:34","guid":{"rendered":"https:\/\/www.travelatmorocco.com\/volubilis-and-meknes\/"},"modified":"2024-03-14T22:55:30","modified_gmt":"2024-03-14T22:55:30","slug":"excursion-a-volubilis-y-meknes","status":"publish","type":"page","link":"https:\/\/www.travelatmorocco.com\/es\/excursion-a-volubilis-y-meknes\/","title":{"rendered":"Excursi\u00f3n a Volubilis y Meknes"},"content":{"rendered":"\t\t<div data-elementor-type=\"wp-page\" data-elementor-id=\"6593\" class=\"elementor elementor-6593\">\n\t\t\t\t\t\t<section class=\"elementor-section elementor-top-section elementor-element elementor-element-9521f07 elementor-section-boxed elementor-section-height-default elementor-section-height-default\" data-id=\"9521f07\" data-element_type=\"section\" data-e-type=\"section\">\n\t\t\t\t\t\t<div class=\"elementor-container elementor-column-gap-default\">\n\t\t\t\t\t<div class=\"elementor-column elementor-col-100 elementor-top-column elementor-element elementor-element-8b40a6d\" data-id=\"8b40a6d\" data-element_type=\"column\" data-e-type=\"column\">\n\t\t\t<div class=\"elementor-widget-wrap elementor-element-populated\">\n\t\t\t\t\t\t<div class=\"elementor-element elementor-element-95f3ef0 elementor-widget elementor-widget-image\" data-id=\"95f3ef0\" data-element_type=\"widget\" data-e-type=\"widget\" data-widget_type=\"image.default\">\n\t\t\t\t<div class=\"elementor-widget-container\">\n\t\t\t\t\t\t\t\t\t\t\t\t\t\t\t<img fetchpriority=\"high\" decoding=\"async\" width=\"600\" height=\"400\" src=\"https:\/\/www.travelatmorocco.com\/es\/wp-content\/uploads\/2023\/10\/ciudad-romana-volubilis-e1645300789249.jpg\" class=\"attachment-large size-large wp-image-11248\" alt=\"Excursi\u00f3n a Volubilis y Meknes\" srcset=\"https:\/\/www.travelatmorocco.com\/es\/wp-content\/uploads\/2023\/10\/ciudad-romana-volubilis-e1645300789249.jpg 600w, https:\/\/www.travelatmorocco.com\/es\/wp-content\/uploads\/2023\/10\/ciudad-romana-volubilis-e1645300789249-300x200.jpg 300w\" sizes=\"(max-width: 600px) 100vw, 600px\" \/>\t\t\t\t\t\t\t\t\t\t\t\t\t\t\t<\/div>\n\t\t\t\t<\/div>\n\t\t\t\t\t<\/div>\n\t\t<\/div>\n\t\t\t\t\t<\/div>\n\t\t<\/section>\n\t\t\t\t<section class=\"elementor-section elementor-top-section elementor-element elementor-element-48d6cbe9 elementor-section-boxed elementor-section-height-default elementor-section-height-default\" data-id=\"48d6cbe9\" data-element_type=\"section\" data-e-type=\"section\">\n\t\t\t\t\t\t<div class=\"elementor-container elementor-column-gap-default\">\n\t\t\t\t\t<div class=\"elementor-column elementor-col-100 elementor-top-column elementor-element elementor-element-4d39617f\" data-id=\"4d39617f\" data-element_type=\"column\" data-e-type=\"column\">\n\t\t\t<div class=\"elementor-widget-wrap elementor-element-populated\">\n\t\t\t\t\t\t<div class=\"elementor-element elementor-element-1ca4d09e elementor-widget elementor-widget-text-editor\" data-id=\"1ca4d09e\" data-element_type=\"widget\" data-e-type=\"widget\" data-widget_type=\"text-editor.default\">\n\t\t\t\t<div class=\"elementor-widget-container\">\n\t\t\t\t\t\t\t\t\t<div id=\"cmsmasters_row_5de923c664252\" class=\"cmsmasters_row cmsmasters_color_scheme_default cmsmasters_row_top_default cmsmasters_row_bot_default cmsmasters_row_boxed\"><div class=\"cmsmasters_row_outer_parent\"><div class=\"cmsmasters_row_outer\"><div class=\"cmsmasters_row_inner\"><div class=\"cmsmasters_row_margin cmsmasters_11\"><div class=\"cmsmasters_column one_first\"><div class=\"cmsmasters_text\"><header class=\"entry-header\"><h5 class=\"entry-title\" style=\"text-align: center;\">Excursi\u00f3n a Volubilis y Meknes<\/h5><\/header><p>Despu\u00e9s de reunirnos en el lugar acordado, comenzaremos tu e<span style=\"font-size: inherit;\">xcursi\u00f3n a Volubilis y Meknes<\/span><span style=\"font-size: inherit;\">. En el camino, haremos varias paradas para marcar el excursi\u00f3n y permitirte empaparte de la belleza esc\u00e9nica del campo marroqu\u00ed antes de llegar a la antigua ciudad bereber y romana de Volubilis. Aqu\u00ed, entre las ruinas, encontrar\u00e1s fascinaci\u00f3n en los intrincados detalles de los mosaicos bien conservados, la grandeza de los palacios, la tranquilidad de los ba\u00f1os y la majestuosidad de los arcos elevados.<\/span><\/p><p>Despu\u00e9s de esto, exploraremos la Ciudad Imperial de Meknes, un Sitio de Patrimonio Mundial de la <a href=\"https:\/\/www.unesco.org\/es\">UNESCO<\/a>. En primer lugar, nuestro enfoque estar\u00e1 en visitar la Bab Mansour, ampliamente considerada como la puerta m\u00e1s hermosa del norte de \u00c1frica. Desde all\u00ed, dirigiremos nuestra atenci\u00f3n hacia El Heries-Souani, el granero de estructuras abovedadas inmensas y establos construidos por los soldados de Moulay Ismail junto a un estanque alimentado por canales subterr\u00e1neos, que tra\u00edan agua fresca de los distantes<a href=\"https:\/\/www.travelatmorocco.com\/es\/excursion-las-montanas-del-medio-atlas\/\"> montes del Atlas Medio<\/a>. Adem\u00e1s, visitaremos el Mausoleo de Moulay Ismail y la Plaza el-Hedim, hogar de los famosos establos de sementales propiedad del estado de Haras.<\/p><p>Antes de partir de Meknes por la tarde, regresaremos al hotel o riad alrededor de un cuarto para las seis. En \u00faltima instancia, el drama, la amplitud y la belleza de la visita quedar\u00e1n indeleblemente grabados en nuestra memoria, dej\u00e1ndonos con recuerdos preciados para rememorar.<\/p><p><span style=\"color: #ff6600; font-family: inherit; font-size: 20px; font-style: inherit; font-weight: inherit;\">Incluido:<\/span><\/p><\/div><\/div><\/div><\/div><\/div><\/div><\/div><ul><li>Transporte privado: 4\u00d74, minib\u00fas, autob\u00fas \/ veh\u00edculos con aire acondicionado.<\/li><li>Conductor \/ Gu\u00eda (multiling\u00fce)<\/li><li>Combustible de coche<\/li><\/ul><h5><span style=\"color: #ff6600;\">\u00a0No incluido:<\/span><\/h5><ul><li>Bebidas y almuerzos<\/li><li>Entradas a los monumentos<\/li><li>Consejos<\/li><\/ul><p style=\"text-align: center;\"><strong><em>\u00a0 Reserva:<\/em><\/strong><\/p><p style=\"text-align: center;\">Para el precio y m\u00e1s informaci\u00f3n, no dude en contactarnos, y h\u00e1ganos saber cuantas personas, y las fechas de su Excursi\u00f3n, nos pondremos en contacto con usted.<\/p><p style=\"text-align: center;\">\u00a0 \u00a0<strong><em>Nota:<\/em><\/strong><\/p><p style=\"text-align: center;\">En caso de que desee modificar esta Excursi\u00f3n, s\u00f3lo p\u00f3ngase en contacto con nosotros de antemano y nosotros lo haremos realidad.<\/p>\t\t\t\t\t\t\t\t<\/div>\n\t\t\t\t<\/div>\n\t\t\t\t\t<\/div>\n\t\t<\/div>\n\t\t\t\t\t<\/div>\n\t\t<\/section>\n\t\t\t\t<\/div>\n\t\t","protected":false},"excerpt":{"rendered":"<p>Excursi\u00f3n a Volubilis y Meknes Despu\u00e9s de reunirnos en el lugar acordado, comenzaremos tu excursi\u00f3n a Volubilis y Meknes. En el camino, haremos varias paradas para marcar el excursi\u00f3n y permitirte empaparte de la belleza esc\u00e9nica del campo marroqu\u00ed antes de llegar a la antigua ciudad bereber y romana de Volubilis. Aqu\u00ed, entre las ruinas, &#8230; <a title=\"Excursi\u00f3n a Volubilis y Meknes\" class=\"read-more\" href=\"https:\/\/www.travelatmorocco.com\/es\/excursion-a-volubilis-y-meknes\/\" aria-label=\"Read more about Excursi\u00f3n a Volubilis y Meknes\">Read more<\/a><\/p>\n","protected":false},"author":1,"featured_media":0,"parent":0,"menu_order":0,"comment_status":"closed","ping_status":"closed","template":"","meta":{"_monsterinsights_skip_tracking":false,"_monsterinsights_sitenote_active":false,"_monsterinsights_sitenote_note":"","_monsterinsights_sitenote_category":0,"footnotes":""},"class_list":["post-6593","page","type-page","status-publish"],"yoast_head":"<!-- This site is optimized with the Yoast SEO Premium plugin v19.0 (Yoast SEO v27.3) - https:\/\/yoast.com\/product\/yoast-seo-premium-wordpress\/ -->\n<title>Excursi\u00f3n a Volubilis y Meknes - Travel At Morocco<\/title>\n<meta name=\"description\" content=\"Despu\u00e9s de reunirnos en el lugar acordado, comenzaremos tu excursi\u00f3n excursi\u00f3n a Volubilis y Meknes. En el camino, haremos varias paradas\" \/>\n<meta name=\"robots\" content=\"index, follow, max-snippet:-1, max-image-preview:large, max-video-preview:-1\" \/>\n<link rel=\"canonical\" href=\"https:\/\/www.travelatmorocco.com\/es\/excursion-a-volubilis-y-meknes\/\" \/>\n<meta property=\"og:locale\" content=\"en_US\" \/>\n<meta property=\"og:type\" content=\"article\" \/>\n<meta property=\"og:title\" content=\"Excursi\u00f3n a Volubilis y Meknes\" \/>\n<meta property=\"og:description\" content=\"Despu\u00e9s de reunirnos en el lugar acordado, comenzaremos tu excursi\u00f3n excursi\u00f3n a Volubilis y Meknes. En el camino, haremos varias paradas\" \/>\n<meta property=\"og:url\" content=\"https:\/\/www.travelatmorocco.com\/es\/excursion-a-volubilis-y-meknes\/\" \/>\n<meta property=\"og:site_name\" content=\"Travel At Morocco\" \/>\n<meta property=\"article:modified_time\" content=\"2024-03-14T22:55:30+00:00\" \/>\n<meta property=\"og:image\" content=\"https:\/\/www.travelatmorocco.com\/es\/wp-content\/uploads\/2023\/10\/ciudad-romana-volubilis-e1645300789249.jpg\" \/>\n<meta name=\"twitter:card\" content=\"summary_large_image\" \/>\n<meta name=\"twitter:label1\" content=\"Est. reading time\" \/>\n\t<meta name=\"twitter:data1\" content=\"2 minutes\" \/>\n<script type=\"application\/ld+json\" class=\"yoast-schema-graph\">{\"@context\":\"https:\\\/\\\/schema.org\",\"@graph\":[{\"@type\":\"WebPage\",\"@id\":\"https:\\\/\\\/www.travelatmorocco.com\\\/es\\\/excursion-a-volubilis-y-meknes\\\/\",\"url\":\"https:\\\/\\\/www.travelatmorocco.com\\\/es\\\/excursion-a-volubilis-y-meknes\\\/\",\"name\":\"Excursi\u00f3n a Volubilis y Meknes - Travel At Morocco\",\"isPartOf\":{\"@id\":\"https:\\\/\\\/www.travelatmorocco.com\\\/es\\\/#website\"},\"primaryImageOfPage\":{\"@id\":\"https:\\\/\\\/www.travelatmorocco.com\\\/es\\\/excursion-a-volubilis-y-meknes\\\/#primaryimage\"},\"image\":{\"@id\":\"https:\\\/\\\/www.travelatmorocco.com\\\/es\\\/excursion-a-volubilis-y-meknes\\\/#primaryimage\"},\"thumbnailUrl\":\"https:\\\/\\\/www.travelatmorocco.com\\\/es\\\/wp-content\\\/uploads\\\/2023\\\/10\\\/ciudad-romana-volubilis-e1645300789249.jpg\",\"datePublished\":\"2019-12-05T15:50:34+00:00\",\"dateModified\":\"2024-03-14T22:55:30+00:00\",\"description\":\"Despu\u00e9s de reunirnos en el lugar acordado, comenzaremos tu excursi\u00f3n excursi\u00f3n a Volubilis y Meknes. En el camino, haremos varias paradas\",\"breadcrumb\":{\"@id\":\"https:\\\/\\\/www.travelatmorocco.com\\\/es\\\/excursion-a-volubilis-y-meknes\\\/#breadcrumb\"},\"inLanguage\":\"en-US\",\"potentialAction\":[{\"@type\":\"ReadAction\",\"target\":[\"https:\\\/\\\/www.travelatmorocco.com\\\/es\\\/excursion-a-volubilis-y-meknes\\\/\"]}]},{\"@type\":\"ImageObject\",\"inLanguage\":\"en-US\",\"@id\":\"https:\\\/\\\/www.travelatmorocco.com\\\/es\\\/excursion-a-volubilis-y-meknes\\\/#primaryimage\",\"url\":\"https:\\\/\\\/www.travelatmorocco.com\\\/es\\\/wp-content\\\/uploads\\\/2023\\\/10\\\/ciudad-romana-volubilis-e1645300789249.jpg\",\"contentUrl\":\"https:\\\/\\\/www.travelatmorocco.com\\\/es\\\/wp-content\\\/uploads\\\/2023\\\/10\\\/ciudad-romana-volubilis-e1645300789249.jpg\",\"width\":600,\"height\":400,\"caption\":\"Excursi\u00f3n a Volubilis y Meknes\"},{\"@type\":\"BreadcrumbList\",\"@id\":\"https:\\\/\\\/www.travelatmorocco.com\\\/es\\\/excursion-a-volubilis-y-meknes\\\/#breadcrumb\",\"itemListElement\":[{\"@type\":\"ListItem\",\"position\":1,\"name\":\"Home\",\"item\":\"https:\\\/\\\/www.travelatmorocco.com\\\/es\\\/\"},{\"@type\":\"ListItem\",\"position\":2,\"name\":\"Excursi\u00f3n a Volubilis y Meknes\"}]},{\"@type\":\"WebSite\",\"@id\":\"https:\\\/\\\/www.travelatmorocco.com\\\/es\\\/#website\",\"url\":\"https:\\\/\\\/www.travelatmorocco.com\\\/es\\\/\",\"name\":\"Travel At Morocco\",\"description\":\"Viajes Por Marruecos - Aventura en el desierto\",\"publisher\":{\"@id\":\"https:\\\/\\\/www.travelatmorocco.com\\\/es\\\/#organization\"},\"alternateName\":\"travelatmorocco.com\",\"potentialAction\":[{\"@type\":\"SearchAction\",\"target\":{\"@type\":\"EntryPoint\",\"urlTemplate\":\"https:\\\/\\\/www.travelatmorocco.com\\\/es\\\/?s={search_term_string}\"},\"query-input\":{\"@type\":\"PropertyValueSpecification\",\"valueRequired\":true,\"valueName\":\"search_term_string\"}}],\"inLanguage\":\"en-US\"},{\"@type\":\"Organization\",\"@id\":\"https:\\\/\\\/www.travelatmorocco.com\\\/es\\\/#organization\",\"name\":\"Travel At Morocco\",\"url\":\"https:\\\/\\\/www.travelatmorocco.com\\\/es\\\/\",\"logo\":{\"@type\":\"ImageObject\",\"inLanguage\":\"en-US\",\"@id\":\"https:\\\/\\\/www.travelatmorocco.com\\\/es\\\/#\\\/schema\\\/logo\\\/image\\\/\",\"url\":\"https:\\\/\\\/www.travelatmorocco.com\\\/es\\\/wp-content\\\/uploads\\\/2022\\\/02\\\/logo_footer.png\",\"contentUrl\":\"https:\\\/\\\/www.travelatmorocco.com\\\/es\\\/wp-content\\\/uploads\\\/2022\\\/02\\\/logo_footer.png\",\"width\":184,\"height\":90,\"caption\":\"Travel At Morocco\"},\"image\":{\"@id\":\"https:\\\/\\\/www.travelatmorocco.com\\\/es\\\/#\\\/schema\\\/logo\\\/image\\\/\"}}]}<\/script>\n<!-- \/ Yoast SEO Premium plugin. -->","yoast_head_json":{"title":"Excursi\u00f3n a Volubilis y Meknes - Travel At Morocco","description":"Despu\u00e9s de reunirnos en el lugar acordado, comenzaremos tu excursi\u00f3n excursi\u00f3n a Volubilis y Meknes. En el camino, haremos varias paradas","robots":{"index":"index","follow":"follow","max-snippet":"max-snippet:-1","max-image-preview":"max-image-preview:large","max-video-preview":"max-video-preview:-1"},"canonical":"https:\/\/www.travelatmorocco.com\/es\/excursion-a-volubilis-y-meknes\/","og_locale":"en_US","og_type":"article","og_title":"Excursi\u00f3n a Volubilis y Meknes","og_description":"Despu\u00e9s de reunirnos en el lugar acordado, comenzaremos tu excursi\u00f3n excursi\u00f3n a Volubilis y Meknes. En el camino, haremos varias paradas","og_url":"https:\/\/www.travelatmorocco.com\/es\/excursion-a-volubilis-y-meknes\/","og_site_name":"Travel At Morocco","article_modified_time":"2024-03-14T22:55:30+00:00","og_image":[{"url":"https:\/\/www.travelatmorocco.com\/es\/wp-content\/uploads\/2023\/10\/ciudad-romana-volubilis-e1645300789249.jpg","type":"","width":"","height":""}],"twitter_card":"summary_large_image","twitter_misc":{"Est. reading time":"2 minutes"},"schema":{"@context":"https:\/\/schema.org","@graph":[{"@type":"WebPage","@id":"https:\/\/www.travelatmorocco.com\/es\/excursion-a-volubilis-y-meknes\/","url":"https:\/\/www.travelatmorocco.com\/es\/excursion-a-volubilis-y-meknes\/","name":"Excursi\u00f3n a Volubilis y Meknes - Travel At Morocco","isPartOf":{"@id":"https:\/\/www.travelatmorocco.com\/es\/#website"},"primaryImageOfPage":{"@id":"https:\/\/www.travelatmorocco.com\/es\/excursion-a-volubilis-y-meknes\/#primaryimage"},"image":{"@id":"https:\/\/www.travelatmorocco.com\/es\/excursion-a-volubilis-y-meknes\/#primaryimage"},"thumbnailUrl":"https:\/\/www.travelatmorocco.com\/es\/wp-content\/uploads\/2023\/10\/ciudad-romana-volubilis-e1645300789249.jpg","datePublished":"2019-12-05T15:50:34+00:00","dateModified":"2024-03-14T22:55:30+00:00","description":"Despu\u00e9s de reunirnos en el lugar acordado, comenzaremos tu excursi\u00f3n excursi\u00f3n a Volubilis y Meknes. En el camino, haremos varias paradas","breadcrumb":{"@id":"https:\/\/www.travelatmorocco.com\/es\/excursion-a-volubilis-y-meknes\/#breadcrumb"},"inLanguage":"en-US","potentialAction":[{"@type":"ReadAction","target":["https:\/\/www.travelatmorocco.com\/es\/excursion-a-volubilis-y-meknes\/"]}]},{"@type":"ImageObject","inLanguage":"en-US","@id":"https:\/\/www.travelatmorocco.com\/es\/excursion-a-volubilis-y-meknes\/#primaryimage","url":"https:\/\/www.travelatmorocco.com\/es\/wp-content\/uploads\/2023\/10\/ciudad-romana-volubilis-e1645300789249.jpg","contentUrl":"https:\/\/www.travelatmorocco.com\/es\/wp-content\/uploads\/2023\/10\/ciudad-romana-volubilis-e1645300789249.jpg","width":600,"height":400,"caption":"Excursi\u00f3n a Volubilis y Meknes"},{"@type":"BreadcrumbList","@id":"https:\/\/www.travelatmorocco.com\/es\/excursion-a-volubilis-y-meknes\/#breadcrumb","itemListElement":[{"@type":"ListItem","position":1,"name":"Home","item":"https:\/\/www.travelatmorocco.com\/es\/"},{"@type":"ListItem","position":2,"name":"Excursi\u00f3n a Volubilis y Meknes"}]},{"@type":"WebSite","@id":"https:\/\/www.travelatmorocco.com\/es\/#website","url":"https:\/\/www.travelatmorocco.com\/es\/","name":"Travel At Morocco","description":"Viajes Por Marruecos - Aventura en el desierto","publisher":{"@id":"https:\/\/www.travelatmorocco.com\/es\/#organization"},"alternateName":"travelatmorocco.com","potentialAction":[{"@type":"SearchAction","target":{"@type":"EntryPoint","urlTemplate":"https:\/\/www.travelatmorocco.com\/es\/?s={search_term_string}"},"query-input":{"@type":"PropertyValueSpecification","valueRequired":true,"valueName":"search_term_string"}}],"inLanguage":"en-US"},{"@type":"Organization","@id":"https:\/\/www.travelatmorocco.com\/es\/#organization","name":"Travel At Morocco","url":"https:\/\/www.travelatmorocco.com\/es\/","logo":{"@type":"ImageObject","inLanguage":"en-US","@id":"https:\/\/www.travelatmorocco.com\/es\/#\/schema\/logo\/image\/","url":"https:\/\/www.travelatmorocco.com\/es\/wp-content\/uploads\/2022\/02\/logo_footer.png","contentUrl":"https:\/\/www.travelatmorocco.com\/es\/wp-content\/uploads\/2022\/02\/logo_footer.png","width":184,"height":90,"caption":"Travel At Morocco"},"image":{"@id":"https:\/\/www.travelatmorocco.com\/es\/#\/schema\/logo\/image\/"}}]}},"_links":{"self":[{"href":"https:\/\/www.travelatmorocco.com\/es\/wp-json\/wp\/v2\/pages\/6593","targetHints":{"allow":["GET"]}}],"collection":[{"href":"https:\/\/www.travelatmorocco.com\/es\/wp-json\/wp\/v2\/pages"}],"about":[{"href":"https:\/\/www.travelatmorocco.com\/es\/wp-json\/wp\/v2\/types\/page"}],"author":[{"embeddable":true,"href":"https:\/\/www.travelatmorocco.com\/es\/wp-json\/wp\/v2\/users\/1"}],"replies":[{"embeddable":true,"href":"https:\/\/www.travelatmorocco.com\/es\/wp-json\/wp\/v2\/comments?post=6593"}],"version-history":[{"count":12,"href":"https:\/\/www.travelatmorocco.com\/es\/wp-json\/wp\/v2\/pages\/6593\/revisions"}],"predecessor-version":[{"id":13317,"href":"https:\/\/www.travelatmorocco.com\/es\/wp-json\/wp\/v2\/pages\/6593\/revisions\/13317"}],"wp:attachment":[{"href":"https:\/\/www.travelatmorocco.com\/es\/wp-json\/wp\/v2\/media?parent=6593"}],"curies":[{"name":"wp","href":"https:\/\/api.w.org\/{rel}","templated":true}]}}