{"id":6573,"date":"2019-12-04T19:25:38","date_gmt":"2019-12-04T19:25:38","guid":{"rendered":"https:\/\/www.travelatmorocco.com\/about-morocco\/"},"modified":"2024-03-04T15:13:46","modified_gmt":"2024-03-04T15:13:46","slug":"sobre-marruecos","status":"publish","type":"page","link":"https:\/\/www.travelatmorocco.com\/es\/sobre-marruecos\/","title":{"rendered":"Sobre Marruecos"},"content":{"rendered":"\t\t<div data-elementor-type=\"wp-page\" data-elementor-id=\"6573\" class=\"elementor elementor-6573\">\n\t\t\t\t\t\t<section class=\"elementor-section elementor-top-section elementor-element elementor-element-907acee elementor-section-boxed elementor-section-height-default elementor-section-height-default\" data-id=\"907acee\" data-element_type=\"section\" data-e-type=\"section\">\n\t\t\t\t\t\t<div class=\"elementor-container elementor-column-gap-default\">\n\t\t\t\t\t<div class=\"elementor-column elementor-col-100 elementor-top-column elementor-element elementor-element-d3ed5ea\" data-id=\"d3ed5ea\" data-element_type=\"column\" data-e-type=\"column\">\n\t\t\t<div class=\"elementor-widget-wrap elementor-element-populated\">\n\t\t\t\t\t\t<div class=\"elementor-element elementor-element-f763f55 elementor-widget elementor-widget-image\" data-id=\"f763f55\" data-element_type=\"widget\" data-e-type=\"widget\" data-widget_type=\"image.default\">\n\t\t\t\t<div class=\"elementor-widget-container\">\n\t\t\t\t\t\t\t\t\t\t\t\t\t\t\t<img fetchpriority=\"high\" decoding=\"async\" width=\"1000\" height=\"500\" src=\"https:\/\/www.travelatmorocco.com\/es\/wp-content\/uploads\/2024\/03\/Sobre-Marruecos-www.travelatmorocco.com_.jpg\" class=\"attachment-large size-large wp-image-13046\" alt=\"Sobre Marruecos\" srcset=\"https:\/\/www.travelatmorocco.com\/es\/wp-content\/uploads\/2024\/03\/Sobre-Marruecos-www.travelatmorocco.com_.jpg 1000w, https:\/\/www.travelatmorocco.com\/es\/wp-content\/uploads\/2024\/03\/Sobre-Marruecos-www.travelatmorocco.com_-300x150.jpg 300w, https:\/\/www.travelatmorocco.com\/es\/wp-content\/uploads\/2024\/03\/Sobre-Marruecos-www.travelatmorocco.com_-768x384.jpg 768w\" sizes=\"(max-width: 1000px) 100vw, 1000px\" \/>\t\t\t\t\t\t\t\t\t\t\t\t\t\t\t<\/div>\n\t\t\t\t<\/div>\n\t\t\t\t\t<\/div>\n\t\t<\/div>\n\t\t\t\t\t<\/div>\n\t\t<\/section>\n\t\t\t\t<section class=\"elementor-section elementor-top-section elementor-element elementor-element-2b75ec78 elementor-section-boxed elementor-section-height-default elementor-section-height-default\" data-id=\"2b75ec78\" data-element_type=\"section\" data-e-type=\"section\">\n\t\t\t\t\t\t<div class=\"elementor-container elementor-column-gap-default\">\n\t\t\t\t\t<div class=\"elementor-column elementor-col-100 elementor-top-column elementor-element elementor-element-4b27d3a3\" data-id=\"4b27d3a3\" data-element_type=\"column\" data-e-type=\"column\">\n\t\t\t<div class=\"elementor-widget-wrap elementor-element-populated\">\n\t\t\t\t\t\t<div class=\"elementor-element elementor-element-afeba79 elementor-widget elementor-widget-text-editor\" data-id=\"afeba79\" data-element_type=\"widget\" data-e-type=\"widget\" data-widget_type=\"text-editor.default\">\n\t\t\t\t<div class=\"elementor-widget-container\">\n\t\t\t\t\t\t\t\t\t<h4 style=\"text-align: center;\"><strong>Sobre\u00a0 Marruecos<\/strong><\/h4><p><span style=\"font-weight: 400;\">Marruecos es un pa\u00eds situado en el noroeste de <a href=\"https:\/\/es.wikipedia.org\/wiki\/Africa\">\u00c1frica<\/a>, justo al borde del continente africano, limita con Argelia al este, Mauritania al sur, el Oc\u00e9ano Atl\u00e1ntico al oeste y el Mar Mediterr\u00e1neo al norte.<\/span><\/p><p><span style=\"font-weight: 400;\">\u00a0 La capital pol\u00edtica del pa\u00eds es Rabat, que se encuentra en la costa atl\u00e1ntica norte. La mayor parte de la actividad econ\u00f3mica de Marruecos, sin embargo, se encuentra en <a href=\"https:\/\/www.travelatmorocco.com\/casablanca\/?lang=es\">Casablanca<\/a>, la ciudad m\u00e1s grande. Otros importantes centros urbanos del pa\u00eds incluyen T\u00e1nger, al norte, que durante mucho tiempo ha sido un v\u00ednculo natural para la relaci\u00f3n hist\u00f3rica de Marruecos con Europa; Fez, que fue la antigua capital real del reino; Marrakech, un popular destino tur\u00edstico al pie de las monta\u00f1as del Atlas; y Agadir, una ciudad pesquera y tur\u00edstica costera en el sur del pa\u00eds.<\/span><\/p><p><span style=\"font-weight: 400;\">El desierto de\u00a0 Marruecos ofrece mucho m\u00e1s que dunas de arena. Para los visitantes que encuentran el tiempo para viajar a esta \u00e1rea de gran belleza y paz. Incluyendo una emocionante mezcla de desfiladeros y valles esc\u00e9nicos, dunas, monta\u00f1as, hermosos pueblos oasis ubicados en el sureste de Marruecos. Muchas \u00e1reas tienen un impresionante tel\u00f3n de fondo de las monta\u00f1as del Atlas, que debe cruzar para acceder al desierto de Marrakech, Taroudant y Fez.<\/span><\/p><p><span style=\"font-weight: 400;\">Marruecos es muy rico en t\u00e9rminos de diversidad cultural, colores, texturas, olores e intriga que todo lo que puedes hacer es recuperar el aliento y mirar con asombro. Su calidad intemporal ya no existe en el mundo moderno, y con la sensaci\u00f3n de que el pasado a\u00fan vive; te sumerges en un estilo de vida, una cultura y una religi\u00f3n completamente diferentes a cualquier otra cosa que hayas experimentado. Marruecos es una tierra misteriosa llena de sorpresas interminables, fascinaci\u00f3n duradera y encantamiento total a la espera de ser descubierto por usted.<\/span><\/p><h5><span style=\"color: #ff6600;\">Idioma:<\/span><\/h5><p><span style=\"font-weight: 400;\">Las idiomas oficiales de Marruecos son el \u00e1rabe y el bereber (Tamazight: representan a las personas ind\u00edgenas del pa\u00eds). Aunque ambos idiomas utilizan versiones est\u00e1ndar modernas en su uso oficial, los marroqu\u00edes hablan principalmente tamazight y el dialecto marroqu\u00ed conocido como darija, que es una mezcla de \u00e1rabe , Tamazight, franc\u00e9s y espa\u00f1ol<\/span><\/p><p><span style=\"font-weight: 400;\">Muchos marroqu\u00edes hablan otros idiomas como: espa\u00f1ol, ingl\u00e9s, franc\u00e9s, alem\u00e1n, portugu\u00e9s chino &#8230;, mientras que la mayor\u00eda de los marroqu\u00edes hablan ingl\u00e9s, franc\u00e9s y espa\u00f1ol como los idiomas que se ense\u00f1an en todas las escuelas p\u00fablicas; otros, que nunca han ido a la escuela, pueden hablar los mismos idiomas gracias a la interacci\u00f3n diaria que tienen con turistas de todo el mundo.<\/span><\/p><h5><span style=\"color: #ff6600;\">Cultura:<\/span><\/h5><p><span style=\"font-weight: 400;\">Marruecos es tambi\u00e9n una mezcla de influencias bereberes (amazigh), \u00e1rabes, africanas y europeas que se han mezclado para crear una rica identidad cultural. En las ciudades marroqu\u00edes, es com\u00fan ver a personas usando una variedad de diferentes estilos de ropa, desde prendas occidentales hasta vestidos beduinos y chilabas tradicionales, una t\u00fanica con capucha que se usa sobre otras prendas en varios pa\u00edses del norte de \u00c1frica. Lejos de los centros urbanos, la vestimenta tradicional bereber es m\u00e1s com\u00fan, y las mujeres suelen llevar prendas de colores y joyas adornadas. Los dise\u00f1os bereberes tambi\u00e9n impregnan gran parte de las artesan\u00edas de Marruecos, como art\u00edculos de cuero, alfombras, mantas, joyas de plata y Trilobites.<\/span><\/p><h5><span style=\"color: #ff6600;\">Religi\u00f3n<span style=\"font-weight: 400;\">:<\/span><\/span><\/h5><p><span style=\"font-weight: 400;\">\u00a0\u00a0\u00a0\u00a0\u00a0\u00a0 La religi\u00f3n oficial de Marruecos es el Islam. La mayor\u00eda de las poblaciones son musulmanes. El Islam es la religi\u00f3n dominante en Marruecos, la variante sunita en particular. &#8220;Islam&#8221; es una palabra \u00e1rabe que denota sumisi\u00f3n, rendici\u00f3n y obediencia. Como religi\u00f3n, el Islam representa la sumisi\u00f3n completa y la obediencia a Al\u00e1, por eso se llama Islam. El otro significado literal de la palabra &#8220;Islam&#8221; es &#8220;paz&#8221;. Esto significa que uno puede lograr la paz real del cuerpo y de la mente solo a trav\u00e9s de la sumisi\u00f3n y la obediencia a Allah. Tal vida de obediencia trae paz del coraz\u00f3n y establece una paz real en la sociedad en general &#8220;.<\/span><\/p><p><span style=\"font-weight: 400;\">\u00a0 tambi\u00e9n hay Cristianismo y Juda\u00edsmo. Las iglesias cat\u00f3licas, las iglesias protestantes y las sinagogas se encuentran en todas las ciudades principales. Como se sab\u00eda desde la antig\u00fcedad, Marruecos consist\u00eda principalmente de bereberes que eran libres de practicar cualquier fe que quisieran. Hoy, el pueblo de Marruecos todav\u00eda es libre de practicar la fe que le plazca.<\/span><\/p><h5><span style=\"color: #ff6600;\">Geograf\u00eda:<\/span><\/h5><p><span style=\"font-weight: 400;\">Marruecos es un pa\u00eds del norte de \u00c1frica, y se puede ver desde el continente espa\u00f1ol a trav\u00e9s del Estrecho de Gibraltar, un tramo de agua que mide solo 9 millas entre los dos pa\u00edses en su punto m\u00e1s estrecho. T\u00e1nger, al extremo norte, tiene playas en las costas del Mediterr\u00e1neo y el Atl\u00e1ntico. La costa occidental de Marruecos limita con el Oc\u00e9ano Atl\u00e1ntico Norte; Argelia est\u00e1 al este, y el Sahara occidental al sur.<\/span><\/p><p>\u00a0<\/p><p><span style=\"font-weight: 400;\">Marruecos tiene 1.835 km de costa impresionante, y una gran parte de la tierra es monta\u00f1osa, con las monta\u00f1as del Atlas ubicadas principalmente en el centro y el sur del pa\u00eds, y las monta\u00f1as del Rif en el norte. Con el desierto del Gran Sahara al sur, Marruecos tiene algunos de los paisajes m\u00e1s diversos y espectaculares que se encuentran en el pa\u00eds de cualquiera, lo que permite nadar en dos oc\u00e9anos, visitar ciudades antiguas, esquiar en las monta\u00f1as y hacer caminatas en el desierto, todo en las mismas vacaciones incre\u00edbles!<\/span><\/p><p><span style=\"font-weight: 400;\">Gran parte de la riqueza y variedad natural de Marruecos proviene de la ubicaci\u00f3n geogr\u00e1fica del pa\u00eds, en el extremo noroccidental del continente africano. Sentado en una superficie de 710,850 km2, el pa\u00eds tiene una gran costa de 3500 km, que abarca tanto el Oc\u00e9ano Atl\u00e1ntico al oeste y el Mar Mediterr\u00e1neo al norte. Adem\u00e1s, Marruecos comparte un total de 2018 kil\u00f3metros de fronteras con la vecina Argelia, los enclaves espa\u00f1oles de Ceuta y Melilla, y el sur.<\/span><\/p><h5><span style=\"color: #ff6600;\">Clima:<\/span><\/h5><p><span style=\"font-weight: 400;\">El clima de Marruecos es muy diverso, variando seg\u00fan la temporada y la regi\u00f3n. En general, el pa\u00eds tiene un clima tropical, con temperaturas que llegan hasta 35 \u00b0 C (95 \u00b0 F) y tan bajas como 5 \u00b0 C (41 \u00b0 F) en el Sahara. La costa tiene un clima c\u00e1lido y mediterr\u00e1neo templado en la costa oriental por los vientos alisios del suroeste, mientras que las zonas del interior tienen un clima continental m\u00e1s c\u00e1lido y seco. En el sur del pa\u00eds, el clima es muy c\u00e1lido y seco durante la mayor parte del a\u00f1o, aunque las temperaturas pueden disminuir dr\u00e1sticamente por la noche, especialmente en los meses de diciembre y enero.<\/span><\/p><p><span style=\"font-weight: 400;\">La lluvia cae de noviembre a marzo en las zonas costeras, y el pa\u00eds es en su mayor\u00eda seco con altas temperaturas en verano y un clima m\u00e1s fresco en las monta\u00f1as. Marrakech y Agadir disfrutan de una temperatura promedio de 21 \u00b0 C (70 \u00b0 F) durante el invierno.<\/span><\/p><h5><span style=\"color: #ff6600;\">Dinero:<\/span><\/h5><p><span style=\"font-weight: 400;\">La moneda marroqu\u00ed es el dirham (MAD) que se divide en cien centavos. La factura m\u00e1s valiosa vale 200 dirham, y puedes encontrar monedas para 1, 2, 5 y 10 dirham, as\u00ed como centavos.<\/span><\/p><p><span style=\"font-weight: 400;\">Puede cambiar moneda en su propio pa\u00eds y tambi\u00e9n en Marruecos. Dirham es una moneda estable y normalmente el cambio es de 10 dirham por 1 euro. Muchos lugares tur\u00edsticos y hoteles aceptan d\u00f3lares y euros.<\/span><\/p><h5><span style=\"font-weight: 400; color: #ff6600;\">Cajeros:<\/span><\/h5><p><span style=\"font-weight: 400;\">La mejor manera de obtener dinero en Marruecos es retirar algunos, aunque algunos fines de semana se quedan sin efectivo. La cantidad de dinero que podr\u00e1 obtener depende de su tarjeta de cr\u00e9dito.<\/span><\/p><h5><span style=\"font-weight: 400; color: #ff6600;\">Tarjetas de cr\u00e9dito:<\/span><\/h5><p><span style=\"font-weight: 400;\">En los lugares tur\u00edsticos, incluso en las peque\u00f1as aldeas, aceptan las marcas m\u00e1s conocidas: Visa, MasterCard, Electron, Maestro e InterBank. Pero recuerda que hay una tarifa del 5%.<\/span><\/p><p><span style=\"font-weight: 400;\">Le recomendamos que traiga dos tarjetas de cr\u00e9dito, una de ellas sin cargo.<\/span><\/p><h5><span style=\"font-weight: 400; color: #ff6600;\">\u00a0 Efectivo:<\/span><\/h5><p><span style=\"font-weight: 400;\">Dinero en efectivo es necesario. Lo necesitar\u00e1 para gastos diarios y para pagar en \u00e1reas remotas sin cajeros y donde no se aceptan tarjetas. Le recomendamos traer dinero en efectivo en denominaciones peque\u00f1as para pagar propinas y mercados callejeros, y tambi\u00e9n una reserva en d\u00f3lares o euros.<\/span><\/p>\t\t\t\t\t\t\t\t<\/div>\n\t\t\t\t<\/div>\n\t\t\t\t\t<\/div>\n\t\t<\/div>\n\t\t\t\t\t<\/div>\n\t\t<\/section>\n\t\t\t\t<\/div>\n\t\t","protected":false},"excerpt":{"rendered":"<p>Sobre\u00a0 Marruecos Marruecos es un pa\u00eds situado en el noroeste de \u00c1frica, justo al borde del continente africano, limita con Argelia al este, Mauritania al sur, el Oc\u00e9ano Atl\u00e1ntico al oeste y el Mar Mediterr\u00e1neo al norte. La capital pol\u00edtica del pa\u00eds es Rabat, que se encuentra en la costa atl\u00e1ntica norte. La mayor parte &#8230; <a title=\"Sobre Marruecos\" class=\"read-more\" href=\"https:\/\/www.travelatmorocco.com\/es\/sobre-marruecos\/\" aria-label=\"Read more about Sobre Marruecos\">Read more<\/a><\/p>\n","protected":false},"author":1,"featured_media":0,"parent":0,"menu_order":0,"comment_status":"closed","ping_status":"closed","template":"","meta":{"_monsterinsights_skip_tracking":false,"_monsterinsights_sitenote_active":false,"_monsterinsights_sitenote_note":"","_monsterinsights_sitenote_category":0,"footnotes":""},"class_list":["post-6573","page","type-page","status-publish"],"yoast_head":"<!-- This site is optimized with the Yoast SEO Premium plugin v19.0 (Yoast SEO v27.3) - https:\/\/yoast.com\/product\/yoast-seo-premium-wordpress\/ -->\n<title>Sobre Marruecos - Informaci\u00f3n General | Travel At Morocco<\/title>\n<meta name=\"description\" content=\"Marruecos es un pa\u00eds situado en el noroeste de \u00c1frica, justo al borde del continente africano, limita con Argelia al este, Mauritania al sur\" \/>\n<meta name=\"robots\" content=\"index, follow, max-snippet:-1, max-image-preview:large, max-video-preview:-1\" \/>\n<link rel=\"canonical\" href=\"https:\/\/www.travelatmorocco.com\/es\/sobre-marruecos\/\" \/>\n<meta property=\"og:locale\" content=\"en_US\" \/>\n<meta property=\"og:type\" content=\"article\" \/>\n<meta property=\"og:title\" content=\"Sobre Marruecos\" \/>\n<meta property=\"og:description\" content=\"Marruecos es un pa\u00eds situado en el noroeste de \u00c1frica, justo al borde del continente africano, limita con Argelia al este, Mauritania al sur\" \/>\n<meta property=\"og:url\" content=\"https:\/\/www.travelatmorocco.com\/es\/sobre-marruecos\/\" \/>\n<meta property=\"og:site_name\" content=\"Travel At Morocco\" \/>\n<meta property=\"article:modified_time\" content=\"2024-03-04T15:13:46+00:00\" \/>\n<meta property=\"og:image\" content=\"https:\/\/www.travelatmorocco.com\/es\/wp-content\/uploads\/2024\/03\/Sobre-Marruecos-www.travelatmorocco.com_.jpg\" \/>\n<meta name=\"twitter:card\" content=\"summary_large_image\" \/>\n<meta name=\"twitter:label1\" content=\"Est. reading time\" \/>\n\t<meta name=\"twitter:data1\" content=\"6 minutes\" \/>\n<script type=\"application\/ld+json\" class=\"yoast-schema-graph\">{\"@context\":\"https:\\\/\\\/schema.org\",\"@graph\":[{\"@type\":\"WebPage\",\"@id\":\"https:\\\/\\\/www.travelatmorocco.com\\\/es\\\/sobre-marruecos\\\/\",\"url\":\"https:\\\/\\\/www.travelatmorocco.com\\\/es\\\/sobre-marruecos\\\/\",\"name\":\"Sobre Marruecos - Informaci\u00f3n General | Travel At Morocco\",\"isPartOf\":{\"@id\":\"https:\\\/\\\/www.travelatmorocco.com\\\/es\\\/#website\"},\"primaryImageOfPage\":{\"@id\":\"https:\\\/\\\/www.travelatmorocco.com\\\/es\\\/sobre-marruecos\\\/#primaryimage\"},\"image\":{\"@id\":\"https:\\\/\\\/www.travelatmorocco.com\\\/es\\\/sobre-marruecos\\\/#primaryimage\"},\"thumbnailUrl\":\"https:\\\/\\\/www.travelatmorocco.com\\\/es\\\/wp-content\\\/uploads\\\/2024\\\/03\\\/Sobre-Marruecos-www.travelatmorocco.com_.jpg\",\"datePublished\":\"2019-12-04T19:25:38+00:00\",\"dateModified\":\"2024-03-04T15:13:46+00:00\",\"description\":\"Marruecos es un pa\u00eds situado en el noroeste de \u00c1frica, justo al borde del continente africano, limita con Argelia al este, Mauritania al sur\",\"breadcrumb\":{\"@id\":\"https:\\\/\\\/www.travelatmorocco.com\\\/es\\\/sobre-marruecos\\\/#breadcrumb\"},\"inLanguage\":\"en-US\",\"potentialAction\":[{\"@type\":\"ReadAction\",\"target\":[\"https:\\\/\\\/www.travelatmorocco.com\\\/es\\\/sobre-marruecos\\\/\"]}]},{\"@type\":\"ImageObject\",\"inLanguage\":\"en-US\",\"@id\":\"https:\\\/\\\/www.travelatmorocco.com\\\/es\\\/sobre-marruecos\\\/#primaryimage\",\"url\":\"https:\\\/\\\/www.travelatmorocco.com\\\/es\\\/wp-content\\\/uploads\\\/2024\\\/03\\\/Sobre-Marruecos-www.travelatmorocco.com_.jpg\",\"contentUrl\":\"https:\\\/\\\/www.travelatmorocco.com\\\/es\\\/wp-content\\\/uploads\\\/2024\\\/03\\\/Sobre-Marruecos-www.travelatmorocco.com_.jpg\",\"width\":1000,\"height\":500,\"caption\":\"Sobre Marruecos\"},{\"@type\":\"BreadcrumbList\",\"@id\":\"https:\\\/\\\/www.travelatmorocco.com\\\/es\\\/sobre-marruecos\\\/#breadcrumb\",\"itemListElement\":[{\"@type\":\"ListItem\",\"position\":1,\"name\":\"Home\",\"item\":\"https:\\\/\\\/www.travelatmorocco.com\\\/es\\\/\"},{\"@type\":\"ListItem\",\"position\":2,\"name\":\"Sobre Marruecos\"}]},{\"@type\":\"WebSite\",\"@id\":\"https:\\\/\\\/www.travelatmorocco.com\\\/es\\\/#website\",\"url\":\"https:\\\/\\\/www.travelatmorocco.com\\\/es\\\/\",\"name\":\"Travel At Morocco\",\"description\":\"Viajes Por Marruecos - Aventura en el desierto\",\"publisher\":{\"@id\":\"https:\\\/\\\/www.travelatmorocco.com\\\/es\\\/#organization\"},\"alternateName\":\"travelatmorocco.com\",\"potentialAction\":[{\"@type\":\"SearchAction\",\"target\":{\"@type\":\"EntryPoint\",\"urlTemplate\":\"https:\\\/\\\/www.travelatmorocco.com\\\/es\\\/?s={search_term_string}\"},\"query-input\":{\"@type\":\"PropertyValueSpecification\",\"valueRequired\":true,\"valueName\":\"search_term_string\"}}],\"inLanguage\":\"en-US\"},{\"@type\":\"Organization\",\"@id\":\"https:\\\/\\\/www.travelatmorocco.com\\\/es\\\/#organization\",\"name\":\"Travel At Morocco\",\"url\":\"https:\\\/\\\/www.travelatmorocco.com\\\/es\\\/\",\"logo\":{\"@type\":\"ImageObject\",\"inLanguage\":\"en-US\",\"@id\":\"https:\\\/\\\/www.travelatmorocco.com\\\/es\\\/#\\\/schema\\\/logo\\\/image\\\/\",\"url\":\"https:\\\/\\\/www.travelatmorocco.com\\\/es\\\/wp-content\\\/uploads\\\/2022\\\/02\\\/logo_footer.png\",\"contentUrl\":\"https:\\\/\\\/www.travelatmorocco.com\\\/es\\\/wp-content\\\/uploads\\\/2022\\\/02\\\/logo_footer.png\",\"width\":184,\"height\":90,\"caption\":\"Travel At Morocco\"},\"image\":{\"@id\":\"https:\\\/\\\/www.travelatmorocco.com\\\/es\\\/#\\\/schema\\\/logo\\\/image\\\/\"}}]}<\/script>\n<!-- \/ Yoast SEO Premium plugin. -->","yoast_head_json":{"title":"Sobre Marruecos - Informaci\u00f3n General | Travel At Morocco","description":"Marruecos es un pa\u00eds situado en el noroeste de \u00c1frica, justo al borde del continente africano, limita con Argelia al este, Mauritania al sur","robots":{"index":"index","follow":"follow","max-snippet":"max-snippet:-1","max-image-preview":"max-image-preview:large","max-video-preview":"max-video-preview:-1"},"canonical":"https:\/\/www.travelatmorocco.com\/es\/sobre-marruecos\/","og_locale":"en_US","og_type":"article","og_title":"Sobre Marruecos","og_description":"Marruecos es un pa\u00eds situado en el noroeste de \u00c1frica, justo al borde del continente africano, limita con Argelia al este, Mauritania al sur","og_url":"https:\/\/www.travelatmorocco.com\/es\/sobre-marruecos\/","og_site_name":"Travel At Morocco","article_modified_time":"2024-03-04T15:13:46+00:00","og_image":[{"url":"https:\/\/www.travelatmorocco.com\/es\/wp-content\/uploads\/2024\/03\/Sobre-Marruecos-www.travelatmorocco.com_.jpg","type":"","width":"","height":""}],"twitter_card":"summary_large_image","twitter_misc":{"Est. reading time":"6 minutes"},"schema":{"@context":"https:\/\/schema.org","@graph":[{"@type":"WebPage","@id":"https:\/\/www.travelatmorocco.com\/es\/sobre-marruecos\/","url":"https:\/\/www.travelatmorocco.com\/es\/sobre-marruecos\/","name":"Sobre Marruecos - Informaci\u00f3n General | Travel At Morocco","isPartOf":{"@id":"https:\/\/www.travelatmorocco.com\/es\/#website"},"primaryImageOfPage":{"@id":"https:\/\/www.travelatmorocco.com\/es\/sobre-marruecos\/#primaryimage"},"image":{"@id":"https:\/\/www.travelatmorocco.com\/es\/sobre-marruecos\/#primaryimage"},"thumbnailUrl":"https:\/\/www.travelatmorocco.com\/es\/wp-content\/uploads\/2024\/03\/Sobre-Marruecos-www.travelatmorocco.com_.jpg","datePublished":"2019-12-04T19:25:38+00:00","dateModified":"2024-03-04T15:13:46+00:00","description":"Marruecos es un pa\u00eds situado en el noroeste de \u00c1frica, justo al borde del continente africano, limita con Argelia al este, Mauritania al sur","breadcrumb":{"@id":"https:\/\/www.travelatmorocco.com\/es\/sobre-marruecos\/#breadcrumb"},"inLanguage":"en-US","potentialAction":[{"@type":"ReadAction","target":["https:\/\/www.travelatmorocco.com\/es\/sobre-marruecos\/"]}]},{"@type":"ImageObject","inLanguage":"en-US","@id":"https:\/\/www.travelatmorocco.com\/es\/sobre-marruecos\/#primaryimage","url":"https:\/\/www.travelatmorocco.com\/es\/wp-content\/uploads\/2024\/03\/Sobre-Marruecos-www.travelatmorocco.com_.jpg","contentUrl":"https:\/\/www.travelatmorocco.com\/es\/wp-content\/uploads\/2024\/03\/Sobre-Marruecos-www.travelatmorocco.com_.jpg","width":1000,"height":500,"caption":"Sobre Marruecos"},{"@type":"BreadcrumbList","@id":"https:\/\/www.travelatmorocco.com\/es\/sobre-marruecos\/#breadcrumb","itemListElement":[{"@type":"ListItem","position":1,"name":"Home","item":"https:\/\/www.travelatmorocco.com\/es\/"},{"@type":"ListItem","position":2,"name":"Sobre Marruecos"}]},{"@type":"WebSite","@id":"https:\/\/www.travelatmorocco.com\/es\/#website","url":"https:\/\/www.travelatmorocco.com\/es\/","name":"Travel At Morocco","description":"Viajes Por Marruecos - Aventura en el desierto","publisher":{"@id":"https:\/\/www.travelatmorocco.com\/es\/#organization"},"alternateName":"travelatmorocco.com","potentialAction":[{"@type":"SearchAction","target":{"@type":"EntryPoint","urlTemplate":"https:\/\/www.travelatmorocco.com\/es\/?s={search_term_string}"},"query-input":{"@type":"PropertyValueSpecification","valueRequired":true,"valueName":"search_term_string"}}],"inLanguage":"en-US"},{"@type":"Organization","@id":"https:\/\/www.travelatmorocco.com\/es\/#organization","name":"Travel At Morocco","url":"https:\/\/www.travelatmorocco.com\/es\/","logo":{"@type":"ImageObject","inLanguage":"en-US","@id":"https:\/\/www.travelatmorocco.com\/es\/#\/schema\/logo\/image\/","url":"https:\/\/www.travelatmorocco.com\/es\/wp-content\/uploads\/2022\/02\/logo_footer.png","contentUrl":"https:\/\/www.travelatmorocco.com\/es\/wp-content\/uploads\/2022\/02\/logo_footer.png","width":184,"height":90,"caption":"Travel At Morocco"},"image":{"@id":"https:\/\/www.travelatmorocco.com\/es\/#\/schema\/logo\/image\/"}}]}},"_links":{"self":[{"href":"https:\/\/www.travelatmorocco.com\/es\/wp-json\/wp\/v2\/pages\/6573","targetHints":{"allow":["GET"]}}],"collection":[{"href":"https:\/\/www.travelatmorocco.com\/es\/wp-json\/wp\/v2\/pages"}],"about":[{"href":"https:\/\/www.travelatmorocco.com\/es\/wp-json\/wp\/v2\/types\/page"}],"author":[{"embeddable":true,"href":"https:\/\/www.travelatmorocco.com\/es\/wp-json\/wp\/v2\/users\/1"}],"replies":[{"embeddable":true,"href":"https:\/\/www.travelatmorocco.com\/es\/wp-json\/wp\/v2\/comments?post=6573"}],"version-history":[{"count":10,"href":"https:\/\/www.travelatmorocco.com\/es\/wp-json\/wp\/v2\/pages\/6573\/revisions"}],"predecessor-version":[{"id":13050,"href":"https:\/\/www.travelatmorocco.com\/es\/wp-json\/wp\/v2\/pages\/6573\/revisions\/13050"}],"wp:attachment":[{"href":"https:\/\/www.travelatmorocco.com\/es\/wp-json\/wp\/v2\/media?parent=6573"}],"curies":[{"name":"wp","href":"https:\/\/api.w.org\/{rel}","templated":true}]}}