{"id":6563,"date":"2019-08-21T15:48:14","date_gmt":"2019-08-21T15:48:14","guid":{"rendered":"https:\/\/www.travelatmorocco.com\/special-activities\/"},"modified":"2024-03-13T20:43:04","modified_gmt":"2024-03-13T20:43:04","slug":"actividades-especiales","status":"publish","type":"page","link":"https:\/\/www.travelatmorocco.com\/es\/actividades-especiales\/","title":{"rendered":"Actividades Especiales"},"content":{"rendered":"\t\t<div data-elementor-type=\"wp-page\" data-elementor-id=\"6563\" class=\"elementor elementor-6563\">\n\t\t\t\t\t\t<section class=\"elementor-section elementor-top-section elementor-element elementor-element-b6cca1e elementor-section-boxed elementor-section-height-default elementor-section-height-default\" data-id=\"b6cca1e\" data-element_type=\"section\" data-e-type=\"section\">\n\t\t\t\t\t\t<div class=\"elementor-container elementor-column-gap-default\">\n\t\t\t\t\t<div class=\"elementor-column elementor-col-100 elementor-top-column elementor-element elementor-element-42cbe7d\" data-id=\"42cbe7d\" data-element_type=\"column\" data-e-type=\"column\">\n\t\t\t<div class=\"elementor-widget-wrap elementor-element-populated\">\n\t\t\t\t\t\t<div class=\"elementor-element elementor-element-7763970 elementor-widget elementor-widget-image\" data-id=\"7763970\" data-element_type=\"widget\" data-e-type=\"widget\" data-widget_type=\"image.default\">\n\t\t\t\t<div class=\"elementor-widget-container\">\n\t\t\t\t\t\t\t\t\t\t\t\t\t\t\t<img fetchpriority=\"high\" decoding=\"async\" width=\"900\" height=\"508\" src=\"https:\/\/www.travelatmorocco.com\/es\/wp-content\/uploads\/2024\/03\/Actividades-Especiales.png\" class=\"attachment-large size-large wp-image-13079\" alt=\"Actividades Especiales\" srcset=\"https:\/\/www.travelatmorocco.com\/es\/wp-content\/uploads\/2024\/03\/Actividades-Especiales.png 1025w, https:\/\/www.travelatmorocco.com\/es\/wp-content\/uploads\/2024\/03\/Actividades-Especiales-300x169.png 300w, https:\/\/www.travelatmorocco.com\/es\/wp-content\/uploads\/2024\/03\/Actividades-Especiales-768x433.png 768w\" sizes=\"(max-width: 900px) 100vw, 900px\" \/>\t\t\t\t\t\t\t\t\t\t\t\t\t\t\t<\/div>\n\t\t\t\t<\/div>\n\t\t\t\t\t<\/div>\n\t\t<\/div>\n\t\t\t\t\t<\/div>\n\t\t<\/section>\n\t\t\t\t<section class=\"elementor-section elementor-top-section elementor-element elementor-element-6c56a3c elementor-section-boxed elementor-section-height-default elementor-section-height-default\" data-id=\"6c56a3c\" data-element_type=\"section\" data-e-type=\"section\">\n\t\t\t\t\t\t<div class=\"elementor-container elementor-column-gap-default\">\n\t\t\t\t\t<div class=\"elementor-column elementor-col-100 elementor-top-column elementor-element elementor-element-79568281\" data-id=\"79568281\" data-element_type=\"column\" data-e-type=\"column\">\n\t\t\t<div class=\"elementor-widget-wrap elementor-element-populated\">\n\t\t\t\t\t\t<div class=\"elementor-element elementor-element-70201e59 elementor-widget elementor-widget-text-editor\" data-id=\"70201e59\" data-element_type=\"widget\" data-e-type=\"widget\" data-widget_type=\"text-editor.default\">\n\t\t\t\t<div class=\"elementor-widget-container\">\n\t\t\t\t\t\t\t\t\t<h5 style=\"text-align: center;\"><span style=\"color: #ff6600;\"><strong>Actividades especiales<\/strong><\/span><\/h5><p>&#8220;Travel At Morocco&#8221; os ofrece actividades especiales desde el senderismo en <a href=\"https:\/\/es.wikipedia.org\/wiki\/Desierto_del_Sahara\">el desierto del Sahara<\/a>, las monta\u00f1as del Alto Atlas, las monta\u00f1as del Anti-Atlas y las monta\u00f1as del Medio Atlas, las playas a lo largo de Casablanca o Agadir, los riads, el desierto, la comida, las compras en T\u00e1nger o Fez, los festivales, hasta los ba\u00f1os de vapor. Marruecos es un hogar de diferentes aventuras, actividades y atracciones. Explorar el lugar puede asegurarle la experiencia de viaje m\u00e1s agradable y satisfactoria que anhela. Convertirlo en el destino n\u00famero uno para visitar es una gran decisi\u00f3n que siempre tendr\u00e1 en mente a lo largo de los a\u00f1os.<\/p><p>Teniendo el desierto del Sahara, tienes la oportunidad de experimentar algunos de los paisajes m\u00e1s dram\u00e1ticos o diversos. Por eso es posible esquiar en una de sus espectaculares monta\u00f1as, hacer excursiones en dromedarios y visitar ciudades antiguas. Aunque hayas probado una gran variedad de aventuras o actividades en diferentes partes del mundo, <a href=\"https:\/\/www.travelatmorocco.com\/es\/sobre-marruecos\/\">Marruecos <\/a>es \u00fanico en s\u00ed mismo.<\/p><h4><span style=\"color: #ff6600;\">Nuestros tours son dirigidos por un gu\u00eda tur\u00edstico nativo de Marruecos.<\/span><\/h4><h5><span style=\"color: #ff6600;\">Puedes elegir entre ellos:<\/span><\/h5><ul><li>Viajes al desierto del Sahara.<\/li><li>Itinerarios personalizados.<\/li><li>Trekking en dromedarios<\/li><li>Senderismo<\/li><li>Asistencia 4\u00d74<\/li><li>Viajes de Fes.<\/li><li>Viajes desde Marrakech.<\/li><li>Viajes desde T\u00e1nger.<\/li><li>Viajes desde Agadir<\/li><li>Errachdia<\/li><li>Ouarzazate<\/li><li>Cualquier ruta de solicitud que desee, podemos ayudar.<\/li><\/ul><p>Elijan c\u00f3mo quieren ver la m\u00e1gica tierra de Marruecos, y nosotros lo haremos realidad; desde los picos y valles de las monta\u00f1as del Atlas hasta los tonos azules de Chefchaouen, pasando por una impresionante puesta de sol en el desierto del Sahara. Teniendo en cuenta que puede cambiar los tours seg\u00fan sus preferencias; en caso de que quiera, s\u00f3lo tiene que contactarnos con antelaci\u00f3n.<br \/>Le presentaremos a los n\u00f3madas, le ofreceremos tours privados por las antiguas medinas y compartiremos las ex\u00f3ticas maravillas de Marrakech. Marruecos es una de las tierras mejor consumidas en su totalidad.<\/p><p>Juntos crearemos un tour personalizado por Marruecos, que maximizar\u00e1 su viaje y le ofrecer\u00e1 todos los aspectos destacados y la aventura que busca.<\/p>\t\t\t\t\t\t\t\t<\/div>\n\t\t\t\t<\/div>\n\t\t\t\t\t<\/div>\n\t\t<\/div>\n\t\t\t\t\t<\/div>\n\t\t<\/section>\n\t\t\t\t<\/div>\n\t\t","protected":false},"excerpt":{"rendered":"<p>Actividades especiales &#8220;Travel At Morocco&#8221; os ofrece actividades especiales desde el senderismo en el desierto del Sahara, las monta\u00f1as del Alto Atlas, las monta\u00f1as del Anti-Atlas y las monta\u00f1as del Medio Atlas, las playas a lo largo de Casablanca o Agadir, los riads, el desierto, la comida, las compras en T\u00e1nger o Fez, los festivales, &#8230; <a title=\"Actividades Especiales\" class=\"read-more\" href=\"https:\/\/www.travelatmorocco.com\/es\/actividades-especiales\/\" aria-label=\"Read more about Actividades Especiales\">Read more<\/a><\/p>\n","protected":false},"author":1,"featured_media":0,"parent":0,"menu_order":0,"comment_status":"closed","ping_status":"closed","template":"","meta":{"_monsterinsights_skip_tracking":false,"_monsterinsights_sitenote_active":false,"_monsterinsights_sitenote_note":"","_monsterinsights_sitenote_category":0,"footnotes":""},"class_list":["post-6563","page","type-page","status-publish"],"yoast_head":"<!-- This site is optimized with the Yoast SEO Premium plugin v19.0 (Yoast SEO v27.3) - https:\/\/yoast.com\/product\/yoast-seo-premium-wordpress\/ -->\n<title>Actividades Especiales - Viajes por Marruecos \/ Travel At Morocco<\/title>\n<meta name=\"description\" content=\"&quot;Travel At Morocco&quot; os ofrece actividades especiales desde el senderismo en el desierto del Sahara, las monta\u00f1as del Alto Atlas, las monta\u00f1as\" \/>\n<meta name=\"robots\" content=\"index, follow, max-snippet:-1, max-image-preview:large, max-video-preview:-1\" \/>\n<link rel=\"canonical\" href=\"https:\/\/www.travelatmorocco.com\/es\/actividades-especiales\/\" \/>\n<meta property=\"og:locale\" content=\"en_US\" \/>\n<meta property=\"og:type\" content=\"article\" \/>\n<meta property=\"og:title\" content=\"Actividades Especiales\" \/>\n<meta property=\"og:description\" content=\"&quot;Travel At Morocco&quot; os ofrece actividades especiales desde el senderismo en el desierto del Sahara, las monta\u00f1as del Alto Atlas, las monta\u00f1as\" \/>\n<meta property=\"og:url\" content=\"https:\/\/www.travelatmorocco.com\/es\/actividades-especiales\/\" \/>\n<meta property=\"og:site_name\" content=\"Travel At Morocco\" \/>\n<meta property=\"article:modified_time\" content=\"2024-03-13T20:43:04+00:00\" \/>\n<meta property=\"og:image\" content=\"https:\/\/www.travelatmorocco.com\/es\/wp-content\/uploads\/2024\/03\/Actividades-Especiales.png\" \/>\n<meta name=\"twitter:card\" content=\"summary_large_image\" \/>\n<meta name=\"twitter:label1\" content=\"Est. reading time\" \/>\n\t<meta name=\"twitter:data1\" content=\"2 minutes\" \/>\n<script type=\"application\/ld+json\" class=\"yoast-schema-graph\">{\"@context\":\"https:\\\/\\\/schema.org\",\"@graph\":[{\"@type\":\"WebPage\",\"@id\":\"https:\\\/\\\/www.travelatmorocco.com\\\/es\\\/actividades-especiales\\\/\",\"url\":\"https:\\\/\\\/www.travelatmorocco.com\\\/es\\\/actividades-especiales\\\/\",\"name\":\"Actividades Especiales - Viajes por Marruecos \\\/ Travel At Morocco\",\"isPartOf\":{\"@id\":\"https:\\\/\\\/www.travelatmorocco.com\\\/es\\\/#website\"},\"primaryImageOfPage\":{\"@id\":\"https:\\\/\\\/www.travelatmorocco.com\\\/es\\\/actividades-especiales\\\/#primaryimage\"},\"image\":{\"@id\":\"https:\\\/\\\/www.travelatmorocco.com\\\/es\\\/actividades-especiales\\\/#primaryimage\"},\"thumbnailUrl\":\"https:\\\/\\\/www.travelatmorocco.com\\\/es\\\/wp-content\\\/uploads\\\/2024\\\/03\\\/Actividades-Especiales.png\",\"datePublished\":\"2019-08-21T15:48:14+00:00\",\"dateModified\":\"2024-03-13T20:43:04+00:00\",\"description\":\"\\\"Travel At Morocco\\\" os ofrece actividades especiales desde el senderismo en el desierto del Sahara, las monta\u00f1as del Alto Atlas, las monta\u00f1as\",\"breadcrumb\":{\"@id\":\"https:\\\/\\\/www.travelatmorocco.com\\\/es\\\/actividades-especiales\\\/#breadcrumb\"},\"inLanguage\":\"en-US\",\"potentialAction\":[{\"@type\":\"ReadAction\",\"target\":[\"https:\\\/\\\/www.travelatmorocco.com\\\/es\\\/actividades-especiales\\\/\"]}]},{\"@type\":\"ImageObject\",\"inLanguage\":\"en-US\",\"@id\":\"https:\\\/\\\/www.travelatmorocco.com\\\/es\\\/actividades-especiales\\\/#primaryimage\",\"url\":\"https:\\\/\\\/www.travelatmorocco.com\\\/es\\\/wp-content\\\/uploads\\\/2024\\\/03\\\/Actividades-Especiales.png\",\"contentUrl\":\"https:\\\/\\\/www.travelatmorocco.com\\\/es\\\/wp-content\\\/uploads\\\/2024\\\/03\\\/Actividades-Especiales.png\",\"width\":1025,\"height\":578,\"caption\":\"Actividades Especiales\"},{\"@type\":\"BreadcrumbList\",\"@id\":\"https:\\\/\\\/www.travelatmorocco.com\\\/es\\\/actividades-especiales\\\/#breadcrumb\",\"itemListElement\":[{\"@type\":\"ListItem\",\"position\":1,\"name\":\"Home\",\"item\":\"https:\\\/\\\/www.travelatmorocco.com\\\/es\\\/\"},{\"@type\":\"ListItem\",\"position\":2,\"name\":\"Actividades Especiales\"}]},{\"@type\":\"WebSite\",\"@id\":\"https:\\\/\\\/www.travelatmorocco.com\\\/es\\\/#website\",\"url\":\"https:\\\/\\\/www.travelatmorocco.com\\\/es\\\/\",\"name\":\"Travel At Morocco\",\"description\":\"Viajes Por Marruecos - Aventura en el desierto\",\"publisher\":{\"@id\":\"https:\\\/\\\/www.travelatmorocco.com\\\/es\\\/#organization\"},\"alternateName\":\"travelatmorocco.com\",\"potentialAction\":[{\"@type\":\"SearchAction\",\"target\":{\"@type\":\"EntryPoint\",\"urlTemplate\":\"https:\\\/\\\/www.travelatmorocco.com\\\/es\\\/?s={search_term_string}\"},\"query-input\":{\"@type\":\"PropertyValueSpecification\",\"valueRequired\":true,\"valueName\":\"search_term_string\"}}],\"inLanguage\":\"en-US\"},{\"@type\":\"Organization\",\"@id\":\"https:\\\/\\\/www.travelatmorocco.com\\\/es\\\/#organization\",\"name\":\"Travel At Morocco\",\"url\":\"https:\\\/\\\/www.travelatmorocco.com\\\/es\\\/\",\"logo\":{\"@type\":\"ImageObject\",\"inLanguage\":\"en-US\",\"@id\":\"https:\\\/\\\/www.travelatmorocco.com\\\/es\\\/#\\\/schema\\\/logo\\\/image\\\/\",\"url\":\"https:\\\/\\\/www.travelatmorocco.com\\\/es\\\/wp-content\\\/uploads\\\/2022\\\/02\\\/logo_footer.png\",\"contentUrl\":\"https:\\\/\\\/www.travelatmorocco.com\\\/es\\\/wp-content\\\/uploads\\\/2022\\\/02\\\/logo_footer.png\",\"width\":184,\"height\":90,\"caption\":\"Travel At Morocco\"},\"image\":{\"@id\":\"https:\\\/\\\/www.travelatmorocco.com\\\/es\\\/#\\\/schema\\\/logo\\\/image\\\/\"}}]}<\/script>\n<!-- \/ Yoast SEO Premium plugin. -->","yoast_head_json":{"title":"Actividades Especiales - Viajes por Marruecos \/ Travel At Morocco","description":"\"Travel At Morocco\" os ofrece actividades especiales desde el senderismo en el desierto del Sahara, las monta\u00f1as del Alto Atlas, las monta\u00f1as","robots":{"index":"index","follow":"follow","max-snippet":"max-snippet:-1","max-image-preview":"max-image-preview:large","max-video-preview":"max-video-preview:-1"},"canonical":"https:\/\/www.travelatmorocco.com\/es\/actividades-especiales\/","og_locale":"en_US","og_type":"article","og_title":"Actividades Especiales","og_description":"\"Travel At Morocco\" os ofrece actividades especiales desde el senderismo en el desierto del Sahara, las monta\u00f1as del Alto Atlas, las monta\u00f1as","og_url":"https:\/\/www.travelatmorocco.com\/es\/actividades-especiales\/","og_site_name":"Travel At Morocco","article_modified_time":"2024-03-13T20:43:04+00:00","og_image":[{"url":"https:\/\/www.travelatmorocco.com\/es\/wp-content\/uploads\/2024\/03\/Actividades-Especiales.png","type":"","width":"","height":""}],"twitter_card":"summary_large_image","twitter_misc":{"Est. reading time":"2 minutes"},"schema":{"@context":"https:\/\/schema.org","@graph":[{"@type":"WebPage","@id":"https:\/\/www.travelatmorocco.com\/es\/actividades-especiales\/","url":"https:\/\/www.travelatmorocco.com\/es\/actividades-especiales\/","name":"Actividades Especiales - Viajes por Marruecos \/ Travel At Morocco","isPartOf":{"@id":"https:\/\/www.travelatmorocco.com\/es\/#website"},"primaryImageOfPage":{"@id":"https:\/\/www.travelatmorocco.com\/es\/actividades-especiales\/#primaryimage"},"image":{"@id":"https:\/\/www.travelatmorocco.com\/es\/actividades-especiales\/#primaryimage"},"thumbnailUrl":"https:\/\/www.travelatmorocco.com\/es\/wp-content\/uploads\/2024\/03\/Actividades-Especiales.png","datePublished":"2019-08-21T15:48:14+00:00","dateModified":"2024-03-13T20:43:04+00:00","description":"\"Travel At Morocco\" os ofrece actividades especiales desde el senderismo en el desierto del Sahara, las monta\u00f1as del Alto Atlas, las monta\u00f1as","breadcrumb":{"@id":"https:\/\/www.travelatmorocco.com\/es\/actividades-especiales\/#breadcrumb"},"inLanguage":"en-US","potentialAction":[{"@type":"ReadAction","target":["https:\/\/www.travelatmorocco.com\/es\/actividades-especiales\/"]}]},{"@type":"ImageObject","inLanguage":"en-US","@id":"https:\/\/www.travelatmorocco.com\/es\/actividades-especiales\/#primaryimage","url":"https:\/\/www.travelatmorocco.com\/es\/wp-content\/uploads\/2024\/03\/Actividades-Especiales.png","contentUrl":"https:\/\/www.travelatmorocco.com\/es\/wp-content\/uploads\/2024\/03\/Actividades-Especiales.png","width":1025,"height":578,"caption":"Actividades Especiales"},{"@type":"BreadcrumbList","@id":"https:\/\/www.travelatmorocco.com\/es\/actividades-especiales\/#breadcrumb","itemListElement":[{"@type":"ListItem","position":1,"name":"Home","item":"https:\/\/www.travelatmorocco.com\/es\/"},{"@type":"ListItem","position":2,"name":"Actividades Especiales"}]},{"@type":"WebSite","@id":"https:\/\/www.travelatmorocco.com\/es\/#website","url":"https:\/\/www.travelatmorocco.com\/es\/","name":"Travel At Morocco","description":"Viajes Por Marruecos - Aventura en el desierto","publisher":{"@id":"https:\/\/www.travelatmorocco.com\/es\/#organization"},"alternateName":"travelatmorocco.com","potentialAction":[{"@type":"SearchAction","target":{"@type":"EntryPoint","urlTemplate":"https:\/\/www.travelatmorocco.com\/es\/?s={search_term_string}"},"query-input":{"@type":"PropertyValueSpecification","valueRequired":true,"valueName":"search_term_string"}}],"inLanguage":"en-US"},{"@type":"Organization","@id":"https:\/\/www.travelatmorocco.com\/es\/#organization","name":"Travel At Morocco","url":"https:\/\/www.travelatmorocco.com\/es\/","logo":{"@type":"ImageObject","inLanguage":"en-US","@id":"https:\/\/www.travelatmorocco.com\/es\/#\/schema\/logo\/image\/","url":"https:\/\/www.travelatmorocco.com\/es\/wp-content\/uploads\/2022\/02\/logo_footer.png","contentUrl":"https:\/\/www.travelatmorocco.com\/es\/wp-content\/uploads\/2022\/02\/logo_footer.png","width":184,"height":90,"caption":"Travel At Morocco"},"image":{"@id":"https:\/\/www.travelatmorocco.com\/es\/#\/schema\/logo\/image\/"}}]}},"_links":{"self":[{"href":"https:\/\/www.travelatmorocco.com\/es\/wp-json\/wp\/v2\/pages\/6563","targetHints":{"allow":["GET"]}}],"collection":[{"href":"https:\/\/www.travelatmorocco.com\/es\/wp-json\/wp\/v2\/pages"}],"about":[{"href":"https:\/\/www.travelatmorocco.com\/es\/wp-json\/wp\/v2\/types\/page"}],"author":[{"embeddable":true,"href":"https:\/\/www.travelatmorocco.com\/es\/wp-json\/wp\/v2\/users\/1"}],"replies":[{"embeddable":true,"href":"https:\/\/www.travelatmorocco.com\/es\/wp-json\/wp\/v2\/comments?post=6563"}],"version-history":[{"count":6,"href":"https:\/\/www.travelatmorocco.com\/es\/wp-json\/wp\/v2\/pages\/6563\/revisions"}],"predecessor-version":[{"id":13082,"href":"https:\/\/www.travelatmorocco.com\/es\/wp-json\/wp\/v2\/pages\/6563\/revisions\/13082"}],"wp:attachment":[{"href":"https:\/\/www.travelatmorocco.com\/es\/wp-json\/wp\/v2\/media?parent=6563"}],"curies":[{"name":"wp","href":"https:\/\/api.w.org\/{rel}","templated":true}]}}