{"id":469,"date":"2018-09-10T09:00:47","date_gmt":"2018-09-10T09:00:47","guid":{"rendered":"http:\/\/setsail.select-themes.com\/?page_id=469"},"modified":"2023-10-03T10:16:24","modified_gmt":"2023-10-03T10:16:24","slug":"quienes-somos","status":"publish","type":"page","link":"https:\/\/www.travelatmorocco.com\/es\/quienes-somos\/","title":{"rendered":"Quienes Somos"},"content":{"rendered":"\t\t<div data-elementor-type=\"wp-page\" data-elementor-id=\"469\" class=\"elementor elementor-469\">\n\t\t\t\t\t\t<section class=\"elementor-section elementor-top-section elementor-element elementor-element-4b93b751 elementor-section-height-min-height elementor-section-boxed elementor-section-height-default elementor-section-items-middle\" data-id=\"4b93b751\" data-element_type=\"section\" data-e-type=\"section\" data-settings=\"{&quot;background_background&quot;:&quot;classic&quot;}\">\n\t\t\t\t\t\t<div class=\"elementor-container elementor-column-gap-default\">\n\t\t\t\t\t<div class=\"elementor-column elementor-col-100 elementor-top-column elementor-element elementor-element-5ba3e68a\" data-id=\"5ba3e68a\" data-element_type=\"column\" data-e-type=\"column\">\n\t\t\t<div class=\"elementor-widget-wrap elementor-element-populated\">\n\t\t\t\t\t\t<div class=\"elementor-element elementor-element-34c908c7 elementor-widget elementor-widget-heading\" data-id=\"34c908c7\" data-element_type=\"widget\" data-e-type=\"widget\" data-widget_type=\"heading.default\">\n\t\t\t\t<div class=\"elementor-widget-container\">\n\t\t\t\t\t<h2 class=\"elementor-heading-title elementor-size-default\">Travel At Morocco Tours<\/h2>\t\t\t\t<\/div>\n\t\t\t\t<\/div>\n\t\t\t\t<div class=\"elementor-element elementor-element-11f294cb elementor-widget elementor-widget-heading\" data-id=\"11f294cb\" data-element_type=\"widget\" data-e-type=\"widget\" data-widget_type=\"heading.default\">\n\t\t\t\t<div class=\"elementor-widget-container\">\n\t\t\t\t\t<h2 class=\"elementor-heading-title elementor-size-default\">Vacaciones de aventura al alcance de todos.<\/h2>\t\t\t\t<\/div>\n\t\t\t\t<\/div>\n\t\t\t\t\t<\/div>\n\t\t<\/div>\n\t\t\t\t\t<\/div>\n\t\t<\/section>\n\t\t\t\t<section class=\"elementor-section elementor-top-section elementor-element elementor-element-531e4e84 elementor-section-boxed elementor-section-height-default elementor-section-height-default\" data-id=\"531e4e84\" data-element_type=\"section\" data-e-type=\"section\">\n\t\t\t\t\t\t<div class=\"elementor-container elementor-column-gap-default\">\n\t\t\t\t\t<div class=\"elementor-column elementor-col-100 elementor-top-column elementor-element elementor-element-28b0be5c\" data-id=\"28b0be5c\" data-element_type=\"column\" data-e-type=\"column\">\n\t\t\t<div class=\"elementor-widget-wrap elementor-element-populated\">\n\t\t\t\t\t\t<div class=\"elementor-element elementor-element-248aaf5e elementor-widget elementor-widget-text-editor\" data-id=\"248aaf5e\" data-element_type=\"widget\" data-e-type=\"widget\" data-widget_type=\"text-editor.default\">\n\t\t\t\t<div class=\"elementor-widget-container\">\n\t\t\t\t\t\t\t\t\t<p style=\"text-align: center;\"><strong><img decoding=\"async\" class=\"wp-image-8086 size-full\" src=\"https:\/\/www.travelatmorocco.com\/wp-content\/uploads\/2020\/03\/logo-travelatmorocco.png\" alt=\"\" width=\"260\" height=\"90\" \/><\/strong><\/p><p style=\"text-align: center;\"><span style=\"font-weight: 400;\">Travel At Morocco es una empresa de viajes que organiza tours para visitar los mejores destinos de Marruecos. Somos una familia bereber, la gente ind\u00edgena de Marruecos, que pas\u00f3 su infancia y juventud en el desierto del <a href=\"https:\/\/es.wikipedia.org\/wiki\/Desierto_del_Sahara\">Sahara<\/a>. Nuestra regi\u00f3n es conocida por el turismo durante todo el a\u00f1o, lo que nos permiti\u00f3 conocer durante d\u00e9cadas con turistas, y acumular una importante experiencia en turismo. Establecemos esta empresa para ayudar a las personas que quieran disfrutar de su viaje a <a href=\"https:\/\/www.travelatmorocco.com\/sobre-marruecos\/?lang=es\">Marruecos<\/a> a su manera. Cr\u00e9emos que hay mucha gente as\u00ed.<\/span><\/p><p style=\"text-align: center;\"><span style=\"font-weight: 400;\">Nuestro equipo son todos ber\u00e9beres, que crecieron en el desierto y estudiaron idiomas, historia y cultura marroqu\u00ed en diferentes partes de Marruecos, as\u00ed como tienen muchos a\u00f1os de experiencia en las principales excursiones por todo Marruecos (gu\u00edas, conductores,\u00a0 camelleros y cocineros). Tienen todas las capacidades para mostrarle la verdadera cara de Marruecos de una manera inolvidable y hacer que sus vacaciones sean unas vacaciones memorables.<\/span><\/p><p style=\"text-align: center;\"><span style=\"font-weight: 400;\">Si est\u00e1s pensando visitar Marruecos, p\u00f3ngase en contacto con nosotros. Si usted est\u00e1 en su luna de miel, una pareja de ancianos, una familia con ni\u00f1os, o tienen s\u00f3lo un tiempo limitado para sus vacaciones y quieren ir a alg\u00fan lugar no en una gu\u00eda, lo podemos hacer. Vamos a tratar de hacer su viaje perfecto. Es un placer para nosotros ayudarte.<\/span><\/p>\t\t\t\t\t\t\t\t<\/div>\n\t\t\t\t<\/div>\n\t\t\t\t\t<\/div>\n\t\t<\/div>\n\t\t\t\t\t<\/div>\n\t\t<\/section>\n\t\t\t\t<\/div>\n\t\t","protected":false},"excerpt":{"rendered":"<p>Travel At Morocco Tours Vacaciones de aventura al alcance de todos. Travel At Morocco es una empresa de viajes que organiza tours para visitar los mejores destinos de Marruecos. Somos una familia bereber, la gente ind\u00edgena de Marruecos, que pas\u00f3 su infancia y juventud en el desierto del Sahara. Nuestra regi\u00f3n es conocida por el &#8230; <a title=\"Quienes Somos\" class=\"read-more\" href=\"https:\/\/www.travelatmorocco.com\/es\/quienes-somos\/\" aria-label=\"Read more about Quienes Somos\">Read more<\/a><\/p>\n","protected":false},"author":1,"featured_media":0,"parent":0,"menu_order":0,"comment_status":"closed","ping_status":"closed","template":"elementor_header_footer","meta":{"_monsterinsights_skip_tracking":false,"_monsterinsights_sitenote_active":false,"_monsterinsights_sitenote_note":"","_monsterinsights_sitenote_category":0,"footnotes":""},"class_list":["post-469","page","type-page","status-publish"],"yoast_head":"<!-- This site is optimized with the Yoast SEO Premium plugin v19.0 (Yoast SEO v27.3) - https:\/\/yoast.com\/product\/yoast-seo-premium-wordpress\/ -->\n<title>Quienes Somos - Travel At Morocco<\/title>\n<meta name=\"description\" content=\"Travel At Morocco is a travel company that organizes tours to visit the best destinations in Morocco. We are a Berber family\" \/>\n<meta name=\"robots\" content=\"index, follow, max-snippet:-1, max-image-preview:large, max-video-preview:-1\" \/>\n<link rel=\"canonical\" href=\"https:\/\/www.travelatmorocco.com\/es\/quienes-somos\/\" \/>\n<meta property=\"og:locale\" content=\"en_US\" \/>\n<meta property=\"og:type\" content=\"article\" \/>\n<meta property=\"og:title\" content=\"Quienes Somos\" \/>\n<meta property=\"og:description\" content=\"Travel At Morocco is a travel company that organizes tours to visit the best destinations in Morocco. We are a Berber family\" \/>\n<meta property=\"og:url\" content=\"https:\/\/www.travelatmorocco.com\/es\/quienes-somos\/\" \/>\n<meta property=\"og:site_name\" content=\"Travel At Morocco\" \/>\n<meta property=\"article:modified_time\" content=\"2023-10-03T10:16:24+00:00\" \/>\n<meta property=\"og:image\" content=\"https:\/\/www.travelatmorocco.com\/wp-content\/uploads\/2020\/03\/logo-travelatmorocco.png\" \/>\n<meta name=\"twitter:card\" content=\"summary_large_image\" \/>\n<meta name=\"twitter:label1\" content=\"Est. reading time\" \/>\n\t<meta name=\"twitter:data1\" content=\"2 minutes\" \/>\n<script type=\"application\/ld+json\" class=\"yoast-schema-graph\">{\"@context\":\"https:\\\/\\\/schema.org\",\"@graph\":[{\"@type\":\"WebPage\",\"@id\":\"https:\\\/\\\/www.travelatmorocco.com\\\/es\\\/quienes-somos\\\/\",\"url\":\"https:\\\/\\\/www.travelatmorocco.com\\\/es\\\/quienes-somos\\\/\",\"name\":\"Quienes Somos - Travel At Morocco\",\"isPartOf\":{\"@id\":\"https:\\\/\\\/www.travelatmorocco.com\\\/es\\\/#website\"},\"primaryImageOfPage\":{\"@id\":\"https:\\\/\\\/www.travelatmorocco.com\\\/es\\\/quienes-somos\\\/#primaryimage\"},\"image\":{\"@id\":\"https:\\\/\\\/www.travelatmorocco.com\\\/es\\\/quienes-somos\\\/#primaryimage\"},\"thumbnailUrl\":\"https:\\\/\\\/www.travelatmorocco.com\\\/wp-content\\\/uploads\\\/2020\\\/03\\\/logo-travelatmorocco.png\",\"datePublished\":\"2018-09-10T09:00:47+00:00\",\"dateModified\":\"2023-10-03T10:16:24+00:00\",\"description\":\"Travel At Morocco is a travel company that organizes tours to visit the best destinations in Morocco. We are a Berber family\",\"breadcrumb\":{\"@id\":\"https:\\\/\\\/www.travelatmorocco.com\\\/es\\\/quienes-somos\\\/#breadcrumb\"},\"inLanguage\":\"en-US\",\"potentialAction\":[{\"@type\":\"ReadAction\",\"target\":[\"https:\\\/\\\/www.travelatmorocco.com\\\/es\\\/quienes-somos\\\/\"]}]},{\"@type\":\"ImageObject\",\"inLanguage\":\"en-US\",\"@id\":\"https:\\\/\\\/www.travelatmorocco.com\\\/es\\\/quienes-somos\\\/#primaryimage\",\"url\":\"https:\\\/\\\/www.travelatmorocco.com\\\/wp-content\\\/uploads\\\/2020\\\/03\\\/logo-travelatmorocco.png\",\"contentUrl\":\"https:\\\/\\\/www.travelatmorocco.com\\\/wp-content\\\/uploads\\\/2020\\\/03\\\/logo-travelatmorocco.png\"},{\"@type\":\"BreadcrumbList\",\"@id\":\"https:\\\/\\\/www.travelatmorocco.com\\\/es\\\/quienes-somos\\\/#breadcrumb\",\"itemListElement\":[{\"@type\":\"ListItem\",\"position\":1,\"name\":\"Home\",\"item\":\"https:\\\/\\\/www.travelatmorocco.com\\\/es\\\/\"},{\"@type\":\"ListItem\",\"position\":2,\"name\":\"Quienes Somos\"}]},{\"@type\":\"WebSite\",\"@id\":\"https:\\\/\\\/www.travelatmorocco.com\\\/es\\\/#website\",\"url\":\"https:\\\/\\\/www.travelatmorocco.com\\\/es\\\/\",\"name\":\"Travel At Morocco\",\"description\":\"Viajes Por Marruecos - Aventura en el desierto\",\"publisher\":{\"@id\":\"https:\\\/\\\/www.travelatmorocco.com\\\/es\\\/#organization\"},\"alternateName\":\"travelatmorocco.com\",\"potentialAction\":[{\"@type\":\"SearchAction\",\"target\":{\"@type\":\"EntryPoint\",\"urlTemplate\":\"https:\\\/\\\/www.travelatmorocco.com\\\/es\\\/?s={search_term_string}\"},\"query-input\":{\"@type\":\"PropertyValueSpecification\",\"valueRequired\":true,\"valueName\":\"search_term_string\"}}],\"inLanguage\":\"en-US\"},{\"@type\":\"Organization\",\"@id\":\"https:\\\/\\\/www.travelatmorocco.com\\\/es\\\/#organization\",\"name\":\"Travel At Morocco\",\"url\":\"https:\\\/\\\/www.travelatmorocco.com\\\/es\\\/\",\"logo\":{\"@type\":\"ImageObject\",\"inLanguage\":\"en-US\",\"@id\":\"https:\\\/\\\/www.travelatmorocco.com\\\/es\\\/#\\\/schema\\\/logo\\\/image\\\/\",\"url\":\"https:\\\/\\\/www.travelatmorocco.com\\\/es\\\/wp-content\\\/uploads\\\/2022\\\/02\\\/logo_footer.png\",\"contentUrl\":\"https:\\\/\\\/www.travelatmorocco.com\\\/es\\\/wp-content\\\/uploads\\\/2022\\\/02\\\/logo_footer.png\",\"width\":184,\"height\":90,\"caption\":\"Travel At Morocco\"},\"image\":{\"@id\":\"https:\\\/\\\/www.travelatmorocco.com\\\/es\\\/#\\\/schema\\\/logo\\\/image\\\/\"}}]}<\/script>\n<!-- \/ Yoast SEO Premium plugin. -->","yoast_head_json":{"title":"Quienes Somos - Travel At Morocco","description":"Travel At Morocco is a travel company that organizes tours to visit the best destinations in Morocco. We are a Berber family","robots":{"index":"index","follow":"follow","max-snippet":"max-snippet:-1","max-image-preview":"max-image-preview:large","max-video-preview":"max-video-preview:-1"},"canonical":"https:\/\/www.travelatmorocco.com\/es\/quienes-somos\/","og_locale":"en_US","og_type":"article","og_title":"Quienes Somos","og_description":"Travel At Morocco is a travel company that organizes tours to visit the best destinations in Morocco. We are a Berber family","og_url":"https:\/\/www.travelatmorocco.com\/es\/quienes-somos\/","og_site_name":"Travel At Morocco","article_modified_time":"2023-10-03T10:16:24+00:00","og_image":[{"url":"https:\/\/www.travelatmorocco.com\/wp-content\/uploads\/2020\/03\/logo-travelatmorocco.png","type":"","width":"","height":""}],"twitter_card":"summary_large_image","twitter_misc":{"Est. reading time":"2 minutes"},"schema":{"@context":"https:\/\/schema.org","@graph":[{"@type":"WebPage","@id":"https:\/\/www.travelatmorocco.com\/es\/quienes-somos\/","url":"https:\/\/www.travelatmorocco.com\/es\/quienes-somos\/","name":"Quienes Somos - Travel At Morocco","isPartOf":{"@id":"https:\/\/www.travelatmorocco.com\/es\/#website"},"primaryImageOfPage":{"@id":"https:\/\/www.travelatmorocco.com\/es\/quienes-somos\/#primaryimage"},"image":{"@id":"https:\/\/www.travelatmorocco.com\/es\/quienes-somos\/#primaryimage"},"thumbnailUrl":"https:\/\/www.travelatmorocco.com\/wp-content\/uploads\/2020\/03\/logo-travelatmorocco.png","datePublished":"2018-09-10T09:00:47+00:00","dateModified":"2023-10-03T10:16:24+00:00","description":"Travel At Morocco is a travel company that organizes tours to visit the best destinations in Morocco. We are a Berber family","breadcrumb":{"@id":"https:\/\/www.travelatmorocco.com\/es\/quienes-somos\/#breadcrumb"},"inLanguage":"en-US","potentialAction":[{"@type":"ReadAction","target":["https:\/\/www.travelatmorocco.com\/es\/quienes-somos\/"]}]},{"@type":"ImageObject","inLanguage":"en-US","@id":"https:\/\/www.travelatmorocco.com\/es\/quienes-somos\/#primaryimage","url":"https:\/\/www.travelatmorocco.com\/wp-content\/uploads\/2020\/03\/logo-travelatmorocco.png","contentUrl":"https:\/\/www.travelatmorocco.com\/wp-content\/uploads\/2020\/03\/logo-travelatmorocco.png"},{"@type":"BreadcrumbList","@id":"https:\/\/www.travelatmorocco.com\/es\/quienes-somos\/#breadcrumb","itemListElement":[{"@type":"ListItem","position":1,"name":"Home","item":"https:\/\/www.travelatmorocco.com\/es\/"},{"@type":"ListItem","position":2,"name":"Quienes Somos"}]},{"@type":"WebSite","@id":"https:\/\/www.travelatmorocco.com\/es\/#website","url":"https:\/\/www.travelatmorocco.com\/es\/","name":"Travel At Morocco","description":"Viajes Por Marruecos - Aventura en el desierto","publisher":{"@id":"https:\/\/www.travelatmorocco.com\/es\/#organization"},"alternateName":"travelatmorocco.com","potentialAction":[{"@type":"SearchAction","target":{"@type":"EntryPoint","urlTemplate":"https:\/\/www.travelatmorocco.com\/es\/?s={search_term_string}"},"query-input":{"@type":"PropertyValueSpecification","valueRequired":true,"valueName":"search_term_string"}}],"inLanguage":"en-US"},{"@type":"Organization","@id":"https:\/\/www.travelatmorocco.com\/es\/#organization","name":"Travel At Morocco","url":"https:\/\/www.travelatmorocco.com\/es\/","logo":{"@type":"ImageObject","inLanguage":"en-US","@id":"https:\/\/www.travelatmorocco.com\/es\/#\/schema\/logo\/image\/","url":"https:\/\/www.travelatmorocco.com\/es\/wp-content\/uploads\/2022\/02\/logo_footer.png","contentUrl":"https:\/\/www.travelatmorocco.com\/es\/wp-content\/uploads\/2022\/02\/logo_footer.png","width":184,"height":90,"caption":"Travel At Morocco"},"image":{"@id":"https:\/\/www.travelatmorocco.com\/es\/#\/schema\/logo\/image\/"}}]}},"_links":{"self":[{"href":"https:\/\/www.travelatmorocco.com\/es\/wp-json\/wp\/v2\/pages\/469","targetHints":{"allow":["GET"]}}],"collection":[{"href":"https:\/\/www.travelatmorocco.com\/es\/wp-json\/wp\/v2\/pages"}],"about":[{"href":"https:\/\/www.travelatmorocco.com\/es\/wp-json\/wp\/v2\/types\/page"}],"author":[{"embeddable":true,"href":"https:\/\/www.travelatmorocco.com\/es\/wp-json\/wp\/v2\/users\/1"}],"replies":[{"embeddable":true,"href":"https:\/\/www.travelatmorocco.com\/es\/wp-json\/wp\/v2\/comments?post=469"}],"version-history":[{"count":12,"href":"https:\/\/www.travelatmorocco.com\/es\/wp-json\/wp\/v2\/pages\/469\/revisions"}],"predecessor-version":[{"id":11117,"href":"https:\/\/www.travelatmorocco.com\/es\/wp-json\/wp\/v2\/pages\/469\/revisions\/11117"}],"wp:attachment":[{"href":"https:\/\/www.travelatmorocco.com\/es\/wp-json\/wp\/v2\/media?parent=469"}],"curies":[{"name":"wp","href":"https:\/\/api.w.org\/{rel}","templated":true}]}}