{"id":13138,"date":"2024-03-14T21:09:46","date_gmt":"2024-03-14T21:09:46","guid":{"rendered":"https:\/\/www.travelatmorocco.com\/es\/?page_id=13138"},"modified":"2024-03-14T21:33:22","modified_gmt":"2024-03-14T21:33:22","slug":"aceite-de-argan","status":"publish","type":"page","link":"https:\/\/www.travelatmorocco.com\/es\/aceite-de-argan\/","title":{"rendered":"Aceite de Arg\u00e1n"},"content":{"rendered":"\t\t<div data-elementor-type=\"wp-page\" data-elementor-id=\"13138\" class=\"elementor elementor-13138\">\n\t\t\t\t\t\t<section class=\"elementor-section elementor-top-section elementor-element elementor-element-7fbd23d elementor-section-boxed elementor-section-height-default elementor-section-height-default\" data-id=\"7fbd23d\" data-element_type=\"section\" data-e-type=\"section\">\n\t\t\t\t\t\t<div class=\"elementor-container elementor-column-gap-default\">\n\t\t\t\t\t<div class=\"elementor-column elementor-col-100 elementor-top-column elementor-element elementor-element-b63df55\" data-id=\"b63df55\" data-element_type=\"column\" data-e-type=\"column\">\n\t\t\t<div class=\"elementor-widget-wrap elementor-element-populated\">\n\t\t\t\t\t\t<div class=\"elementor-element elementor-element-99dc5f0 elementor-widget elementor-widget-image\" data-id=\"99dc5f0\" data-element_type=\"widget\" data-e-type=\"widget\" data-widget_type=\"image.default\">\n\t\t\t\t<div class=\"elementor-widget-container\">\n\t\t\t\t\t\t\t\t\t\t\t\t\t\t\t<img fetchpriority=\"high\" decoding=\"async\" width=\"900\" height=\"401\" src=\"https:\/\/www.travelatmorocco.com\/es\/wp-content\/uploads\/2024\/03\/Aceite-de-Argan-1024x456.jpg\" class=\"attachment-large size-large wp-image-13143\" alt=\"Aceite de Arg\u00e1n\" srcset=\"https:\/\/www.travelatmorocco.com\/es\/wp-content\/uploads\/2024\/03\/Aceite-de-Argan-1024x456.jpg 1024w, https:\/\/www.travelatmorocco.com\/es\/wp-content\/uploads\/2024\/03\/Aceite-de-Argan-300x134.jpg 300w, https:\/\/www.travelatmorocco.com\/es\/wp-content\/uploads\/2024\/03\/Aceite-de-Argan-768x342.jpg 768w, https:\/\/www.travelatmorocco.com\/es\/wp-content\/uploads\/2024\/03\/Aceite-de-Argan.jpg 1055w\" sizes=\"(max-width: 900px) 100vw, 900px\" \/>\t\t\t\t\t\t\t\t\t\t\t\t\t\t\t<\/div>\n\t\t\t\t<\/div>\n\t\t\t\t\t<\/div>\n\t\t<\/div>\n\t\t\t\t\t<\/div>\n\t\t<\/section>\n\t\t\t\t<section class=\"elementor-section elementor-top-section elementor-element elementor-element-78899c9 elementor-section-boxed elementor-section-height-default elementor-section-height-default\" data-id=\"78899c9\" data-element_type=\"section\" data-e-type=\"section\">\n\t\t\t\t\t\t<div class=\"elementor-container elementor-column-gap-default\">\n\t\t\t\t\t<div class=\"elementor-column elementor-col-100 elementor-top-column elementor-element elementor-element-30e2731\" data-id=\"30e2731\" data-element_type=\"column\" data-e-type=\"column\">\n\t\t\t<div class=\"elementor-widget-wrap elementor-element-populated\">\n\t\t\t\t\t\t<div class=\"elementor-element elementor-element-eb92532 elementor-widget elementor-widget-text-editor\" data-id=\"eb92532\" data-element_type=\"widget\" data-e-type=\"widget\" data-widget_type=\"text-editor.default\">\n\t\t\t\t<div class=\"elementor-widget-container\">\n\t\t\t\t\t\t\t\t\t<h5 style=\"text-align: center;\"><span style=\"color: #ff6600;\">Argan<\/span><\/h5><p>Aceite de arg\u00e1n utilizado por la poblaci\u00f3n Amazigh local de <a href=\"https:\/\/www.travelatmorocco.com\/es\/sobre-marruecos\/\">Marruecos<\/a> por su capacidad para ayudar a sanar la apariencia de cicatrices y para calmar problemas reum\u00e1ticos, entre muchas otras cualidades beneficiosas, el arg\u00e1n hoy en d\u00eda es uno de los productos de belleza m\u00e1s populares en el mercado. Est\u00e1 ampliamente disponible en tiendas de especias en todo el pa\u00eds, pero la calidad var\u00eda, al igual que el precio.<\/p><p>Con pocas regulaciones que gu\u00eden la clasificaci\u00f3n de &#8220;certificado bio&#8221;, realmente se debe conocer los hechos sobre el arg\u00e1n para asegurarse de que sea genuino. Ya sea que busques sus poderes curativos o necesites un nuevo sabor a nuez para tus aventuras culinarias, aqu\u00ed tienes qu\u00e9 buscar al comprar productos de Arg\u00e1n en Marruecos.<\/p><p>Marruecos es la \u00fanica naci\u00f3n que alberga una escala significativa. Los bosques de Arg\u00e1n de Marruecos cubren aproximadamente 800,000 hect\u00e1reas cerca del Valle del Souss, un \u00e1rea enmarcada por las Monta\u00f1as del Atlas, el Oc\u00e9ano Atl\u00e1ntico y el Desierto del Sahara, que alberga aproximadamente 21 millones de \u00e1rboles y ha sido protegida por la <a href=\"https:\/\/www.unesco.org\/en\">UNESCO<\/a> como &#8216;reserva de biosfera&#8217;.<\/p><p>Se dice que las c\u00e1scaras de arg\u00e1n son 16 veces m\u00e1s resistentes que las c\u00e1scaras de avellana. Historias que datan del siglo XIII explican que las cabras com\u00edan los frutos del arg\u00e1n, y los lugare\u00f1os recog\u00edan sus excrementos para recuperar las nueces de arg\u00e1n, que hab\u00edan sido convenientemente ablandadas por los jugos estomacales de los animales. Este m\u00e9todo ahorraba trabajo al hacer que los n\u00facleos fueran m\u00e1s f\u00e1ciles de recuperar, pero el aceite resultante ten\u00eda un olor distintivo.<\/p><h5><span style=\"color: #ff6600;\">Beneficios de aceite de Arg\u00e1n:<\/span><\/h5><p>El aceite de Arg\u00e1n marroqu\u00ed se inspir\u00f3 en el poder transformador del aceite de arg\u00e1n. Rico en vitaminas, minerales y antioxidantes, este antiguo secreto de belleza tiene muchos usos, ayudando a hidratar y suavizar tu cabello, rostro, cuerpo y u\u00f1as.<\/p><p>Con su alto contenido de antioxidantes, \u00e1cidos grasos esenciales y vitamina E, los beneficios del aceite de Arg\u00e1n ayudan naturalmente a revitalizar la piel, aumentar la elasticidad del cabello y restaurar consistentemente el brillo del cabello opaco y sin vida. Es un poderoso antioxidante, protector contra los rayos UV y neutralizador de radicales libres.<\/p><p>El aceite de Arg\u00e1n para el cabello lo deja hermoso, brillante y nutrido con cada uso. El aceite de arg\u00e1n para la piel la hidrata lujosamente e infunde humedad. Tambi\u00e9n se sabe que el aceite de Arg\u00e1n ayuda a reducir la apariencia de arrugas.<\/p><h5><span style=\"font-size: inherit; color: #ff6600;\">Uso Culinario, Usos Cosm\u00e9ticos y Beneficios<\/span><\/h5><p>El aceite de Arg\u00e1n generalmente se usa para mojar pan y rociar sobre cusc\u00fas o ensaladas. Sin embargo, el uso m\u00e1s com\u00fan del aceite de arg\u00e1n en Marruecos sigue siendo el Amlou.<\/p><p>El Amlou es una pasta espesa de color marr\u00f3n con una textura similar a la mantequilla de man\u00ed obtenida al moler almendras tostadas y aceite de arg\u00e1n, mezclado con miel. El Amlou es conocido como una especialidad del sur de Marruecos y generalmente se usa como un dip o untado para el pan.<\/p><p>Durante muchos siglos, el aceite de Arg\u00e1n encarn\u00f3 el principal componente de la medicina tradicional bereber donde se usaba para muchas enfermedades como el reumatismo, las enfermedades card\u00edacas y las afecciones cut\u00e1neas. Sin embargo, durante la \u00faltima d\u00e9cada, el aceite de Arg\u00e1n se convirti\u00f3 en el componente m\u00e1s prominente en la industria de la belleza. De hecho, los investigadores descubrieron la excepcional propiedad antienvejecimiento del aceite y su poder como superalimento. El Arg\u00e1n contiene un 80 % de \u00e1cidos grasos insaturados y las pruebas de laboratorio han demostrado que tiene propiedades antioxidantes, neutraliza agentes de radicales libres, protege el tejido conjuntivo y restaura la capa lip\u00eddica de la piel y, finalmente, reduce el colesterol malo.<\/p><p>Se han hecho numerosas afirmaciones sobre los impactos positivos en la salud generados por el consumo de aceite de arg\u00e1n. Los investigadores han establecido que el consumo diario de aceite de arg\u00e1n es &#8220;muy probablemente&#8221; un factor que ayuda a prevenir diversas enfermedades como el c\u00e1ncer, las enfermedades cardiovasculares y la obesidad.<\/p><p>Lo \u00fanico que debemos tener en cuenta sobre el arg\u00e1n culinario es que no es adecuado para cocinar, ya que no se puede calentar.<\/p><h5><span style=\"color: #ff6600;\">Color y Consistencia<\/span><\/h5><p>El verdadero el Arg\u00e1n debe ser claro, aunque un tanto turbio, pero de color amarillo opaco. Cualquier cosa demasiado dorada puede indicar que el aceite de arg\u00e1n se ha mezclado con otras variedades de aceite para mantener los costos bajos. Despu\u00e9s de todo, se requieren 30 kilogramos de nueces para producir un kilogramo de aceite. El aceite debe ser bastante ligero cuando se aplica sobre la piel, y aunque la piel puede no absorberlo r\u00e1pidamente, con el tiempo lo har\u00e1. El aceite que se lava en la ducha al d\u00eda siguiente puede no ser de la mejor calidad o forma m\u00e1s pura.<\/p>\t\t\t\t\t\t\t\t<\/div>\n\t\t\t\t<\/div>\n\t\t\t\t\t<\/div>\n\t\t<\/div>\n\t\t\t\t\t<\/div>\n\t\t<\/section>\n\t\t\t\t<\/div>\n\t\t","protected":false},"excerpt":{"rendered":"<p>Argan Aceite de arg\u00e1n utilizado por la poblaci\u00f3n Amazigh local de Marruecos por su capacidad para ayudar a sanar la apariencia de cicatrices y para calmar problemas reum\u00e1ticos, entre muchas otras cualidades beneficiosas, el arg\u00e1n hoy en d\u00eda es uno de los productos de belleza m\u00e1s populares en el mercado. Est\u00e1 ampliamente disponible en tiendas &#8230; <a title=\"Aceite de Arg\u00e1n\" class=\"read-more\" href=\"https:\/\/www.travelatmorocco.com\/es\/aceite-de-argan\/\" aria-label=\"Read more about Aceite de Arg\u00e1n\">Read more<\/a><\/p>\n","protected":false},"author":1,"featured_media":13160,"parent":0,"menu_order":0,"comment_status":"closed","ping_status":"closed","template":"","meta":{"_monsterinsights_skip_tracking":false,"_monsterinsights_sitenote_active":false,"_monsterinsights_sitenote_note":"","_monsterinsights_sitenote_category":0,"footnotes":""},"class_list":["post-13138","page","type-page","status-publish","has-post-thumbnail"],"yoast_head":"<!-- This site is optimized with the Yoast SEO Premium plugin v19.0 (Yoast SEO v27.3) - https:\/\/yoast.com\/product\/yoast-seo-premium-wordpress\/ -->\n<title>Aceite de Arg\u00e1n - Travel At Morocco<\/title>\n<meta name=\"description\" content=\"Aceite de arg\u00e1n utilizado por la poblaci\u00f3n Amazigh local de Marruecos por su capacidad para ayudar a sanar la apariencia de cicatrices\" \/>\n<meta name=\"robots\" content=\"index, follow, max-snippet:-1, max-image-preview:large, max-video-preview:-1\" \/>\n<link rel=\"canonical\" href=\"https:\/\/www.travelatmorocco.com\/es\/aceite-de-argan\/\" \/>\n<meta property=\"og:locale\" content=\"en_US\" \/>\n<meta property=\"og:type\" content=\"article\" \/>\n<meta property=\"og:title\" content=\"Aceite de Arg\u00e1n\" \/>\n<meta property=\"og:description\" content=\"Aceite de arg\u00e1n utilizado por la poblaci\u00f3n Amazigh local de Marruecos por su capacidad para ayudar a sanar la apariencia de cicatrices\" \/>\n<meta property=\"og:url\" content=\"https:\/\/www.travelatmorocco.com\/es\/aceite-de-argan\/\" \/>\n<meta property=\"og:site_name\" content=\"Travel At Morocco\" \/>\n<meta property=\"article:modified_time\" content=\"2024-03-14T21:33:22+00:00\" \/>\n<meta property=\"og:image\" content=\"https:\/\/www.travelatmorocco.com\/es\/wp-content\/uploads\/2024\/03\/Aceite-de-Argan-Marruecos.jpg\" \/>\n\t<meta property=\"og:image:width\" content=\"1055\" \/>\n\t<meta property=\"og:image:height\" content=\"377\" \/>\n\t<meta property=\"og:image:type\" content=\"image\/jpeg\" \/>\n<meta name=\"twitter:card\" content=\"summary_large_image\" \/>\n<meta name=\"twitter:label1\" content=\"Est. reading time\" \/>\n\t<meta name=\"twitter:data1\" content=\"4 minutes\" \/>\n<script type=\"application\/ld+json\" class=\"yoast-schema-graph\">{\"@context\":\"https:\\\/\\\/schema.org\",\"@graph\":[{\"@type\":\"WebPage\",\"@id\":\"https:\\\/\\\/www.travelatmorocco.com\\\/es\\\/aceite-de-argan\\\/\",\"url\":\"https:\\\/\\\/www.travelatmorocco.com\\\/es\\\/aceite-de-argan\\\/\",\"name\":\"Aceite de Arg\u00e1n - Travel At Morocco\",\"isPartOf\":{\"@id\":\"https:\\\/\\\/www.travelatmorocco.com\\\/es\\\/#website\"},\"primaryImageOfPage\":{\"@id\":\"https:\\\/\\\/www.travelatmorocco.com\\\/es\\\/aceite-de-argan\\\/#primaryimage\"},\"image\":{\"@id\":\"https:\\\/\\\/www.travelatmorocco.com\\\/es\\\/aceite-de-argan\\\/#primaryimage\"},\"thumbnailUrl\":\"https:\\\/\\\/www.travelatmorocco.com\\\/es\\\/wp-content\\\/uploads\\\/2024\\\/03\\\/Aceite-de-Argan-Marruecos.jpg\",\"datePublished\":\"2024-03-14T21:09:46+00:00\",\"dateModified\":\"2024-03-14T21:33:22+00:00\",\"description\":\"Aceite de arg\u00e1n utilizado por la poblaci\u00f3n Amazigh local de Marruecos por su capacidad para ayudar a sanar la apariencia de cicatrices\",\"breadcrumb\":{\"@id\":\"https:\\\/\\\/www.travelatmorocco.com\\\/es\\\/aceite-de-argan\\\/#breadcrumb\"},\"inLanguage\":\"en-US\",\"potentialAction\":[{\"@type\":\"ReadAction\",\"target\":[\"https:\\\/\\\/www.travelatmorocco.com\\\/es\\\/aceite-de-argan\\\/\"]}]},{\"@type\":\"ImageObject\",\"inLanguage\":\"en-US\",\"@id\":\"https:\\\/\\\/www.travelatmorocco.com\\\/es\\\/aceite-de-argan\\\/#primaryimage\",\"url\":\"https:\\\/\\\/www.travelatmorocco.com\\\/es\\\/wp-content\\\/uploads\\\/2024\\\/03\\\/Aceite-de-Argan-Marruecos.jpg\",\"contentUrl\":\"https:\\\/\\\/www.travelatmorocco.com\\\/es\\\/wp-content\\\/uploads\\\/2024\\\/03\\\/Aceite-de-Argan-Marruecos.jpg\",\"width\":1055,\"height\":377,\"caption\":\"aceite de arg\u00e1n\"},{\"@type\":\"BreadcrumbList\",\"@id\":\"https:\\\/\\\/www.travelatmorocco.com\\\/es\\\/aceite-de-argan\\\/#breadcrumb\",\"itemListElement\":[{\"@type\":\"ListItem\",\"position\":1,\"name\":\"Home\",\"item\":\"https:\\\/\\\/www.travelatmorocco.com\\\/es\\\/\"},{\"@type\":\"ListItem\",\"position\":2,\"name\":\"Aceite de Arg\u00e1n\"}]},{\"@type\":\"WebSite\",\"@id\":\"https:\\\/\\\/www.travelatmorocco.com\\\/es\\\/#website\",\"url\":\"https:\\\/\\\/www.travelatmorocco.com\\\/es\\\/\",\"name\":\"Travel At Morocco\",\"description\":\"Viajes Por Marruecos - Aventura en el desierto\",\"publisher\":{\"@id\":\"https:\\\/\\\/www.travelatmorocco.com\\\/es\\\/#organization\"},\"alternateName\":\"travelatmorocco.com\",\"potentialAction\":[{\"@type\":\"SearchAction\",\"target\":{\"@type\":\"EntryPoint\",\"urlTemplate\":\"https:\\\/\\\/www.travelatmorocco.com\\\/es\\\/?s={search_term_string}\"},\"query-input\":{\"@type\":\"PropertyValueSpecification\",\"valueRequired\":true,\"valueName\":\"search_term_string\"}}],\"inLanguage\":\"en-US\"},{\"@type\":\"Organization\",\"@id\":\"https:\\\/\\\/www.travelatmorocco.com\\\/es\\\/#organization\",\"name\":\"Travel At Morocco\",\"url\":\"https:\\\/\\\/www.travelatmorocco.com\\\/es\\\/\",\"logo\":{\"@type\":\"ImageObject\",\"inLanguage\":\"en-US\",\"@id\":\"https:\\\/\\\/www.travelatmorocco.com\\\/es\\\/#\\\/schema\\\/logo\\\/image\\\/\",\"url\":\"https:\\\/\\\/www.travelatmorocco.com\\\/es\\\/wp-content\\\/uploads\\\/2022\\\/02\\\/logo_footer.png\",\"contentUrl\":\"https:\\\/\\\/www.travelatmorocco.com\\\/es\\\/wp-content\\\/uploads\\\/2022\\\/02\\\/logo_footer.png\",\"width\":184,\"height\":90,\"caption\":\"Travel At Morocco\"},\"image\":{\"@id\":\"https:\\\/\\\/www.travelatmorocco.com\\\/es\\\/#\\\/schema\\\/logo\\\/image\\\/\"}}]}<\/script>\n<!-- \/ Yoast SEO Premium plugin. -->","yoast_head_json":{"title":"Aceite de Arg\u00e1n - Travel At Morocco","description":"Aceite de arg\u00e1n utilizado por la poblaci\u00f3n Amazigh local de Marruecos por su capacidad para ayudar a sanar la apariencia de cicatrices","robots":{"index":"index","follow":"follow","max-snippet":"max-snippet:-1","max-image-preview":"max-image-preview:large","max-video-preview":"max-video-preview:-1"},"canonical":"https:\/\/www.travelatmorocco.com\/es\/aceite-de-argan\/","og_locale":"en_US","og_type":"article","og_title":"Aceite de Arg\u00e1n","og_description":"Aceite de arg\u00e1n utilizado por la poblaci\u00f3n Amazigh local de Marruecos por su capacidad para ayudar a sanar la apariencia de cicatrices","og_url":"https:\/\/www.travelatmorocco.com\/es\/aceite-de-argan\/","og_site_name":"Travel At Morocco","article_modified_time":"2024-03-14T21:33:22+00:00","og_image":[{"width":1055,"height":377,"url":"https:\/\/www.travelatmorocco.com\/es\/wp-content\/uploads\/2024\/03\/Aceite-de-Argan-Marruecos.jpg","type":"image\/jpeg"}],"twitter_card":"summary_large_image","twitter_misc":{"Est. reading time":"4 minutes"},"schema":{"@context":"https:\/\/schema.org","@graph":[{"@type":"WebPage","@id":"https:\/\/www.travelatmorocco.com\/es\/aceite-de-argan\/","url":"https:\/\/www.travelatmorocco.com\/es\/aceite-de-argan\/","name":"Aceite de Arg\u00e1n - Travel At Morocco","isPartOf":{"@id":"https:\/\/www.travelatmorocco.com\/es\/#website"},"primaryImageOfPage":{"@id":"https:\/\/www.travelatmorocco.com\/es\/aceite-de-argan\/#primaryimage"},"image":{"@id":"https:\/\/www.travelatmorocco.com\/es\/aceite-de-argan\/#primaryimage"},"thumbnailUrl":"https:\/\/www.travelatmorocco.com\/es\/wp-content\/uploads\/2024\/03\/Aceite-de-Argan-Marruecos.jpg","datePublished":"2024-03-14T21:09:46+00:00","dateModified":"2024-03-14T21:33:22+00:00","description":"Aceite de arg\u00e1n utilizado por la poblaci\u00f3n Amazigh local de Marruecos por su capacidad para ayudar a sanar la apariencia de cicatrices","breadcrumb":{"@id":"https:\/\/www.travelatmorocco.com\/es\/aceite-de-argan\/#breadcrumb"},"inLanguage":"en-US","potentialAction":[{"@type":"ReadAction","target":["https:\/\/www.travelatmorocco.com\/es\/aceite-de-argan\/"]}]},{"@type":"ImageObject","inLanguage":"en-US","@id":"https:\/\/www.travelatmorocco.com\/es\/aceite-de-argan\/#primaryimage","url":"https:\/\/www.travelatmorocco.com\/es\/wp-content\/uploads\/2024\/03\/Aceite-de-Argan-Marruecos.jpg","contentUrl":"https:\/\/www.travelatmorocco.com\/es\/wp-content\/uploads\/2024\/03\/Aceite-de-Argan-Marruecos.jpg","width":1055,"height":377,"caption":"aceite de arg\u00e1n"},{"@type":"BreadcrumbList","@id":"https:\/\/www.travelatmorocco.com\/es\/aceite-de-argan\/#breadcrumb","itemListElement":[{"@type":"ListItem","position":1,"name":"Home","item":"https:\/\/www.travelatmorocco.com\/es\/"},{"@type":"ListItem","position":2,"name":"Aceite de Arg\u00e1n"}]},{"@type":"WebSite","@id":"https:\/\/www.travelatmorocco.com\/es\/#website","url":"https:\/\/www.travelatmorocco.com\/es\/","name":"Travel At Morocco","description":"Viajes Por Marruecos - Aventura en el desierto","publisher":{"@id":"https:\/\/www.travelatmorocco.com\/es\/#organization"},"alternateName":"travelatmorocco.com","potentialAction":[{"@type":"SearchAction","target":{"@type":"EntryPoint","urlTemplate":"https:\/\/www.travelatmorocco.com\/es\/?s={search_term_string}"},"query-input":{"@type":"PropertyValueSpecification","valueRequired":true,"valueName":"search_term_string"}}],"inLanguage":"en-US"},{"@type":"Organization","@id":"https:\/\/www.travelatmorocco.com\/es\/#organization","name":"Travel At Morocco","url":"https:\/\/www.travelatmorocco.com\/es\/","logo":{"@type":"ImageObject","inLanguage":"en-US","@id":"https:\/\/www.travelatmorocco.com\/es\/#\/schema\/logo\/image\/","url":"https:\/\/www.travelatmorocco.com\/es\/wp-content\/uploads\/2022\/02\/logo_footer.png","contentUrl":"https:\/\/www.travelatmorocco.com\/es\/wp-content\/uploads\/2022\/02\/logo_footer.png","width":184,"height":90,"caption":"Travel At Morocco"},"image":{"@id":"https:\/\/www.travelatmorocco.com\/es\/#\/schema\/logo\/image\/"}}]}},"_links":{"self":[{"href":"https:\/\/www.travelatmorocco.com\/es\/wp-json\/wp\/v2\/pages\/13138","targetHints":{"allow":["GET"]}}],"collection":[{"href":"https:\/\/www.travelatmorocco.com\/es\/wp-json\/wp\/v2\/pages"}],"about":[{"href":"https:\/\/www.travelatmorocco.com\/es\/wp-json\/wp\/v2\/types\/page"}],"author":[{"embeddable":true,"href":"https:\/\/www.travelatmorocco.com\/es\/wp-json\/wp\/v2\/users\/1"}],"replies":[{"embeddable":true,"href":"https:\/\/www.travelatmorocco.com\/es\/wp-json\/wp\/v2\/comments?post=13138"}],"version-history":[{"count":18,"href":"https:\/\/www.travelatmorocco.com\/es\/wp-json\/wp\/v2\/pages\/13138\/revisions"}],"predecessor-version":[{"id":13163,"href":"https:\/\/www.travelatmorocco.com\/es\/wp-json\/wp\/v2\/pages\/13138\/revisions\/13163"}],"wp:featuredmedia":[{"embeddable":true,"href":"https:\/\/www.travelatmorocco.com\/es\/wp-json\/wp\/v2\/media\/13160"}],"wp:attachment":[{"href":"https:\/\/www.travelatmorocco.com\/es\/wp-json\/wp\/v2\/media?parent=13138"}],"curies":[{"name":"wp","href":"https:\/\/api.w.org\/{rel}","templated":true}]}}